{"id":12556,"date":"2025-07-08T18:25:15","date_gmt":"2025-07-08T16:25:15","guid":{"rendered":"https:\/\/atagbenelux.com\/downloads-atag-8-serie\/"},"modified":"2025-07-14T21:04:54","modified_gmt":"2025-07-14T19:04:54","slug":"telechargements-atag-serie-8","status":"publish","type":"page","link":"https:\/\/atagbenelux.com\/fr-be\/telechargements-atag-serie-8\/","title":{"rendered":"T\u00e9l\u00e9chargements ATAG s\u00e9rie 8"},"content":{"rendered":"\n<div class=\"wp-block-group is-layout-grid wp-container-core-group-is-layout-a9535673 wp-block-group-is-layout-grid\">\n<div class=\"wp-block-group has-border-color has-outline-border-color is-layout-flow wp-block-group-is-layout-flow\" style=\"border-width:1px;border-radius:6px;min-height:100%;padding-top:0;padding-right:0;padding-bottom:0;padding-left:0\">\n<h2 class=\"wp-block-heading has-text-align-center has-heading-color has-text-color has-large-font-size\" style=\"margin-top:var(--wp--preset--spacing--small);padding-right:var(--wp--preset--spacing--small);padding-left:var(--wp--preset--spacing--small)\">Brochure<\/h2>\n\n\n\n<div class=\"wp-block-buttons is-content-justification-center is-layout-flex wp-container-core-buttons-is-layout-7e3191e4 wp-block-buttons-is-layout-flex\" style=\"margin-bottom:var(--wp--preset--spacing--small);padding-right:var(--wp--preset--spacing--small);padding-left:var(--wp--preset--spacing--small)\">\n<div class=\"wp-block-button\"><a class=\"wp-block-button__link has-text-align-center wp-element-button\" href=\"https:\/\/atagbenelux.com\/wp-content\/uploads\/2025\/07\/ATAG2097_210x210_Productbrochure_Frans_Digital.pdf\">T\u00e9l\u00e9charger<\/a><\/div>\n<\/div>\n<\/div>\n\n\n\n<div class=\"wp-block-group has-border-color has-outline-border-color is-layout-flow wp-block-group-is-layout-flow\" style=\"border-width:1px;border-radius:6px;min-height:100%;padding-top:0;padding-right:0;padding-bottom:0;padding-left:0\">\n<h2 class=\"wp-block-heading has-text-align-center has-heading-color has-text-color has-large-font-size\" style=\"margin-top:var(--wp--preset--spacing--small);padding-right:var(--wp--preset--spacing--small);padding-left:var(--wp--preset--spacing--small)\">D\u00e9pliant<\/h2>\n\n\n\n<div class=\"wp-block-buttons is-content-justification-center is-layout-flex wp-container-core-buttons-is-layout-7e3191e4 wp-block-buttons-is-layout-flex\" style=\"margin-bottom:var(--wp--preset--spacing--small);padding-right:var(--wp--preset--spacing--small);padding-left:var(--wp--preset--spacing--small)\">\n<div class=\"wp-block-button\"><a class=\"wp-block-button__link has-text-align-center wp-element-button\" href=\"https:\/\/atagbenelux.com\/wp-content\/uploads\/2025\/07\/ATAG2125_A4-liggend-8-serie-flyer-leaflet_Frans_Digital.pdf\">T\u00e9l\u00e9charger<\/a><\/div>\n<\/div>\n<\/div>\n\n\n\n<div class=\"wp-block-group has-border-color has-outline-border-color is-layout-flow wp-block-group-is-layout-flow\" style=\"border-width:1px;border-radius:6px;min-height:100%;padding-top:0;padding-right:0;padding-bottom:0;padding-left:0\">\n<h2 class=\"wp-block-heading has-text-align-center has-heading-color has-text-color has-large-font-size\" style=\"margin-top:var(--wp--preset--spacing--small);padding-right:var(--wp--preset--spacing--small);padding-left:var(--wp--preset--spacing--small)\">Communiqu\u00e9 de presse<\/h2>\n\n\n\n<div class=\"wp-block-buttons is-content-justification-center is-layout-flex wp-container-core-buttons-is-layout-7e3191e4 wp-block-buttons-is-layout-flex\" style=\"margin-bottom:var(--wp--preset--spacing--small);padding-right:var(--wp--preset--spacing--small);padding-left:var(--wp--preset--spacing--small)\">\n<div class=\"wp-block-button\"><a class=\"wp-block-button__link has-text-align-center wp-element-button\" href=\"https:\/\/atagbenelux.com\/wp-content\/uploads\/2025\/07\/PB-ATAG-introduceert-de-8-serie-ovens-de-slimme-oven-die-voelt-wat-je-bedoelt-FR.pdf\">T\u00e9l\u00e9charger<\/a><\/div>\n<\/div>\n<\/div>\n\n\n\n<div class=\"wp-block-group has-border-color has-outline-border-color is-layout-flow wp-block-group-is-layout-flow\" style=\"border-width:1px;border-radius:6px;min-height:100%;padding-top:0;padding-right:0;padding-bottom:0;padding-left:0\">\n<h2 class=\"wp-block-heading has-text-align-center has-heading-color has-text-color has-large-font-size\" style=\"margin-top:var(--wp--preset--spacing--small);padding-right:var(--wp--preset--spacing--small);padding-left:var(--wp--preset--spacing--small)\">Annonces publicitaires<\/h2>\n\n\n\n<div class=\"wp-block-buttons is-content-justification-center is-layout-flex wp-container-core-buttons-is-layout-7e3191e4 wp-block-buttons-is-layout-flex\" style=\"margin-bottom:var(--wp--preset--spacing--small);padding-right:var(--wp--preset--spacing--small);padding-left:var(--wp--preset--spacing--small)\">\n<div class=\"wp-block-button\"><a class=\"wp-block-button__link has-text-align-center wp-element-button\" href=\"https:\/\/we.tl\/t-K5ZUsVVdur\" target=\"_blank\" rel=\"noopener noreferrer nofollow\">T\u00e9l\u00e9charger<\/a><\/div>\n<\/div>\n<\/div>\n\n\n\n<div class=\"wp-block-group has-border-color has-outline-border-color is-layout-flow wp-block-group-is-layout-flow\" style=\"border-width:1px;border-radius:6px;min-height:100%;padding-top:0;padding-right:0;padding-bottom:0;padding-left:0\">\n<h2 class=\"wp-block-heading has-text-align-center has-heading-color has-text-color has-large-font-size\" style=\"margin-top:var(--wp--preset--spacing--small);padding-right:var(--wp--preset--spacing--small);padding-left:var(--wp--preset--spacing--small)\">Images<\/h2>\n\n\n\n<div class=\"wp-block-buttons is-content-justification-center is-layout-flex wp-container-core-buttons-is-layout-7e3191e4 wp-block-buttons-is-layout-flex\" style=\"margin-bottom:var(--wp--preset--spacing--small);padding-right:var(--wp--preset--spacing--small);padding-left:var(--wp--preset--spacing--small)\">\n<div class=\"wp-block-button\"><a class=\"wp-block-button__link has-text-align-center wp-element-button\" href=\"https:\/\/we.tl\/t-IZdwv6MbWZ\" target=\"_blank\" rel=\"noopener noreferrer nofollow\">T\u00e9l\u00e9charger<\/a><\/div>\n<\/div>\n<\/div>\n\n\n\n<div class=\"wp-block-group has-border-color has-outline-border-color is-layout-flow wp-block-group-is-layout-flow\" style=\"border-width:1px;border-radius:6px;min-height:100%;padding-top:0;padding-right:0;padding-bottom:0;padding-left:0\">\n<h2 class=\"wp-block-heading has-text-align-center has-heading-color has-text-color has-large-font-size\" style=\"margin-top:var(--wp--preset--spacing--small);padding-right:var(--wp--preset--spacing--small);padding-left:var(--wp--preset--spacing--small)\">One-pager<\/h2>\n\n\n\n<div class=\"wp-block-buttons is-content-justification-center is-layout-flex wp-container-core-buttons-is-layout-7e3191e4 wp-block-buttons-is-layout-flex\" style=\"margin-bottom:var(--wp--preset--spacing--small);padding-right:var(--wp--preset--spacing--small);padding-left:var(--wp--preset--spacing--small)\">\n<div class=\"wp-block-button\"><a class=\"wp-block-button__link has-text-align-center wp-element-button\" href=\"https:\/\/we.tl\/t-7CiAL6K13A\" target=\"_blank\" rel=\"noopener noreferrer nofollow\">T\u00e9l\u00e9charger<\/a><\/div>\n<\/div>\n<\/div>\n\n\n\n<div class=\"wp-block-group has-border-color has-outline-border-color is-layout-flow wp-block-group-is-layout-flow\" style=\"border-width:1px;border-radius:6px;min-height:100%;padding-top:0;padding-right:0;padding-bottom:0;padding-left:0\">\n<h2 class=\"wp-block-heading has-text-align-center has-heading-color has-text-color has-large-font-size\" style=\"margin-top:var(--wp--preset--spacing--small);padding-right:var(--wp--preset--spacing--small);padding-left:var(--wp--preset--spacing--small)\">R\u00e9seaux sociaux<\/h2>\n\n\n\n<div class=\"wp-block-buttons is-content-justification-center is-layout-flex wp-container-core-buttons-is-layout-7e3191e4 wp-block-buttons-is-layout-flex\" style=\"margin-bottom:var(--wp--preset--spacing--small);padding-right:var(--wp--preset--spacing--small);padding-left:var(--wp--preset--spacing--small)\">\n<div class=\"wp-block-button\"><a class=\"wp-block-button__link has-text-align-center wp-element-button\" href=\"https:\/\/we.tl\/t-OQl35deZcJ\" target=\"_blank\" rel=\"noopener noreferrer nofollow\">T\u00e9l\u00e9charger<\/a><\/div>\n<\/div>\n<\/div>\n\n\n\n<div class=\"wp-block-group has-border-color has-outline-border-color is-layout-flow wp-block-group-is-layout-flow\" style=\"border-width:1px;border-radius:6px;min-height:100%;padding-top:0;padding-right:0;padding-bottom:0;padding-left:0\">\n<h2 class=\"wp-block-heading has-text-align-center has-heading-color has-text-color has-large-font-size\" style=\"margin-top:var(--wp--preset--spacing--small);padding-right:var(--wp--preset--spacing--small);padding-left:var(--wp--preset--spacing--small)\">Publicit\u00e9s sans traits de coupe ni fond perdu<\/h2>\n\n\n\n<div class=\"wp-block-buttons is-content-justification-center is-layout-flex wp-container-core-buttons-is-layout-7e3191e4 wp-block-buttons-is-layout-flex\" style=\"margin-bottom:var(--wp--preset--spacing--small);padding-right:var(--wp--preset--spacing--small);padding-left:var(--wp--preset--spacing--small)\">\n<div class=\"wp-block-button\"><a class=\"wp-block-button__link has-text-align-center wp-element-button\" href=\"https:\/\/we.tl\/t-PwD5OxB0XV\" target=\"_blank\" rel=\"noopener noreferrer nofollow\">T\u00e9l\u00e9charger<\/a><\/div>\n<\/div>\n<\/div>\n<\/div>\n","protected":false},"excerpt":{"rendered":"<p>Brochure D\u00e9pliant Communiqu\u00e9 de presse Annonces publicitaires Images One-pager R\u00e9seaux sociaux Publicit\u00e9s sans traits de coupe ni fond perdu<\/p>\n","protected":false},"author":1,"featured_media":12470,"parent":0,"menu_order":0,"comment_status":"closed","ping_status":"closed","template":"","meta":{"_swt_meta_header_display":false,"_swt_meta_footer_display":false,"_swt_meta_site_title_display":false,"_swt_meta_sticky_header":false,"_swt_meta_transparent_header":false,"footnotes":""},"class_list":["post-12556","page","type-page","status-publish","has-post-thumbnail","hentry"],"yoast_head":"<!-- This site is optimized with the Yoast SEO plugin v27.5 - https:\/\/yoast.com\/product\/yoast-seo-wordpress\/ -->\n<title>T\u00e9l\u00e9chargements ATAG s\u00e9rie 8 - ATAG Benelux<\/title>\n<meta name=\"description\" content=\"La nouvelle s\u00e9rie 8 de fours ATAG a \u00e9t\u00e9 con\u00e7ue pour les passionn\u00e9s de cuisine qui aspirent \u00e0 la perfection et souhaitent cuisiner chez eux comme un chef.\" \/>\n<meta name=\"robots\" content=\"index, follow, max-snippet:-1, max-image-preview:large, max-video-preview:-1\" \/>\n<link rel=\"canonical\" href=\"https:\/\/atagbenelux.com\/fr-be\/telechargements-atag-serie-8\/\" \/>\n<meta property=\"og:locale\" content=\"fr_FR\" \/>\n<meta property=\"og:type\" content=\"article\" \/>\n<meta property=\"og:title\" content=\"T\u00e9l\u00e9chargements ATAG s\u00e9rie 8 - ATAG Benelux\" \/>\n<meta property=\"og:description\" content=\"La nouvelle s\u00e9rie 8 de fours ATAG a \u00e9t\u00e9 con\u00e7ue pour les passionn\u00e9s de cuisine qui aspirent \u00e0 la perfection et souhaitent cuisiner chez eux comme un chef.\" \/>\n<meta property=\"og:url\" content=\"https:\/\/atagbenelux.com\/fr-be\/telechargements-atag-serie-8\/\" \/>\n<meta property=\"og:site_name\" content=\"ATAG Benelux\" \/>\n<meta property=\"article:publisher\" content=\"https:\/\/www.facebook.com\/atagnl\/\" \/>\n<meta property=\"article:modified_time\" content=\"2025-07-14T19:04:54+00:00\" \/>\n<meta property=\"og:image\" content=\"https:\/\/atagbenelux.com\/wp-content\/uploads\/2025\/07\/ATAG-8-serie-ovens-5-Graphite-medium.jpg\" \/>\n\t<meta property=\"og:image:width\" content=\"1600\" \/>\n\t<meta property=\"og:image:height\" content=\"1600\" \/>\n\t<meta property=\"og:image:type\" content=\"image\/jpeg\" \/>\n<meta name=\"twitter:card\" content=\"summary_large_image\" \/>\n<meta name=\"twitter:label1\" content=\"Dur\u00e9e de lecture est.\" \/>\n\t<meta name=\"twitter:data1\" content=\"1 minute\" \/>\n<script type=\"application\/ld+json\" class=\"yoast-schema-graph\">{\"@context\":\"https:\\\/\\\/schema.org\",\"@graph\":[{\"@type\":\"WebPage\",\"@id\":\"https:\\\/\\\/atagbenelux.com\\\/fr-be\\\/telechargements-atag-serie-8\\\/\",\"url\":\"https:\\\/\\\/atagbenelux.com\\\/fr-be\\\/telechargements-atag-serie-8\\\/\",\"name\":\"T\u00e9l\u00e9chargements ATAG s\u00e9rie 8 - ATAG Benelux\",\"isPartOf\":{\"@id\":\"https:\\\/\\\/atagbenelux.com\\\/fr-be\\\/#website\"},\"primaryImageOfPage\":{\"@id\":\"https:\\\/\\\/atagbenelux.com\\\/fr-be\\\/telechargements-atag-serie-8\\\/#primaryimage\"},\"image\":{\"@id\":\"https:\\\/\\\/atagbenelux.com\\\/fr-be\\\/telechargements-atag-serie-8\\\/#primaryimage\"},\"thumbnailUrl\":\"https:\\\/\\\/atagbenelux.com\\\/wp-content\\\/uploads\\\/2025\\\/07\\\/ATAG-8-serie-ovens-5-Graphite-medium.jpg\",\"datePublished\":\"2025-07-08T16:25:15+00:00\",\"dateModified\":\"2025-07-14T19:04:54+00:00\",\"description\":\"La nouvelle s\u00e9rie 8 de fours ATAG a \u00e9t\u00e9 con\u00e7ue pour les passionn\u00e9s de cuisine qui aspirent \u00e0 la perfection et souhaitent cuisiner chez eux comme un chef.\",\"breadcrumb\":{\"@id\":\"https:\\\/\\\/atagbenelux.com\\\/fr-be\\\/telechargements-atag-serie-8\\\/#breadcrumb\"},\"inLanguage\":\"fr-BE\",\"potentialAction\":[{\"@type\":\"ReadAction\",\"target\":[\"https:\\\/\\\/atagbenelux.com\\\/fr-be\\\/telechargements-atag-serie-8\\\/\"]}]},{\"@type\":\"ImageObject\",\"inLanguage\":\"fr-BE\",\"@id\":\"https:\\\/\\\/atagbenelux.com\\\/fr-be\\\/telechargements-atag-serie-8\\\/#primaryimage\",\"url\":\"https:\\\/\\\/atagbenelux.com\\\/wp-content\\\/uploads\\\/2025\\\/07\\\/ATAG-8-serie-ovens-5-Graphite-medium.jpg\",\"contentUrl\":\"https:\\\/\\\/atagbenelux.com\\\/wp-content\\\/uploads\\\/2025\\\/07\\\/ATAG-8-serie-ovens-5-Graphite-medium.jpg\",\"width\":1600,\"height\":1600},{\"@type\":\"BreadcrumbList\",\"@id\":\"https:\\\/\\\/atagbenelux.com\\\/fr-be\\\/telechargements-atag-serie-8\\\/#breadcrumb\",\"itemListElement\":[{\"@type\":\"ListItem\",\"position\":1,\"name\":\"Home\",\"item\":\"https:\\\/\\\/atagbenelux.com\\\/fr-be\\\/\"},{\"@type\":\"ListItem\",\"position\":2,\"name\":\"T\u00e9l\u00e9chargements ATAG s\u00e9rie 8\"}]},{\"@type\":\"WebSite\",\"@id\":\"https:\\\/\\\/atagbenelux.com\\\/fr-be\\\/#website\",\"url\":\"https:\\\/\\\/atagbenelux.com\\\/fr-be\\\/\",\"name\":\"ATAG Benelux\",\"description\":\"Uw partner in keukenapparatuur en consumentenelektronica\",\"publisher\":{\"@id\":\"https:\\\/\\\/atagbenelux.com\\\/fr-be\\\/#organization\"},\"potentialAction\":[{\"@type\":\"SearchAction\",\"target\":{\"@type\":\"EntryPoint\",\"urlTemplate\":\"https:\\\/\\\/atagbenelux.com\\\/fr-be\\\/?s={search_term_string}\"},\"query-input\":{\"@type\":\"PropertyValueSpecification\",\"valueRequired\":true,\"valueName\":\"search_term_string\"}}],\"inLanguage\":\"fr-BE\"},{\"@type\":\"Organization\",\"@id\":\"https:\\\/\\\/atagbenelux.com\\\/fr-be\\\/#organization\",\"name\":\"ATAG Benelux\",\"url\":\"https:\\\/\\\/atagbenelux.com\\\/fr-be\\\/\",\"logo\":{\"@type\":\"ImageObject\",\"inLanguage\":\"fr-BE\",\"@id\":\"https:\\\/\\\/atagbenelux.com\\\/fr-be\\\/#\\\/schema\\\/logo\\\/image\\\/\",\"url\":\"https:\\\/\\\/atagbenelux.com\\\/wp-content\\\/uploads\\\/2025\\\/05\\\/ATAG-LOGO-BENELUX-RGB.png\",\"contentUrl\":\"https:\\\/\\\/atagbenelux.com\\\/wp-content\\\/uploads\\\/2025\\\/05\\\/ATAG-LOGO-BENELUX-RGB.png\",\"width\":2008,\"height\":768,\"caption\":\"ATAG Benelux\"},\"image\":{\"@id\":\"https:\\\/\\\/atagbenelux.com\\\/fr-be\\\/#\\\/schema\\\/logo\\\/image\\\/\"},\"sameAs\":[\"https:\\\/\\\/www.facebook.com\\\/atagnl\\\/\",\"https:\\\/\\\/www.linkedin.com\\\/company\\\/atagbenelux\",\"https:\\\/\\\/www.instagram.com\\\/atag.nl\\\/\",\"https:\\\/\\\/www.youtube.com\\\/user\\\/ATAGTV\",\"https:\\\/\\\/nl.pinterest.com\\\/atagnl\\\/\"]}]}<\/script>\n<!-- \/ Yoast SEO plugin. -->","yoast_head_json":{"title":"T\u00e9l\u00e9chargements ATAG s\u00e9rie 8 - ATAG Benelux","description":"La nouvelle s\u00e9rie 8 de fours ATAG a \u00e9t\u00e9 con\u00e7ue pour les passionn\u00e9s de cuisine qui aspirent \u00e0 la perfection et souhaitent cuisiner chez eux comme un chef.","robots":{"index":"index","follow":"follow","max-snippet":"max-snippet:-1","max-image-preview":"max-image-preview:large","max-video-preview":"max-video-preview:-1"},"canonical":"https:\/\/atagbenelux.com\/fr-be\/telechargements-atag-serie-8\/","og_locale":"fr_FR","og_type":"article","og_title":"T\u00e9l\u00e9chargements ATAG s\u00e9rie 8 - ATAG Benelux","og_description":"La nouvelle s\u00e9rie 8 de fours ATAG a \u00e9t\u00e9 con\u00e7ue pour les passionn\u00e9s de cuisine qui aspirent \u00e0 la perfection et souhaitent cuisiner chez eux comme un chef.","og_url":"https:\/\/atagbenelux.com\/fr-be\/telechargements-atag-serie-8\/","og_site_name":"ATAG Benelux","article_publisher":"https:\/\/www.facebook.com\/atagnl\/","article_modified_time":"2025-07-14T19:04:54+00:00","og_image":[{"width":1600,"height":1600,"url":"https:\/\/atagbenelux.com\/wp-content\/uploads\/2025\/07\/ATAG-8-serie-ovens-5-Graphite-medium.jpg","type":"image\/jpeg"}],"twitter_card":"summary_large_image","twitter_misc":{"Dur\u00e9e de lecture est.":"1 minute"},"schema":{"@context":"https:\/\/schema.org","@graph":[{"@type":"WebPage","@id":"https:\/\/atagbenelux.com\/fr-be\/telechargements-atag-serie-8\/","url":"https:\/\/atagbenelux.com\/fr-be\/telechargements-atag-serie-8\/","name":"T\u00e9l\u00e9chargements ATAG s\u00e9rie 8 - ATAG Benelux","isPartOf":{"@id":"https:\/\/atagbenelux.com\/fr-be\/#website"},"primaryImageOfPage":{"@id":"https:\/\/atagbenelux.com\/fr-be\/telechargements-atag-serie-8\/#primaryimage"},"image":{"@id":"https:\/\/atagbenelux.com\/fr-be\/telechargements-atag-serie-8\/#primaryimage"},"thumbnailUrl":"https:\/\/atagbenelux.com\/wp-content\/uploads\/2025\/07\/ATAG-8-serie-ovens-5-Graphite-medium.jpg","datePublished":"2025-07-08T16:25:15+00:00","dateModified":"2025-07-14T19:04:54+00:00","description":"La nouvelle s\u00e9rie 8 de fours ATAG a \u00e9t\u00e9 con\u00e7ue pour les passionn\u00e9s de cuisine qui aspirent \u00e0 la perfection et souhaitent cuisiner chez eux comme un chef.","breadcrumb":{"@id":"https:\/\/atagbenelux.com\/fr-be\/telechargements-atag-serie-8\/#breadcrumb"},"inLanguage":"fr-BE","potentialAction":[{"@type":"ReadAction","target":["https:\/\/atagbenelux.com\/fr-be\/telechargements-atag-serie-8\/"]}]},{"@type":"ImageObject","inLanguage":"fr-BE","@id":"https:\/\/atagbenelux.com\/fr-be\/telechargements-atag-serie-8\/#primaryimage","url":"https:\/\/atagbenelux.com\/wp-content\/uploads\/2025\/07\/ATAG-8-serie-ovens-5-Graphite-medium.jpg","contentUrl":"https:\/\/atagbenelux.com\/wp-content\/uploads\/2025\/07\/ATAG-8-serie-ovens-5-Graphite-medium.jpg","width":1600,"height":1600},{"@type":"BreadcrumbList","@id":"https:\/\/atagbenelux.com\/fr-be\/telechargements-atag-serie-8\/#breadcrumb","itemListElement":[{"@type":"ListItem","position":1,"name":"Home","item":"https:\/\/atagbenelux.com\/fr-be\/"},{"@type":"ListItem","position":2,"name":"T\u00e9l\u00e9chargements ATAG s\u00e9rie 8"}]},{"@type":"WebSite","@id":"https:\/\/atagbenelux.com\/fr-be\/#website","url":"https:\/\/atagbenelux.com\/fr-be\/","name":"ATAG Benelux","description":"Uw partner in keukenapparatuur en consumentenelektronica","publisher":{"@id":"https:\/\/atagbenelux.com\/fr-be\/#organization"},"potentialAction":[{"@type":"SearchAction","target":{"@type":"EntryPoint","urlTemplate":"https:\/\/atagbenelux.com\/fr-be\/?s={search_term_string}"},"query-input":{"@type":"PropertyValueSpecification","valueRequired":true,"valueName":"search_term_string"}}],"inLanguage":"fr-BE"},{"@type":"Organization","@id":"https:\/\/atagbenelux.com\/fr-be\/#organization","name":"ATAG Benelux","url":"https:\/\/atagbenelux.com\/fr-be\/","logo":{"@type":"ImageObject","inLanguage":"fr-BE","@id":"https:\/\/atagbenelux.com\/fr-be\/#\/schema\/logo\/image\/","url":"https:\/\/atagbenelux.com\/wp-content\/uploads\/2025\/05\/ATAG-LOGO-BENELUX-RGB.png","contentUrl":"https:\/\/atagbenelux.com\/wp-content\/uploads\/2025\/05\/ATAG-LOGO-BENELUX-RGB.png","width":2008,"height":768,"caption":"ATAG Benelux"},"image":{"@id":"https:\/\/atagbenelux.com\/fr-be\/#\/schema\/logo\/image\/"},"sameAs":["https:\/\/www.facebook.com\/atagnl\/","https:\/\/www.linkedin.com\/company\/atagbenelux","https:\/\/www.instagram.com\/atag.nl\/","https:\/\/www.youtube.com\/user\/ATAGTV","https:\/\/nl.pinterest.com\/atagnl\/"]}]}},"_links":{"self":[{"href":"https:\/\/atagbenelux.com\/fr-be\/wp-json\/wp\/v2\/pages\/12556","targetHints":{"allow":["GET"]}}],"collection":[{"href":"https:\/\/atagbenelux.com\/fr-be\/wp-json\/wp\/v2\/pages"}],"about":[{"href":"https:\/\/atagbenelux.com\/fr-be\/wp-json\/wp\/v2\/types\/page"}],"author":[{"embeddable":true,"href":"https:\/\/atagbenelux.com\/fr-be\/wp-json\/wp\/v2\/users\/1"}],"replies":[{"embeddable":true,"href":"https:\/\/atagbenelux.com\/fr-be\/wp-json\/wp\/v2\/comments?post=12556"}],"version-history":[{"count":3,"href":"https:\/\/atagbenelux.com\/fr-be\/wp-json\/wp\/v2\/pages\/12556\/revisions"}],"predecessor-version":[{"id":12570,"href":"https:\/\/atagbenelux.com\/fr-be\/wp-json\/wp\/v2\/pages\/12556\/revisions\/12570"}],"wp:featuredmedia":[{"embeddable":true,"href":"https:\/\/atagbenelux.com\/fr-be\/wp-json\/wp\/v2\/media\/12470"}],"wp:attachment":[{"href":"https:\/\/atagbenelux.com\/fr-be\/wp-json\/wp\/v2\/media?parent=12556"}],"curies":[{"name":"wp","href":"https:\/\/api.w.org\/{rel}","templated":true}]}}