{"id":11022,"date":"2020-05-18T08:17:00","date_gmt":"2020-05-18T06:17:00","guid":{"rendered":"https:\/\/atagbenelux.com\/projets\/"},"modified":"2025-07-03T09:01:59","modified_gmt":"2025-07-03T07:01:59","slug":"projets","status":"publish","type":"page","link":"https:\/\/atagbenelux.com\/fr-be\/projets\/","title":{"rendered":"Projets"},"content":{"rendered":"\n<h2 class=\"wp-block-heading\">Bienvenue chez ATAG Projets<\/h2>\n\n\n\n<p>Sur le march\u00e9 des projets, il ne s&rsquo;agit plus uniquement d&rsquo;appareils de cuisine. Chez ATAG Benelux, nous en sommes pleinement conscients. L&rsquo;essentiel r\u00e9side d\u00e9sormais dans des solutions globales pour r\u00e9pondre aux enjeux actuels et futurs, tels que la transition \u00e9nerg\u00e9tique, la qualit\u00e9 de l\u2019air, la construction circulaire et une prise en charge compl\u00e8te. ATAG Benelux se fait un plaisir de concr\u00e9tiser ces solutions pour vous, sous le nom d\u2019ATAG Solutions.<\/p>\n\n\n\n<p>Des solutions globales avec un objectif final : la satisfaction, la v\u00f4tre comme celle de vos clients.<\/p>\n","protected":false},"excerpt":{"rendered":"<p>Bienvenue chez ATAG Projets Sur le march\u00e9 des projets, il ne s&rsquo;agit plus uniquement d&rsquo;appareils de cuisine. Chez ATAG Benelux, nous en sommes pleinement conscients. L&rsquo;essentiel r\u00e9side d\u00e9sormais dans des solutions globales pour r\u00e9pondre aux enjeux actuels et futurs, tels que la transition \u00e9nerg\u00e9tique, la qualit\u00e9 de l\u2019air, la construction circulaire et une prise en [&hellip;]<\/p>\n","protected":false},"author":2,"featured_media":2336,"parent":0,"menu_order":0,"comment_status":"closed","ping_status":"closed","template":"pagina-zijbalk-2","meta":{"_swt_meta_header_display":false,"_swt_meta_footer_display":false,"_swt_meta_site_title_display":false,"_swt_meta_sticky_header":false,"_swt_meta_transparent_header":false,"footnotes":""},"class_list":["post-11022","page","type-page","status-publish","has-post-thumbnail","hentry"],"yoast_head":"<!-- This site is optimized with the Yoast SEO plugin v27.5 - https:\/\/yoast.com\/product\/yoast-seo-wordpress\/ -->\n<title>Projets - ATAG Benelux<\/title>\n<meta name=\"description\" content=\"ATAG Projects opte pour des solutions globales avec pour objectif ultime la satisfaction du client, tant de votre part que de celle de vos clients. V\u00e9rifiez les options.\" \/>\n<meta name=\"robots\" content=\"index, follow, max-snippet:-1, max-image-preview:large, max-video-preview:-1\" \/>\n<link rel=\"canonical\" href=\"https:\/\/atagbenelux.com\/fr-be\/projets\/\" \/>\n<meta property=\"og:locale\" content=\"fr_FR\" \/>\n<meta property=\"og:type\" content=\"article\" \/>\n<meta property=\"og:title\" content=\"Projets - ATAG Benelux\" \/>\n<meta property=\"og:description\" content=\"ATAG Projects opte pour des solutions globales avec pour objectif ultime la satisfaction du client, tant de votre part que de celle de vos clients. V\u00e9rifiez les options.\" \/>\n<meta property=\"og:url\" content=\"https:\/\/atagbenelux.com\/fr-be\/projets\/\" \/>\n<meta property=\"og:site_name\" content=\"ATAG Benelux\" \/>\n<meta property=\"article:publisher\" content=\"https:\/\/www.facebook.com\/atagnl\/\" \/>\n<meta property=\"article:modified_time\" content=\"2025-07-03T07:01:59+00:00\" \/>\n<meta property=\"og:image\" content=\"https:\/\/atagbenelux.com\/wp-content\/uploads\/2020\/05\/GroeneKaap.jpg\" \/>\n\t<meta property=\"og:image:width\" content=\"636\" \/>\n\t<meta property=\"og:image:height\" content=\"357\" \/>\n\t<meta property=\"og:image:type\" content=\"image\/jpeg\" \/>\n<meta name=\"twitter:card\" content=\"summary_large_image\" \/>\n<meta name=\"twitter:label1\" content=\"Dur\u00e9e de lecture est.\" \/>\n\t<meta name=\"twitter:data1\" content=\"1 minute\" \/>\n<script type=\"application\/ld+json\" class=\"yoast-schema-graph\">{\"@context\":\"https:\\\/\\\/schema.org\",\"@graph\":[{\"@type\":\"WebPage\",\"@id\":\"https:\\\/\\\/atagbenelux.com\\\/fr-be\\\/projets\\\/\",\"url\":\"https:\\\/\\\/atagbenelux.com\\\/fr-be\\\/projets\\\/\",\"name\":\"Projets - ATAG Benelux\",\"isPartOf\":{\"@id\":\"https:\\\/\\\/atagbenelux.com\\\/fr-be\\\/#website\"},\"primaryImageOfPage\":{\"@id\":\"https:\\\/\\\/atagbenelux.com\\\/fr-be\\\/projets\\\/#primaryimage\"},\"image\":{\"@id\":\"https:\\\/\\\/atagbenelux.com\\\/fr-be\\\/projets\\\/#primaryimage\"},\"thumbnailUrl\":\"https:\\\/\\\/atagbenelux.com\\\/wp-content\\\/uploads\\\/2020\\\/05\\\/GroeneKaap.jpg\",\"datePublished\":\"2020-05-18T06:17:00+00:00\",\"dateModified\":\"2025-07-03T07:01:59+00:00\",\"description\":\"ATAG Projects opte pour des solutions globales avec pour objectif ultime la satisfaction du client, tant de votre part que de celle de vos clients. V\u00e9rifiez les options.\",\"breadcrumb\":{\"@id\":\"https:\\\/\\\/atagbenelux.com\\\/fr-be\\\/projets\\\/#breadcrumb\"},\"inLanguage\":\"fr-BE\",\"potentialAction\":[{\"@type\":\"ReadAction\",\"target\":[\"https:\\\/\\\/atagbenelux.com\\\/fr-be\\\/projets\\\/\"]}]},{\"@type\":\"ImageObject\",\"inLanguage\":\"fr-BE\",\"@id\":\"https:\\\/\\\/atagbenelux.com\\\/fr-be\\\/projets\\\/#primaryimage\",\"url\":\"https:\\\/\\\/atagbenelux.com\\\/wp-content\\\/uploads\\\/2020\\\/05\\\/GroeneKaap.jpg\",\"contentUrl\":\"https:\\\/\\\/atagbenelux.com\\\/wp-content\\\/uploads\\\/2020\\\/05\\\/GroeneKaap.jpg\",\"width\":636,\"height\":357},{\"@type\":\"BreadcrumbList\",\"@id\":\"https:\\\/\\\/atagbenelux.com\\\/fr-be\\\/projets\\\/#breadcrumb\",\"itemListElement\":[{\"@type\":\"ListItem\",\"position\":1,\"name\":\"Home\",\"item\":\"https:\\\/\\\/atagbenelux.com\\\/fr-be\\\/\"},{\"@type\":\"ListItem\",\"position\":2,\"name\":\"Projets\"}]},{\"@type\":\"WebSite\",\"@id\":\"https:\\\/\\\/atagbenelux.com\\\/fr-be\\\/#website\",\"url\":\"https:\\\/\\\/atagbenelux.com\\\/fr-be\\\/\",\"name\":\"ATAG Benelux\",\"description\":\"Uw partner in keukenapparatuur en consumentenelektronica\",\"publisher\":{\"@id\":\"https:\\\/\\\/atagbenelux.com\\\/fr-be\\\/#organization\"},\"potentialAction\":[{\"@type\":\"SearchAction\",\"target\":{\"@type\":\"EntryPoint\",\"urlTemplate\":\"https:\\\/\\\/atagbenelux.com\\\/fr-be\\\/?s={search_term_string}\"},\"query-input\":{\"@type\":\"PropertyValueSpecification\",\"valueRequired\":true,\"valueName\":\"search_term_string\"}}],\"inLanguage\":\"fr-BE\"},{\"@type\":\"Organization\",\"@id\":\"https:\\\/\\\/atagbenelux.com\\\/fr-be\\\/#organization\",\"name\":\"ATAG Benelux\",\"url\":\"https:\\\/\\\/atagbenelux.com\\\/fr-be\\\/\",\"logo\":{\"@type\":\"ImageObject\",\"inLanguage\":\"fr-BE\",\"@id\":\"https:\\\/\\\/atagbenelux.com\\\/fr-be\\\/#\\\/schema\\\/logo\\\/image\\\/\",\"url\":\"https:\\\/\\\/atagbenelux.com\\\/wp-content\\\/uploads\\\/2025\\\/05\\\/ATAG-LOGO-BENELUX-RGB.png\",\"contentUrl\":\"https:\\\/\\\/atagbenelux.com\\\/wp-content\\\/uploads\\\/2025\\\/05\\\/ATAG-LOGO-BENELUX-RGB.png\",\"width\":2008,\"height\":768,\"caption\":\"ATAG Benelux\"},\"image\":{\"@id\":\"https:\\\/\\\/atagbenelux.com\\\/fr-be\\\/#\\\/schema\\\/logo\\\/image\\\/\"},\"sameAs\":[\"https:\\\/\\\/www.facebook.com\\\/atagnl\\\/\",\"https:\\\/\\\/www.linkedin.com\\\/company\\\/atagbenelux\",\"https:\\\/\\\/www.instagram.com\\\/atag.nl\\\/\",\"https:\\\/\\\/www.youtube.com\\\/user\\\/ATAGTV\",\"https:\\\/\\\/nl.pinterest.com\\\/atagnl\\\/\"]}]}<\/script>\n<!-- \/ Yoast SEO plugin. -->","yoast_head_json":{"title":"Projets - ATAG Benelux","description":"ATAG Projects opte pour des solutions globales avec pour objectif ultime la satisfaction du client, tant de votre part que de celle de vos clients. V\u00e9rifiez les options.","robots":{"index":"index","follow":"follow","max-snippet":"max-snippet:-1","max-image-preview":"max-image-preview:large","max-video-preview":"max-video-preview:-1"},"canonical":"https:\/\/atagbenelux.com\/fr-be\/projets\/","og_locale":"fr_FR","og_type":"article","og_title":"Projets - ATAG Benelux","og_description":"ATAG Projects opte pour des solutions globales avec pour objectif ultime la satisfaction du client, tant de votre part que de celle de vos clients. V\u00e9rifiez les options.","og_url":"https:\/\/atagbenelux.com\/fr-be\/projets\/","og_site_name":"ATAG Benelux","article_publisher":"https:\/\/www.facebook.com\/atagnl\/","article_modified_time":"2025-07-03T07:01:59+00:00","og_image":[{"width":636,"height":357,"url":"https:\/\/atagbenelux.com\/wp-content\/uploads\/2020\/05\/GroeneKaap.jpg","type":"image\/jpeg"}],"twitter_card":"summary_large_image","twitter_misc":{"Dur\u00e9e de lecture est.":"1 minute"},"schema":{"@context":"https:\/\/schema.org","@graph":[{"@type":"WebPage","@id":"https:\/\/atagbenelux.com\/fr-be\/projets\/","url":"https:\/\/atagbenelux.com\/fr-be\/projets\/","name":"Projets - ATAG Benelux","isPartOf":{"@id":"https:\/\/atagbenelux.com\/fr-be\/#website"},"primaryImageOfPage":{"@id":"https:\/\/atagbenelux.com\/fr-be\/projets\/#primaryimage"},"image":{"@id":"https:\/\/atagbenelux.com\/fr-be\/projets\/#primaryimage"},"thumbnailUrl":"https:\/\/atagbenelux.com\/wp-content\/uploads\/2020\/05\/GroeneKaap.jpg","datePublished":"2020-05-18T06:17:00+00:00","dateModified":"2025-07-03T07:01:59+00:00","description":"ATAG Projects opte pour des solutions globales avec pour objectif ultime la satisfaction du client, tant de votre part que de celle de vos clients. V\u00e9rifiez les options.","breadcrumb":{"@id":"https:\/\/atagbenelux.com\/fr-be\/projets\/#breadcrumb"},"inLanguage":"fr-BE","potentialAction":[{"@type":"ReadAction","target":["https:\/\/atagbenelux.com\/fr-be\/projets\/"]}]},{"@type":"ImageObject","inLanguage":"fr-BE","@id":"https:\/\/atagbenelux.com\/fr-be\/projets\/#primaryimage","url":"https:\/\/atagbenelux.com\/wp-content\/uploads\/2020\/05\/GroeneKaap.jpg","contentUrl":"https:\/\/atagbenelux.com\/wp-content\/uploads\/2020\/05\/GroeneKaap.jpg","width":636,"height":357},{"@type":"BreadcrumbList","@id":"https:\/\/atagbenelux.com\/fr-be\/projets\/#breadcrumb","itemListElement":[{"@type":"ListItem","position":1,"name":"Home","item":"https:\/\/atagbenelux.com\/fr-be\/"},{"@type":"ListItem","position":2,"name":"Projets"}]},{"@type":"WebSite","@id":"https:\/\/atagbenelux.com\/fr-be\/#website","url":"https:\/\/atagbenelux.com\/fr-be\/","name":"ATAG Benelux","description":"Uw partner in keukenapparatuur en consumentenelektronica","publisher":{"@id":"https:\/\/atagbenelux.com\/fr-be\/#organization"},"potentialAction":[{"@type":"SearchAction","target":{"@type":"EntryPoint","urlTemplate":"https:\/\/atagbenelux.com\/fr-be\/?s={search_term_string}"},"query-input":{"@type":"PropertyValueSpecification","valueRequired":true,"valueName":"search_term_string"}}],"inLanguage":"fr-BE"},{"@type":"Organization","@id":"https:\/\/atagbenelux.com\/fr-be\/#organization","name":"ATAG Benelux","url":"https:\/\/atagbenelux.com\/fr-be\/","logo":{"@type":"ImageObject","inLanguage":"fr-BE","@id":"https:\/\/atagbenelux.com\/fr-be\/#\/schema\/logo\/image\/","url":"https:\/\/atagbenelux.com\/wp-content\/uploads\/2025\/05\/ATAG-LOGO-BENELUX-RGB.png","contentUrl":"https:\/\/atagbenelux.com\/wp-content\/uploads\/2025\/05\/ATAG-LOGO-BENELUX-RGB.png","width":2008,"height":768,"caption":"ATAG Benelux"},"image":{"@id":"https:\/\/atagbenelux.com\/fr-be\/#\/schema\/logo\/image\/"},"sameAs":["https:\/\/www.facebook.com\/atagnl\/","https:\/\/www.linkedin.com\/company\/atagbenelux","https:\/\/www.instagram.com\/atag.nl\/","https:\/\/www.youtube.com\/user\/ATAGTV","https:\/\/nl.pinterest.com\/atagnl\/"]}]}},"_links":{"self":[{"href":"https:\/\/atagbenelux.com\/fr-be\/wp-json\/wp\/v2\/pages\/11022","targetHints":{"allow":["GET"]}}],"collection":[{"href":"https:\/\/atagbenelux.com\/fr-be\/wp-json\/wp\/v2\/pages"}],"about":[{"href":"https:\/\/atagbenelux.com\/fr-be\/wp-json\/wp\/v2\/types\/page"}],"author":[{"embeddable":true,"href":"https:\/\/atagbenelux.com\/fr-be\/wp-json\/wp\/v2\/users\/2"}],"replies":[{"embeddable":true,"href":"https:\/\/atagbenelux.com\/fr-be\/wp-json\/wp\/v2\/comments?post=11022"}],"version-history":[{"count":2,"href":"https:\/\/atagbenelux.com\/fr-be\/wp-json\/wp\/v2\/pages\/11022\/revisions"}],"predecessor-version":[{"id":11045,"href":"https:\/\/atagbenelux.com\/fr-be\/wp-json\/wp\/v2\/pages\/11022\/revisions\/11045"}],"wp:featuredmedia":[{"embeddable":true,"href":"https:\/\/atagbenelux.com\/fr-be\/wp-json\/wp\/v2\/media\/2336"}],"wp:attachment":[{"href":"https:\/\/atagbenelux.com\/fr-be\/wp-json\/wp\/v2\/media?parent=11022"}],"curies":[{"name":"wp","href":"https:\/\/api.w.org\/{rel}","templated":true}]}}