{"id":11020,"date":"2019-07-01T13:18:00","date_gmt":"2019-07-01T11:18:00","guid":{"rendered":"https:\/\/atagbenelux.com\/a-propos-de-nous\/"},"modified":"2025-07-01T13:50:48","modified_gmt":"2025-07-01T11:50:48","slug":"a-propos-de-nous","status":"publish","type":"page","link":"https:\/\/atagbenelux.com\/fr-be\/a-propos-de-nous\/","title":{"rendered":"A propos de nous"},"content":{"rendered":"\n<p>ATAG Benelux est un fournisseur de premier plan d&rsquo;appareils de cuisine. Nous sommes une entreprise n\u00e9erlandaise qui vend des appareils de cuisine sous les marques ATAG, Pelgrim et ETNA. Au Benelux, nous distribuons et entretenons \u00e9galement les lave-vaisselle, lave-linge et s\u00e8che-linge ASKO depuis le 1er juin 2017. Toutes ces marques jouissent d&rsquo;une grande notori\u00e9t\u00e9 dans le Benelux. Les ventes d&rsquo;appareils de cuisine se font par l&rsquo;interm\u00e9diaire des magasins de cuisine et d&rsquo;\u00e9lectricit\u00e9 et de l&rsquo;industrie de la cuisine. ATAG Benelux compte actuellement plus de 450 employ\u00e9s et est bas\u00e9 \u00e0 Duiven, pr\u00e8s d&rsquo;Arnhem sur l&rsquo;autoroute A12. ATAG Benelux dispose \u00e9galement d&rsquo;une succursale \u00e0 Denderhoutem, en Belgique, qui emploie quelque 45 personnes.<\/p>\n\n<p><strong>ATAG et Hisense, une bonne combinaison de connaissances<\/strong><br\/>En 2018, ATAG Benelux a \u00e9t\u00e9 rachet\u00e9 par le <a href=\"http:\/\/global.hisense.com\/\" target=\"_blank\" rel=\"noopener noreferrer nofollow\">groupe chinois Hisense<\/a>. Hisense est une entreprise multinationale dont les ventes annuelles d\u00e9passent les 16 milliards d&rsquo;euros, qui emploie 80 000 personnes et qui est repr\u00e9sent\u00e9e dans plus de 130 pays. Hisense est un partenaire avec lequel nous pouvons partager nos connaissances et notre exp\u00e9rience &#8211; tant en mati\u00e8re de R&amp;D Cooking que de vente au d\u00e9tail de cuisines dans le Benelux &#8211; et les exploiter \u00e0 l&rsquo;\u00e9chelle mondiale.<\/p>\n\n<figure class=\"wp-block-embed is-type-video is-provider-youtube wp-block-embed-youtube wp-embed-aspect-16-9 wp-has-aspect-ratio\"><div class=\"wp-block-embed__wrapper\">\n<iframe loading=\"lazy\" title=\"Hisense International - About Our Company\" width=\"500\" height=\"281\" src=\"https:\/\/www.youtube.com\/embed\/jXdP9GiKFqs?feature=oembed\" frameborder=\"0\" allow=\"accelerometer; autoplay; clipboard-write; encrypted-media; gyroscope; picture-in-picture; web-share\" referrerpolicy=\"strict-origin-when-cross-origin\" allowfullscreen><\/iframe>\n<\/div><\/figure>\n","protected":false},"excerpt":{"rendered":"<p>ATAG Benelux est un fournisseur de premier plan d&rsquo;appareils de cuisine. Nous sommes une entreprise n\u00e9erlandaise qui vend des appareils de cuisine sous les marques ATAG, Pelgrim et ETNA. Au Benelux, nous distribuons et entretenons \u00e9galement les lave-vaisselle, lave-linge et s\u00e8che-linge ASKO depuis le 1er juin 2017. Toutes ces marques jouissent d&rsquo;une grande notori\u00e9t\u00e9 dans [&hellip;]<\/p>\n","protected":false},"author":2,"featured_media":317,"parent":0,"menu_order":0,"comment_status":"closed","ping_status":"closed","template":"","meta":{"_swt_meta_header_display":false,"_swt_meta_footer_display":false,"_swt_meta_site_title_display":false,"_swt_meta_sticky_header":false,"_swt_meta_transparent_header":false,"footnotes":""},"class_list":["post-11020","page","type-page","status-publish","has-post-thumbnail","hentry"],"yoast_head":"<!-- This site is optimized with the Yoast SEO plugin v27.5 - https:\/\/yoast.com\/product\/yoast-seo-wordpress\/ -->\n<title>A propos de nous - ATAG Benelux<\/title>\n<meta name=\"robots\" content=\"index, follow, max-snippet:-1, max-image-preview:large, max-video-preview:-1\" \/>\n<link rel=\"canonical\" href=\"https:\/\/atagbenelux.com\/fr-be\/a-propos-de-nous\/\" \/>\n<meta property=\"og:locale\" content=\"fr_FR\" \/>\n<meta property=\"og:type\" content=\"article\" \/>\n<meta property=\"og:title\" content=\"A propos de nous - ATAG Benelux\" \/>\n<meta property=\"og:description\" content=\"ATAG Benelux est un fournisseur de premier plan d&rsquo;appareils de cuisine. Nous sommes une entreprise n\u00e9erlandaise qui vend des appareils de cuisine sous les marques ATAG, Pelgrim et ETNA. Au Benelux, nous distribuons et entretenons \u00e9galement les lave-vaisselle, lave-linge et s\u00e8che-linge ASKO depuis le 1er juin 2017. Toutes ces marques jouissent d&rsquo;une grande notori\u00e9t\u00e9 dans [&hellip;]\" \/>\n<meta property=\"og:url\" content=\"https:\/\/atagbenelux.com\/fr-be\/a-propos-de-nous\/\" \/>\n<meta property=\"og:site_name\" content=\"ATAG Benelux\" \/>\n<meta property=\"article:publisher\" content=\"https:\/\/www.facebook.com\/atagnl\/\" \/>\n<meta property=\"article:modified_time\" content=\"2025-07-01T11:50:48+00:00\" \/>\n<meta property=\"og:image\" content=\"https:\/\/atagbenelux.com\/wp-content\/uploads\/2025\/05\/ATAG-Benelux-Default.png\" \/>\n\t<meta property=\"og:image:width\" content=\"1080\" \/>\n\t<meta property=\"og:image:height\" content=\"1080\" \/>\n\t<meta property=\"og:image:type\" content=\"image\/png\" \/>\n<meta name=\"twitter:card\" content=\"summary_large_image\" \/>\n<meta name=\"twitter:label1\" content=\"Dur\u00e9e de lecture est.\" \/>\n\t<meta name=\"twitter:data1\" content=\"1 minute\" \/>\n<script type=\"application\/ld+json\" class=\"yoast-schema-graph\">{\"@context\":\"https:\\\/\\\/schema.org\",\"@graph\":[{\"@type\":\"WebPage\",\"@id\":\"https:\\\/\\\/atagbenelux.com\\\/fr-be\\\/a-propos-de-nous\\\/\",\"url\":\"https:\\\/\\\/atagbenelux.com\\\/fr-be\\\/a-propos-de-nous\\\/\",\"name\":\"A propos de nous - ATAG Benelux\",\"isPartOf\":{\"@id\":\"https:\\\/\\\/atagbenelux.com\\\/fr-be\\\/#website\"},\"primaryImageOfPage\":{\"@id\":\"https:\\\/\\\/atagbenelux.com\\\/fr-be\\\/a-propos-de-nous\\\/#primaryimage\"},\"image\":{\"@id\":\"https:\\\/\\\/atagbenelux.com\\\/fr-be\\\/a-propos-de-nous\\\/#primaryimage\"},\"thumbnailUrl\":\"https:\\\/\\\/atagbenelux.com\\\/wp-content\\\/uploads\\\/2025\\\/05\\\/ATAG-Benelux-Default.png\",\"datePublished\":\"2019-07-01T11:18:00+00:00\",\"dateModified\":\"2025-07-01T11:50:48+00:00\",\"breadcrumb\":{\"@id\":\"https:\\\/\\\/atagbenelux.com\\\/fr-be\\\/a-propos-de-nous\\\/#breadcrumb\"},\"inLanguage\":\"fr-BE\",\"potentialAction\":[{\"@type\":\"ReadAction\",\"target\":[\"https:\\\/\\\/atagbenelux.com\\\/fr-be\\\/a-propos-de-nous\\\/\"]}]},{\"@type\":\"ImageObject\",\"inLanguage\":\"fr-BE\",\"@id\":\"https:\\\/\\\/atagbenelux.com\\\/fr-be\\\/a-propos-de-nous\\\/#primaryimage\",\"url\":\"https:\\\/\\\/atagbenelux.com\\\/wp-content\\\/uploads\\\/2025\\\/05\\\/ATAG-Benelux-Default.png\",\"contentUrl\":\"https:\\\/\\\/atagbenelux.com\\\/wp-content\\\/uploads\\\/2025\\\/05\\\/ATAG-Benelux-Default.png\",\"width\":1080,\"height\":1080},{\"@type\":\"BreadcrumbList\",\"@id\":\"https:\\\/\\\/atagbenelux.com\\\/fr-be\\\/a-propos-de-nous\\\/#breadcrumb\",\"itemListElement\":[{\"@type\":\"ListItem\",\"position\":1,\"name\":\"Home\",\"item\":\"https:\\\/\\\/atagbenelux.com\\\/fr-be\\\/\"},{\"@type\":\"ListItem\",\"position\":2,\"name\":\"A propos de nous\"}]},{\"@type\":\"WebSite\",\"@id\":\"https:\\\/\\\/atagbenelux.com\\\/fr-be\\\/#website\",\"url\":\"https:\\\/\\\/atagbenelux.com\\\/fr-be\\\/\",\"name\":\"ATAG Benelux\",\"description\":\"Uw partner in keukenapparatuur en consumentenelektronica\",\"publisher\":{\"@id\":\"https:\\\/\\\/atagbenelux.com\\\/fr-be\\\/#organization\"},\"potentialAction\":[{\"@type\":\"SearchAction\",\"target\":{\"@type\":\"EntryPoint\",\"urlTemplate\":\"https:\\\/\\\/atagbenelux.com\\\/fr-be\\\/?s={search_term_string}\"},\"query-input\":{\"@type\":\"PropertyValueSpecification\",\"valueRequired\":true,\"valueName\":\"search_term_string\"}}],\"inLanguage\":\"fr-BE\"},{\"@type\":\"Organization\",\"@id\":\"https:\\\/\\\/atagbenelux.com\\\/fr-be\\\/#organization\",\"name\":\"ATAG Benelux\",\"url\":\"https:\\\/\\\/atagbenelux.com\\\/fr-be\\\/\",\"logo\":{\"@type\":\"ImageObject\",\"inLanguage\":\"fr-BE\",\"@id\":\"https:\\\/\\\/atagbenelux.com\\\/fr-be\\\/#\\\/schema\\\/logo\\\/image\\\/\",\"url\":\"https:\\\/\\\/atagbenelux.com\\\/wp-content\\\/uploads\\\/2025\\\/05\\\/ATAG-LOGO-BENELUX-RGB.png\",\"contentUrl\":\"https:\\\/\\\/atagbenelux.com\\\/wp-content\\\/uploads\\\/2025\\\/05\\\/ATAG-LOGO-BENELUX-RGB.png\",\"width\":2008,\"height\":768,\"caption\":\"ATAG Benelux\"},\"image\":{\"@id\":\"https:\\\/\\\/atagbenelux.com\\\/fr-be\\\/#\\\/schema\\\/logo\\\/image\\\/\"},\"sameAs\":[\"https:\\\/\\\/www.facebook.com\\\/atagnl\\\/\",\"https:\\\/\\\/www.linkedin.com\\\/company\\\/atagbenelux\",\"https:\\\/\\\/www.instagram.com\\\/atag.nl\\\/\",\"https:\\\/\\\/www.youtube.com\\\/user\\\/ATAGTV\",\"https:\\\/\\\/nl.pinterest.com\\\/atagnl\\\/\"]}]}<\/script>\n<!-- \/ Yoast SEO plugin. -->","yoast_head_json":{"title":"A propos de nous - ATAG Benelux","robots":{"index":"index","follow":"follow","max-snippet":"max-snippet:-1","max-image-preview":"max-image-preview:large","max-video-preview":"max-video-preview:-1"},"canonical":"https:\/\/atagbenelux.com\/fr-be\/a-propos-de-nous\/","og_locale":"fr_FR","og_type":"article","og_title":"A propos de nous - ATAG Benelux","og_description":"ATAG Benelux est un fournisseur de premier plan d&rsquo;appareils de cuisine. Nous sommes une entreprise n\u00e9erlandaise qui vend des appareils de cuisine sous les marques ATAG, Pelgrim et ETNA. Au Benelux, nous distribuons et entretenons \u00e9galement les lave-vaisselle, lave-linge et s\u00e8che-linge ASKO depuis le 1er juin 2017. Toutes ces marques jouissent d&rsquo;une grande notori\u00e9t\u00e9 dans [&hellip;]","og_url":"https:\/\/atagbenelux.com\/fr-be\/a-propos-de-nous\/","og_site_name":"ATAG Benelux","article_publisher":"https:\/\/www.facebook.com\/atagnl\/","article_modified_time":"2025-07-01T11:50:48+00:00","og_image":[{"width":1080,"height":1080,"url":"https:\/\/atagbenelux.com\/wp-content\/uploads\/2025\/05\/ATAG-Benelux-Default.png","type":"image\/png"}],"twitter_card":"summary_large_image","twitter_misc":{"Dur\u00e9e de lecture est.":"1 minute"},"schema":{"@context":"https:\/\/schema.org","@graph":[{"@type":"WebPage","@id":"https:\/\/atagbenelux.com\/fr-be\/a-propos-de-nous\/","url":"https:\/\/atagbenelux.com\/fr-be\/a-propos-de-nous\/","name":"A propos de nous - ATAG Benelux","isPartOf":{"@id":"https:\/\/atagbenelux.com\/fr-be\/#website"},"primaryImageOfPage":{"@id":"https:\/\/atagbenelux.com\/fr-be\/a-propos-de-nous\/#primaryimage"},"image":{"@id":"https:\/\/atagbenelux.com\/fr-be\/a-propos-de-nous\/#primaryimage"},"thumbnailUrl":"https:\/\/atagbenelux.com\/wp-content\/uploads\/2025\/05\/ATAG-Benelux-Default.png","datePublished":"2019-07-01T11:18:00+00:00","dateModified":"2025-07-01T11:50:48+00:00","breadcrumb":{"@id":"https:\/\/atagbenelux.com\/fr-be\/a-propos-de-nous\/#breadcrumb"},"inLanguage":"fr-BE","potentialAction":[{"@type":"ReadAction","target":["https:\/\/atagbenelux.com\/fr-be\/a-propos-de-nous\/"]}]},{"@type":"ImageObject","inLanguage":"fr-BE","@id":"https:\/\/atagbenelux.com\/fr-be\/a-propos-de-nous\/#primaryimage","url":"https:\/\/atagbenelux.com\/wp-content\/uploads\/2025\/05\/ATAG-Benelux-Default.png","contentUrl":"https:\/\/atagbenelux.com\/wp-content\/uploads\/2025\/05\/ATAG-Benelux-Default.png","width":1080,"height":1080},{"@type":"BreadcrumbList","@id":"https:\/\/atagbenelux.com\/fr-be\/a-propos-de-nous\/#breadcrumb","itemListElement":[{"@type":"ListItem","position":1,"name":"Home","item":"https:\/\/atagbenelux.com\/fr-be\/"},{"@type":"ListItem","position":2,"name":"A propos de nous"}]},{"@type":"WebSite","@id":"https:\/\/atagbenelux.com\/fr-be\/#website","url":"https:\/\/atagbenelux.com\/fr-be\/","name":"ATAG Benelux","description":"Uw partner in keukenapparatuur en consumentenelektronica","publisher":{"@id":"https:\/\/atagbenelux.com\/fr-be\/#organization"},"potentialAction":[{"@type":"SearchAction","target":{"@type":"EntryPoint","urlTemplate":"https:\/\/atagbenelux.com\/fr-be\/?s={search_term_string}"},"query-input":{"@type":"PropertyValueSpecification","valueRequired":true,"valueName":"search_term_string"}}],"inLanguage":"fr-BE"},{"@type":"Organization","@id":"https:\/\/atagbenelux.com\/fr-be\/#organization","name":"ATAG Benelux","url":"https:\/\/atagbenelux.com\/fr-be\/","logo":{"@type":"ImageObject","inLanguage":"fr-BE","@id":"https:\/\/atagbenelux.com\/fr-be\/#\/schema\/logo\/image\/","url":"https:\/\/atagbenelux.com\/wp-content\/uploads\/2025\/05\/ATAG-LOGO-BENELUX-RGB.png","contentUrl":"https:\/\/atagbenelux.com\/wp-content\/uploads\/2025\/05\/ATAG-LOGO-BENELUX-RGB.png","width":2008,"height":768,"caption":"ATAG Benelux"},"image":{"@id":"https:\/\/atagbenelux.com\/fr-be\/#\/schema\/logo\/image\/"},"sameAs":["https:\/\/www.facebook.com\/atagnl\/","https:\/\/www.linkedin.com\/company\/atagbenelux","https:\/\/www.instagram.com\/atag.nl\/","https:\/\/www.youtube.com\/user\/ATAGTV","https:\/\/nl.pinterest.com\/atagnl\/"]}]}},"_links":{"self":[{"href":"https:\/\/atagbenelux.com\/fr-be\/wp-json\/wp\/v2\/pages\/11020","targetHints":{"allow":["GET"]}}],"collection":[{"href":"https:\/\/atagbenelux.com\/fr-be\/wp-json\/wp\/v2\/pages"}],"about":[{"href":"https:\/\/atagbenelux.com\/fr-be\/wp-json\/wp\/v2\/types\/page"}],"author":[{"embeddable":true,"href":"https:\/\/atagbenelux.com\/fr-be\/wp-json\/wp\/v2\/users\/2"}],"replies":[{"embeddable":true,"href":"https:\/\/atagbenelux.com\/fr-be\/wp-json\/wp\/v2\/comments?post=11020"}],"version-history":[{"count":1,"href":"https:\/\/atagbenelux.com\/fr-be\/wp-json\/wp\/v2\/pages\/11020\/revisions"}],"predecessor-version":[{"id":11021,"href":"https:\/\/atagbenelux.com\/fr-be\/wp-json\/wp\/v2\/pages\/11020\/revisions\/11021"}],"wp:featuredmedia":[{"embeddable":true,"href":"https:\/\/atagbenelux.com\/fr-be\/wp-json\/wp\/v2\/media\/317"}],"wp:attachment":[{"href":"https:\/\/atagbenelux.com\/fr-be\/wp-json\/wp\/v2\/media?parent=11020"}],"curies":[{"name":"wp","href":"https:\/\/api.w.org\/{rel}","templated":true}]}}