{"id":11016,"date":"2019-07-01T13:26:00","date_gmt":"2019-07-01T11:26:00","guid":{"rendered":"https:\/\/atagbenelux.com\/lhistoire\/"},"modified":"2025-07-02T10:41:25","modified_gmt":"2025-07-02T08:41:25","slug":"histoire","status":"publish","type":"page","link":"https:\/\/atagbenelux.com\/fr-be\/a-propos-de-nous\/histoire\/","title":{"rendered":"L&rsquo;histoire"},"content":{"rendered":"\n<h2 class=\"wp-block-heading\">ATAG Benelux, une histoire riche<\/h2>\n\n\n\n<p>ATAG Benelux est un fournisseur majeur d\u2019appareils de cuisine. Nous sommes une entreprise n\u00e9erlandaise, vendant des appareils de cuisine des marques ATAG, Pelgrim et ETNA. Depuis le 1er juin 2017, nous assurons \u00e9galement la distribution et l\u2019entretien des lave-vaisselle, lave-linge et s\u00e8che-linge d\u2019ASKO au Benelux, toutes des marques tr\u00e8s r\u00e9put\u00e9es au Benelux. Les appareils sont vendus dans des magasins sp\u00e9cialis\u00e9s dans la cuisine ou l\u2019\u00e9lectrom\u00e9nager, mais aussi via l\u2019industrie cuisiniste. Atag Benelux occupe actuellement plus de 450 collaborateurs et son si\u00e8ge principal est sis \u00e0 Duiven, pr\u00e8s d\u2019Arnhem, le long de l\u2019A12.\u00a0 ATAG Benelux poss\u00e8de \u00e9galement une filiale \u00e0 Denderhoutem (Belgique), o\u00f9 travaillent quelque 45 collaborateurs.<\/p>\n\n\n\n<p><strong>ATAG et Hisense, des connaissances qui se compl\u00e8tent parfaitement<\/strong><\/p>\n\n\n\n<p>ATAG Benelux a \u00e9t\u00e9 reprise par le groupe chinois Hisense en 2018. Hisense est une multinationale r\u00e9alisant un chiffre d\u2019affaires de plus de 16 milliards d\u2019euros, employant 80.000 collaborateurs et repr\u00e9sent\u00e9e dans plus de 130 pays. Hisense est un partenaire avec lequel nous pouvons partager et mettre \u00e0 profit \u00e0 l\u2019\u00e9chelon mondial nos connaissances et exp\u00e9riences, tant en mati\u00e8re de R&amp;D Cooking que de vente de cuisines au d\u00e9tail. Depuis le 1er septembre 2019, ATAG Benelux assure \u00e9galement la distribution des produits Hisense au Benelux.<\/p>\n\n\n\n<figure class=\"wp-block-embed is-type-video is-provider-youtube wp-block-embed-youtube wp-embed-aspect-16-9 wp-has-aspect-ratio\"><div class=\"wp-block-embed__wrapper\">\n<iframe loading=\"lazy\" title=\"Hisense International - About Our Company\" width=\"500\" height=\"281\" src=\"https:\/\/www.youtube.com\/embed\/jXdP9GiKFqs?feature=oembed\" frameborder=\"0\" allow=\"accelerometer; autoplay; clipboard-write; encrypted-media; gyroscope; picture-in-picture; web-share\" referrerpolicy=\"strict-origin-when-cross-origin\" allowfullscreen><\/iframe>\n<\/div><\/figure>\n","protected":false},"excerpt":{"rendered":"<p>ATAG Benelux, une histoire riche ATAG Benelux est un fournisseur majeur d\u2019appareils de cuisine. Nous sommes une entreprise n\u00e9erlandaise, vendant des appareils de cuisine des marques ATAG, Pelgrim et ETNA. Depuis le 1er juin 2017, nous assurons \u00e9galement la distribution et l\u2019entretien des lave-vaisselle, lave-linge et s\u00e8che-linge d\u2019ASKO au Benelux, toutes des marques tr\u00e8s r\u00e9put\u00e9es [&hellip;]<\/p>\n","protected":false},"author":2,"featured_media":317,"parent":11020,"menu_order":0,"comment_status":"closed","ping_status":"closed","template":"","meta":{"_swt_meta_header_display":false,"_swt_meta_footer_display":false,"_swt_meta_site_title_display":false,"_swt_meta_sticky_header":false,"_swt_meta_transparent_header":false,"footnotes":""},"class_list":["post-11016","page","type-page","status-publish","has-post-thumbnail","hentry"],"yoast_head":"<!-- This site is optimized with the Yoast SEO plugin v27.5 - https:\/\/yoast.com\/product\/yoast-seo-wordpress\/ -->\n<title>L&#039;histoire - ATAG Benelux<\/title>\n<meta name=\"robots\" content=\"index, follow, max-snippet:-1, max-image-preview:large, max-video-preview:-1\" \/>\n<link rel=\"canonical\" href=\"https:\/\/atagbenelux.com\/fr-be\/a-propos-de-nous\/histoire\/\" \/>\n<meta property=\"og:locale\" content=\"fr_FR\" \/>\n<meta property=\"og:type\" content=\"article\" \/>\n<meta property=\"og:title\" content=\"L&#039;histoire - ATAG Benelux\" \/>\n<meta property=\"og:description\" content=\"ATAG Benelux, une histoire riche ATAG Benelux est un fournisseur majeur d\u2019appareils de cuisine. Nous sommes une entreprise n\u00e9erlandaise, vendant des appareils de cuisine des marques ATAG, Pelgrim et ETNA. Depuis le 1er juin 2017, nous assurons \u00e9galement la distribution et l\u2019entretien des lave-vaisselle, lave-linge et s\u00e8che-linge d\u2019ASKO au Benelux, toutes des marques tr\u00e8s r\u00e9put\u00e9es [&hellip;]\" \/>\n<meta property=\"og:url\" content=\"https:\/\/atagbenelux.com\/fr-be\/a-propos-de-nous\/histoire\/\" \/>\n<meta property=\"og:site_name\" content=\"ATAG Benelux\" \/>\n<meta property=\"article:publisher\" content=\"https:\/\/www.facebook.com\/atagnl\/\" \/>\n<meta property=\"article:modified_time\" content=\"2025-07-02T08:41:25+00:00\" \/>\n<meta property=\"og:image\" content=\"https:\/\/atagbenelux.com\/wp-content\/uploads\/2025\/05\/ATAG-Benelux-Default.png\" \/>\n\t<meta property=\"og:image:width\" content=\"1080\" \/>\n\t<meta property=\"og:image:height\" content=\"1080\" \/>\n\t<meta property=\"og:image:type\" content=\"image\/png\" \/>\n<meta name=\"twitter:card\" content=\"summary_large_image\" \/>\n<meta name=\"twitter:label1\" content=\"Dur\u00e9e de lecture est.\" \/>\n\t<meta name=\"twitter:data1\" content=\"2 minutes\" \/>\n<script type=\"application\/ld+json\" class=\"yoast-schema-graph\">{\"@context\":\"https:\\\/\\\/schema.org\",\"@graph\":[{\"@type\":\"WebPage\",\"@id\":\"https:\\\/\\\/atagbenelux.com\\\/fr-be\\\/a-propos-de-nous\\\/histoire\\\/\",\"url\":\"https:\\\/\\\/atagbenelux.com\\\/fr-be\\\/a-propos-de-nous\\\/histoire\\\/\",\"name\":\"L'histoire - ATAG Benelux\",\"isPartOf\":{\"@id\":\"https:\\\/\\\/atagbenelux.com\\\/fr-be\\\/#website\"},\"primaryImageOfPage\":{\"@id\":\"https:\\\/\\\/atagbenelux.com\\\/fr-be\\\/a-propos-de-nous\\\/histoire\\\/#primaryimage\"},\"image\":{\"@id\":\"https:\\\/\\\/atagbenelux.com\\\/fr-be\\\/a-propos-de-nous\\\/histoire\\\/#primaryimage\"},\"thumbnailUrl\":\"https:\\\/\\\/atagbenelux.com\\\/wp-content\\\/uploads\\\/2025\\\/05\\\/ATAG-Benelux-Default.png\",\"datePublished\":\"2019-07-01T11:26:00+00:00\",\"dateModified\":\"2025-07-02T08:41:25+00:00\",\"breadcrumb\":{\"@id\":\"https:\\\/\\\/atagbenelux.com\\\/fr-be\\\/a-propos-de-nous\\\/histoire\\\/#breadcrumb\"},\"inLanguage\":\"fr-BE\",\"potentialAction\":[{\"@type\":\"ReadAction\",\"target\":[\"https:\\\/\\\/atagbenelux.com\\\/fr-be\\\/a-propos-de-nous\\\/histoire\\\/\"]}]},{\"@type\":\"ImageObject\",\"inLanguage\":\"fr-BE\",\"@id\":\"https:\\\/\\\/atagbenelux.com\\\/fr-be\\\/a-propos-de-nous\\\/histoire\\\/#primaryimage\",\"url\":\"https:\\\/\\\/atagbenelux.com\\\/wp-content\\\/uploads\\\/2025\\\/05\\\/ATAG-Benelux-Default.png\",\"contentUrl\":\"https:\\\/\\\/atagbenelux.com\\\/wp-content\\\/uploads\\\/2025\\\/05\\\/ATAG-Benelux-Default.png\",\"width\":1080,\"height\":1080},{\"@type\":\"BreadcrumbList\",\"@id\":\"https:\\\/\\\/atagbenelux.com\\\/fr-be\\\/a-propos-de-nous\\\/histoire\\\/#breadcrumb\",\"itemListElement\":[{\"@type\":\"ListItem\",\"position\":1,\"name\":\"Home\",\"item\":\"https:\\\/\\\/atagbenelux.com\\\/fr-be\\\/\"},{\"@type\":\"ListItem\",\"position\":2,\"name\":\"A propos de nous\",\"item\":\"https:\\\/\\\/atagbenelux.com\\\/fr-be\\\/a-propos-de-nous\\\/\"},{\"@type\":\"ListItem\",\"position\":3,\"name\":\"L&#8217;histoire\"}]},{\"@type\":\"WebSite\",\"@id\":\"https:\\\/\\\/atagbenelux.com\\\/fr-be\\\/#website\",\"url\":\"https:\\\/\\\/atagbenelux.com\\\/fr-be\\\/\",\"name\":\"ATAG Benelux\",\"description\":\"Uw partner in keukenapparatuur en consumentenelektronica\",\"publisher\":{\"@id\":\"https:\\\/\\\/atagbenelux.com\\\/fr-be\\\/#organization\"},\"potentialAction\":[{\"@type\":\"SearchAction\",\"target\":{\"@type\":\"EntryPoint\",\"urlTemplate\":\"https:\\\/\\\/atagbenelux.com\\\/fr-be\\\/?s={search_term_string}\"},\"query-input\":{\"@type\":\"PropertyValueSpecification\",\"valueRequired\":true,\"valueName\":\"search_term_string\"}}],\"inLanguage\":\"fr-BE\"},{\"@type\":\"Organization\",\"@id\":\"https:\\\/\\\/atagbenelux.com\\\/fr-be\\\/#organization\",\"name\":\"ATAG Benelux\",\"url\":\"https:\\\/\\\/atagbenelux.com\\\/fr-be\\\/\",\"logo\":{\"@type\":\"ImageObject\",\"inLanguage\":\"fr-BE\",\"@id\":\"https:\\\/\\\/atagbenelux.com\\\/fr-be\\\/#\\\/schema\\\/logo\\\/image\\\/\",\"url\":\"https:\\\/\\\/atagbenelux.com\\\/wp-content\\\/uploads\\\/2025\\\/05\\\/ATAG-LOGO-BENELUX-RGB.png\",\"contentUrl\":\"https:\\\/\\\/atagbenelux.com\\\/wp-content\\\/uploads\\\/2025\\\/05\\\/ATAG-LOGO-BENELUX-RGB.png\",\"width\":2008,\"height\":768,\"caption\":\"ATAG Benelux\"},\"image\":{\"@id\":\"https:\\\/\\\/atagbenelux.com\\\/fr-be\\\/#\\\/schema\\\/logo\\\/image\\\/\"},\"sameAs\":[\"https:\\\/\\\/www.facebook.com\\\/atagnl\\\/\",\"https:\\\/\\\/www.linkedin.com\\\/company\\\/atagbenelux\",\"https:\\\/\\\/www.instagram.com\\\/atag.nl\\\/\",\"https:\\\/\\\/www.youtube.com\\\/user\\\/ATAGTV\",\"https:\\\/\\\/nl.pinterest.com\\\/atagnl\\\/\"]}]}<\/script>\n<!-- \/ Yoast SEO plugin. -->","yoast_head_json":{"title":"L'histoire - ATAG Benelux","robots":{"index":"index","follow":"follow","max-snippet":"max-snippet:-1","max-image-preview":"max-image-preview:large","max-video-preview":"max-video-preview:-1"},"canonical":"https:\/\/atagbenelux.com\/fr-be\/a-propos-de-nous\/histoire\/","og_locale":"fr_FR","og_type":"article","og_title":"L'histoire - ATAG Benelux","og_description":"ATAG Benelux, une histoire riche ATAG Benelux est un fournisseur majeur d\u2019appareils de cuisine. Nous sommes une entreprise n\u00e9erlandaise, vendant des appareils de cuisine des marques ATAG, Pelgrim et ETNA. Depuis le 1er juin 2017, nous assurons \u00e9galement la distribution et l\u2019entretien des lave-vaisselle, lave-linge et s\u00e8che-linge d\u2019ASKO au Benelux, toutes des marques tr\u00e8s r\u00e9put\u00e9es [&hellip;]","og_url":"https:\/\/atagbenelux.com\/fr-be\/a-propos-de-nous\/histoire\/","og_site_name":"ATAG Benelux","article_publisher":"https:\/\/www.facebook.com\/atagnl\/","article_modified_time":"2025-07-02T08:41:25+00:00","og_image":[{"width":1080,"height":1080,"url":"https:\/\/atagbenelux.com\/wp-content\/uploads\/2025\/05\/ATAG-Benelux-Default.png","type":"image\/png"}],"twitter_card":"summary_large_image","twitter_misc":{"Dur\u00e9e de lecture est.":"2 minutes"},"schema":{"@context":"https:\/\/schema.org","@graph":[{"@type":"WebPage","@id":"https:\/\/atagbenelux.com\/fr-be\/a-propos-de-nous\/histoire\/","url":"https:\/\/atagbenelux.com\/fr-be\/a-propos-de-nous\/histoire\/","name":"L'histoire - ATAG Benelux","isPartOf":{"@id":"https:\/\/atagbenelux.com\/fr-be\/#website"},"primaryImageOfPage":{"@id":"https:\/\/atagbenelux.com\/fr-be\/a-propos-de-nous\/histoire\/#primaryimage"},"image":{"@id":"https:\/\/atagbenelux.com\/fr-be\/a-propos-de-nous\/histoire\/#primaryimage"},"thumbnailUrl":"https:\/\/atagbenelux.com\/wp-content\/uploads\/2025\/05\/ATAG-Benelux-Default.png","datePublished":"2019-07-01T11:26:00+00:00","dateModified":"2025-07-02T08:41:25+00:00","breadcrumb":{"@id":"https:\/\/atagbenelux.com\/fr-be\/a-propos-de-nous\/histoire\/#breadcrumb"},"inLanguage":"fr-BE","potentialAction":[{"@type":"ReadAction","target":["https:\/\/atagbenelux.com\/fr-be\/a-propos-de-nous\/histoire\/"]}]},{"@type":"ImageObject","inLanguage":"fr-BE","@id":"https:\/\/atagbenelux.com\/fr-be\/a-propos-de-nous\/histoire\/#primaryimage","url":"https:\/\/atagbenelux.com\/wp-content\/uploads\/2025\/05\/ATAG-Benelux-Default.png","contentUrl":"https:\/\/atagbenelux.com\/wp-content\/uploads\/2025\/05\/ATAG-Benelux-Default.png","width":1080,"height":1080},{"@type":"BreadcrumbList","@id":"https:\/\/atagbenelux.com\/fr-be\/a-propos-de-nous\/histoire\/#breadcrumb","itemListElement":[{"@type":"ListItem","position":1,"name":"Home","item":"https:\/\/atagbenelux.com\/fr-be\/"},{"@type":"ListItem","position":2,"name":"A propos de nous","item":"https:\/\/atagbenelux.com\/fr-be\/a-propos-de-nous\/"},{"@type":"ListItem","position":3,"name":"L&#8217;histoire"}]},{"@type":"WebSite","@id":"https:\/\/atagbenelux.com\/fr-be\/#website","url":"https:\/\/atagbenelux.com\/fr-be\/","name":"ATAG Benelux","description":"Uw partner in keukenapparatuur en consumentenelektronica","publisher":{"@id":"https:\/\/atagbenelux.com\/fr-be\/#organization"},"potentialAction":[{"@type":"SearchAction","target":{"@type":"EntryPoint","urlTemplate":"https:\/\/atagbenelux.com\/fr-be\/?s={search_term_string}"},"query-input":{"@type":"PropertyValueSpecification","valueRequired":true,"valueName":"search_term_string"}}],"inLanguage":"fr-BE"},{"@type":"Organization","@id":"https:\/\/atagbenelux.com\/fr-be\/#organization","name":"ATAG Benelux","url":"https:\/\/atagbenelux.com\/fr-be\/","logo":{"@type":"ImageObject","inLanguage":"fr-BE","@id":"https:\/\/atagbenelux.com\/fr-be\/#\/schema\/logo\/image\/","url":"https:\/\/atagbenelux.com\/wp-content\/uploads\/2025\/05\/ATAG-LOGO-BENELUX-RGB.png","contentUrl":"https:\/\/atagbenelux.com\/wp-content\/uploads\/2025\/05\/ATAG-LOGO-BENELUX-RGB.png","width":2008,"height":768,"caption":"ATAG Benelux"},"image":{"@id":"https:\/\/atagbenelux.com\/fr-be\/#\/schema\/logo\/image\/"},"sameAs":["https:\/\/www.facebook.com\/atagnl\/","https:\/\/www.linkedin.com\/company\/atagbenelux","https:\/\/www.instagram.com\/atag.nl\/","https:\/\/www.youtube.com\/user\/ATAGTV","https:\/\/nl.pinterest.com\/atagnl\/"]}]}},"_links":{"self":[{"href":"https:\/\/atagbenelux.com\/fr-be\/wp-json\/wp\/v2\/pages\/11016","targetHints":{"allow":["GET"]}}],"collection":[{"href":"https:\/\/atagbenelux.com\/fr-be\/wp-json\/wp\/v2\/pages"}],"about":[{"href":"https:\/\/atagbenelux.com\/fr-be\/wp-json\/wp\/v2\/types\/page"}],"author":[{"embeddable":true,"href":"https:\/\/atagbenelux.com\/fr-be\/wp-json\/wp\/v2\/users\/2"}],"replies":[{"embeddable":true,"href":"https:\/\/atagbenelux.com\/fr-be\/wp-json\/wp\/v2\/comments?post=11016"}],"version-history":[{"count":2,"href":"https:\/\/atagbenelux.com\/fr-be\/wp-json\/wp\/v2\/pages\/11016\/revisions"}],"predecessor-version":[{"id":11035,"href":"https:\/\/atagbenelux.com\/fr-be\/wp-json\/wp\/v2\/pages\/11016\/revisions\/11035"}],"up":[{"embeddable":true,"href":"https:\/\/atagbenelux.com\/fr-be\/wp-json\/wp\/v2\/pages\/11020"}],"wp:featuredmedia":[{"embeddable":true,"href":"https:\/\/atagbenelux.com\/fr-be\/wp-json\/wp\/v2\/media\/317"}],"wp:attachment":[{"href":"https:\/\/atagbenelux.com\/fr-be\/wp-json\/wp\/v2\/media?parent=11016"}],"curies":[{"name":"wp","href":"https:\/\/api.w.org\/{rel}","templated":true}]}}