{"id":10999,"date":"2025-06-16T21:22:00","date_gmt":"2025-06-16T19:22:00","guid":{"rendered":"https:\/\/atagbenelux.com\/asko\/"},"modified":"2025-07-02T13:21:27","modified_gmt":"2025-07-02T11:21:27","slug":"asko","status":"publish","type":"page","link":"https:\/\/atagbenelux.com\/fr-be\/asko\/","title":{"rendered":"ASKO"},"content":{"rendered":"\n<div class=\"wp-block-group alignfull has-background is-layout-flow wp-block-group-is-layout-flow\" style=\"background:var(--wp--preset--gradient--primary);margin-top:0;margin-bottom:0;padding-top:var(--wp--preset--spacing--small);padding-right:var(--wp--preset--spacing--small);padding-bottom:var(--wp--preset--spacing--small);padding-left:var(--wp--preset--spacing--small)\"><\/div>\n\n<div class=\"wp-block-group alignwide is-layout-flow wp-container-core-group-is-layout-a6563d72 wp-block-group-is-layout-flow\" style=\"margin-top:var(--wp--preset--spacing--large);margin-bottom:var(--wp--preset--spacing--x-large);padding-top:0;padding-bottom:0\">\n<div class=\"wp-block-group alignfull is-layout-flow wp-block-group-is-layout-flow\" style=\"padding-bottom:var(--wp--preset--spacing--x-small)\">\n<figure class=\"wp-block-image aligncenter size-full is-resized\" style=\"margin-top:0;margin-right:0;margin-bottom:0;margin-left:0\"><img loading=\"lazy\" decoding=\"async\" width=\"800\" height=\"400\" src=\"https:\/\/atagbenelux.com\/wp-content\/uploads\/2025\/05\/ASKO-logo.png\" alt=\"ASKO logo\" class=\"wp-image-209\" style=\"width:216px\" srcset=\"https:\/\/atagbenelux.com\/wp-content\/uploads\/2025\/05\/ASKO-logo.png 800w, https:\/\/atagbenelux.com\/wp-content\/uploads\/2025\/05\/ASKO-logo-300x150.png 300w, https:\/\/atagbenelux.com\/wp-content\/uploads\/2025\/05\/ASKO-logo-768x384.png 768w\" sizes=\"auto, (max-width: 800px) 100vw, 800px\" \/><\/figure>\n\n\n\n<h1 class=\"wp-block-heading has-text-align-center has-xxx-large-font-size\" style=\"margin-top:0;margin-bottom:0;padding-bottom:var(--wp--preset--spacing--xxx-small)\">Inspired by Scandinavia. Bienvenue chez ASKO. <\/h1>\n\n\n\n<p class=\"has-text-align-center\" style=\"padding-top:0;padding-bottom:0\">Depuis plus de 70 ans, ASKO associe le design scandinave traditionnel \u00e0 une technologie de pointe et \u00e0 l&rsquo;innovation pour cr\u00e9er des produits haut de gamme qui rendent la vie non seulement plus agr\u00e9able, mais aussi meilleurs pour la sant\u00e9 des personnes et pour la plan\u00e8te.<br\/>ASKO propose une large gamme de lave-linge et s\u00e8che-linge de qualit\u00e9 sup\u00e9rieure, adapt\u00e9s aussi bien aux particuliers qu&rsquo;aux professionnels. <\/p>\n\n\n\n<ul class=\"wp-block-social-links has-icon-color is-style-logos-only is-content-justification-center is-layout-flex wp-container-core-social-links-is-layout-18101bc3 wp-block-social-links-is-layout-flex\" style=\"padding-top:var(--wp--preset--spacing--xxx-small)\"><li style=\"color:#144577;\" class=\"wp-social-link wp-social-link-facebook has-heading-color wp-block-social-link\"><a href=\"https:\/\/www.facebook.com\/ASKO.Global\" class=\"wp-block-social-link-anchor\" target=\"_blank\" rel=\"noopener noreferrer nofollow\"><svg width=\"24\" height=\"24\" viewBox=\"0 0 24 24\" version=\"1.1\" xmlns=\"http:\/\/www.w3.org\/2000\/svg\" aria-hidden=\"true\" focusable=\"false\"><path d=\"M12 2C6.5 2 2 6.5 2 12c0 5 3.7 9.1 8.4 9.9v-7H7.9V12h2.5V9.8c0-2.5 1.5-3.9 3.8-3.9 1.1 0 2.2.2 2.2.2v2.5h-1.3c-1.2 0-1.6.8-1.6 1.6V12h2.8l-.4 2.9h-2.3v7C18.3 21.1 22 17 22 12c0-5.5-4.5-10-10-10z\"><\/path><\/svg><span class=\"wp-block-social-link-label screen-reader-text\">Facebook<\/span><\/a><\/li>\n\n<li style=\"color:#144577;\" class=\"wp-social-link wp-social-link-instagram has-heading-color wp-block-social-link\"><a href=\"https:\/\/www.instagram.com\/asko.global\/\" class=\"wp-block-social-link-anchor\" target=\"_blank\" rel=\"noopener noreferrer nofollow\"><svg width=\"24\" height=\"24\" viewBox=\"0 0 24 24\" version=\"1.1\" xmlns=\"http:\/\/www.w3.org\/2000\/svg\" aria-hidden=\"true\" focusable=\"false\"><path d=\"M12,4.622c2.403,0,2.688,0.009,3.637,0.052c0.877,0.04,1.354,0.187,1.671,0.31c0.42,0.163,0.72,0.358,1.035,0.673 c0.315,0.315,0.51,0.615,0.673,1.035c0.123,0.317,0.27,0.794,0.31,1.671c0.043,0.949,0.052,1.234,0.052,3.637 s-0.009,2.688-0.052,3.637c-0.04,0.877-0.187,1.354-0.31,1.671c-0.163,0.42-0.358,0.72-0.673,1.035 c-0.315,0.315-0.615,0.51-1.035,0.673c-0.317,0.123-0.794,0.27-1.671,0.31c-0.949,0.043-1.233,0.052-3.637,0.052 s-2.688-0.009-3.637-0.052c-0.877-0.04-1.354-0.187-1.671-0.31c-0.42-0.163-0.72-0.358-1.035-0.673 c-0.315-0.315-0.51-0.615-0.673-1.035c-0.123-0.317-0.27-0.794-0.31-1.671C4.631,14.688,4.622,14.403,4.622,12 s0.009-2.688,0.052-3.637c0.04-0.877,0.187-1.354,0.31-1.671c0.163-0.42,0.358-0.72,0.673-1.035 c0.315-0.315,0.615-0.51,1.035-0.673c0.317-0.123,0.794-0.27,1.671-0.31C9.312,4.631,9.597,4.622,12,4.622 M12,3 C9.556,3,9.249,3.01,8.289,3.054C7.331,3.098,6.677,3.25,6.105,3.472C5.513,3.702,5.011,4.01,4.511,4.511 c-0.5,0.5-0.808,1.002-1.038,1.594C3.25,6.677,3.098,7.331,3.054,8.289C3.01,9.249,3,9.556,3,12c0,2.444,0.01,2.751,0.054,3.711 c0.044,0.958,0.196,1.612,0.418,2.185c0.23,0.592,0.538,1.094,1.038,1.594c0.5,0.5,1.002,0.808,1.594,1.038 c0.572,0.222,1.227,0.375,2.185,0.418C9.249,20.99,9.556,21,12,21s2.751-0.01,3.711-0.054c0.958-0.044,1.612-0.196,2.185-0.418 c0.592-0.23,1.094-0.538,1.594-1.038c0.5-0.5,0.808-1.002,1.038-1.594c0.222-0.572,0.375-1.227,0.418-2.185 C20.99,14.751,21,14.444,21,12s-0.01-2.751-0.054-3.711c-0.044-0.958-0.196-1.612-0.418-2.185c-0.23-0.592-0.538-1.094-1.038-1.594 c-0.5-0.5-1.002-0.808-1.594-1.038c-0.572-0.222-1.227-0.375-2.185-0.418C14.751,3.01,14.444,3,12,3L12,3z M12,7.378 c-2.552,0-4.622,2.069-4.622,4.622S9.448,16.622,12,16.622s4.622-2.069,4.622-4.622S14.552,7.378,12,7.378z M12,15 c-1.657,0-3-1.343-3-3s1.343-3,3-3s3,1.343,3,3S13.657,15,12,15z M16.804,6.116c-0.596,0-1.08,0.484-1.08,1.08 s0.484,1.08,1.08,1.08c0.596,0,1.08-0.484,1.08-1.08S17.401,6.116,16.804,6.116z\"><\/path><\/svg><span class=\"wp-block-social-link-label screen-reader-text\">Instagram<\/span><\/a><\/li>\n\n<li style=\"color:#144577;\" class=\"wp-social-link wp-social-link-youtube has-heading-color wp-block-social-link\"><a href=\"https:\/\/www.youtube.com\/user\/AskoAppliances\" class=\"wp-block-social-link-anchor\" target=\"_blank\" rel=\"noopener noreferrer nofollow\"><svg width=\"24\" height=\"24\" viewBox=\"0 0 24 24\" version=\"1.1\" xmlns=\"http:\/\/www.w3.org\/2000\/svg\" aria-hidden=\"true\" focusable=\"false\"><path d=\"M21.8,8.001c0,0-0.195-1.378-0.795-1.985c-0.76-0.797-1.613-0.801-2.004-0.847c-2.799-0.202-6.997-0.202-6.997-0.202 h-0.009c0,0-4.198,0-6.997,0.202C4.608,5.216,3.756,5.22,2.995,6.016C2.395,6.623,2.2,8.001,2.2,8.001S2,9.62,2,11.238v1.517 c0,1.618,0.2,3.237,0.2,3.237s0.195,1.378,0.795,1.985c0.761,0.797,1.76,0.771,2.205,0.855c1.6,0.153,6.8,0.201,6.8,0.201 s4.203-0.006,7.001-0.209c0.391-0.047,1.243-0.051,2.004-0.847c0.6-0.607,0.795-1.985,0.795-1.985s0.2-1.618,0.2-3.237v-1.517 C22,9.62,21.8,8.001,21.8,8.001z M9.935,14.594l-0.001-5.62l5.404,2.82L9.935,14.594z\"><\/path><\/svg><span class=\"wp-block-social-link-label screen-reader-text\">YouTube<\/span><\/a><\/li>\n\n<li style=\"color:#144577;\" class=\"wp-social-link wp-social-link-linkedin has-heading-color wp-block-social-link\"><a href=\"https:\/\/www.linkedin.com\/company\/asko-appliances-ab\" class=\"wp-block-social-link-anchor\" target=\"_blank\" rel=\"noopener noreferrer nofollow\"><svg width=\"24\" height=\"24\" viewBox=\"0 0 24 24\" version=\"1.1\" xmlns=\"http:\/\/www.w3.org\/2000\/svg\" aria-hidden=\"true\" focusable=\"false\"><path d=\"M19.7,3H4.3C3.582,3,3,3.582,3,4.3v15.4C3,20.418,3.582,21,4.3,21h15.4c0.718,0,1.3-0.582,1.3-1.3V4.3 C21,3.582,20.418,3,19.7,3z M8.339,18.338H5.667v-8.59h2.672V18.338z M7.004,8.574c-0.857,0-1.549-0.694-1.549-1.548 c0-0.855,0.691-1.548,1.549-1.548c0.854,0,1.547,0.694,1.547,1.548C8.551,7.881,7.858,8.574,7.004,8.574z M18.339,18.338h-2.669 v-4.177c0-0.996-0.017-2.278-1.387-2.278c-1.389,0-1.601,1.086-1.601,2.206v4.249h-2.667v-8.59h2.559v1.174h0.037 c0.356-0.675,1.227-1.387,2.526-1.387c2.703,0,3.203,1.779,3.203,4.092V18.338z\"><\/path><\/svg><span class=\"wp-block-social-link-label screen-reader-text\">LinkedIn<\/span><\/a><\/li><\/ul>\n<\/div>\n<\/div>\n\n<div class=\"wp-block-group alignwide has-global-padding is-layout-constrained wp-container-core-group-is-layout-2d50cdb9 wp-block-group-is-layout-constrained\" style=\"margin-top:var(--wp--preset--spacing--x-large);margin-bottom:var(--wp--preset--spacing--x-large);padding-top:0;padding-right:0;padding-bottom:0;padding-left:0\">\n<h2 class=\"wp-block-heading alignwide has-text-align-left has-heading-color has-text-color\">Les derni\u00e8res nouvelles d\u2019ASKO<\/h2>\n\n\n\n<div class=\"wp-block-query alignwide is-layout-flow wp-block-query-is-layout-flow\">\n\n<div class=\"wp-block-query-no-results\">\n\n<p class=\"has-text-align-center\">Aucun r\u00e9sultat<\/p>\n\n<\/div><\/div>\n\n\n\n<div class=\"wp-block-buttons is-content-justification-center is-layout-flex wp-container-core-buttons-is-layout-c3d5205c wp-block-buttons-is-layout-flex\" style=\"margin-top:0;margin-bottom:0\">\n<div class=\"wp-block-button\"><a class=\"wp-block-button__link wp-element-button\" href=\"https:\/\/atagbenelux.com\/fr-be\/category\/asko\/\">Tout voir<\/a><\/div>\n<\/div>\n<\/div>\n\n<div class=\"wp-block-group alignfull has-global-padding is-layout-constrained wp-container-core-group-is-layout-83def410 wp-block-group-is-layout-constrained\" style=\"margin-top:var(--wp--preset--spacing--x-large);margin-bottom:var(--wp--preset--spacing--small);padding-top:var(--wp--preset--spacing--x-small);padding-right:var(--wp--preset--spacing--x-small);padding-bottom:var(--wp--preset--spacing--x-small);padding-left:var(--wp--preset--spacing--x-small)\">\n<div class=\"wp-block-group alignwide is-layout-flow wp-block-group-is-layout-flow\">\n<h2 class=\"wp-block-heading has-text-align-left\">Comment pouvons-nous vous aider ?<\/h2>\n<\/div>\n\n\n\n<div class=\"wp-block-group alignwide is-layout-flow wp-container-core-group-is-layout-4430f8d7 wp-block-group-is-layout-flow\">\n<div class=\"wp-block-columns alignwide is-layout-flex wp-container-core-columns-is-layout-b8c87c2b wp-block-columns-is-layout-flex\">\n<div class=\"wp-block-column is-layout-flow wp-container-core-column-is-layout-c39a6912 wp-block-column-is-layout-flow\">\n<div class=\"wp-block-group has-border-color has-outline-border-color is-layout-flow wp-block-group-is-layout-flow\" style=\"border-width:1px;border-radius:6px;min-height:100%;padding-top:0;padding-right:0;padding-bottom:0;padding-left:0\">\n<figure class=\"wp-block-image size-full has-custom-border swt-duotone-primary is-style-default wp-duotone-unset-1\"><img loading=\"lazy\" decoding=\"async\" width=\"800\" height=\"600\" src=\"https:\/\/atagbenelux.com\/wp-content\/uploads\/2025\/06\/ASKO-website-mock-up.png\" alt=\"ASKO website mock-up\" class=\"wp-image-10204\" style=\"border-top-left-radius:5px;border-top-right-radius:5px;border-bottom-left-radius:0px;border-bottom-right-radius:0px;aspect-ratio:4\/3;object-fit:cover\" srcset=\"https:\/\/atagbenelux.com\/wp-content\/uploads\/2025\/06\/ASKO-website-mock-up.png 800w, https:\/\/atagbenelux.com\/wp-content\/uploads\/2025\/06\/ASKO-website-mock-up-300x225.png 300w, https:\/\/atagbenelux.com\/wp-content\/uploads\/2025\/06\/ASKO-website-mock-up-768x576.png 768w\" sizes=\"auto, (max-width: 800px) 100vw, 800px\" \/><\/figure>\n\n\n\n<h5 class=\"wp-block-heading has-heading-color has-text-color\" style=\"margin-top:var(--wp--preset--spacing--small);padding-right:var(--wp--preset--spacing--small);padding-left:var(--wp--preset--spacing--small)\">be.asko.com<\/h5>\n\n\n\n<p style=\"margin-bottom:var(--wp--preset--spacing--small);padding-right:var(--wp--preset--spacing--small);padding-left:var(--wp--preset--spacing--small)\">D\u00e9couvrez les lave-linge et s\u00e8che-linge \u00e9l\u00e9gants d\u2019ASKO.<\/p>\n\n\n\n<div class=\"wp-block-buttons is-layout-flex wp-block-buttons-is-layout-flex\" style=\"margin-bottom:var(--wp--preset--spacing--small);padding-right:var(--wp--preset--spacing--small);padding-left:var(--wp--preset--spacing--small)\">\n<div class=\"wp-block-button\"><a class=\"wp-block-button__link wp-element-button\" href=\"https:\/\/be.asko.com\/\" target=\"_blank\" rel=\"noopener noreferrer nofollow\">Voir plus<\/a><\/div>\n<\/div>\n<\/div>\n<\/div>\n\n\n\n<div class=\"wp-block-column is-layout-flow wp-container-core-column-is-layout-c39a6912 wp-block-column-is-layout-flow\">\n<div class=\"wp-block-group has-border-color has-outline-border-color is-layout-flow wp-block-group-is-layout-flow\" style=\"border-width:1px;border-radius:6px;min-height:100%;padding-top:0;padding-right:0;padding-bottom:0;padding-left:0\">\n<figure class=\"wp-block-image size-full has-custom-border swt-duotone-primary is-style-default wp-duotone-unset-2\"><img loading=\"lazy\" decoding=\"async\" width=\"800\" height=\"800\" src=\"https:\/\/atagbenelux.com\/wp-content\/uploads\/2025\/06\/ASKO-logo.png\" alt=\"ASKO logo\" class=\"wp-image-10105\" style=\"border-top-left-radius:5px;border-top-right-radius:5px;border-bottom-left-radius:0px;border-bottom-right-radius:0px;aspect-ratio:4\/3;object-fit:cover\" srcset=\"https:\/\/atagbenelux.com\/wp-content\/uploads\/2025\/06\/ASKO-logo.png 800w, https:\/\/atagbenelux.com\/wp-content\/uploads\/2025\/06\/ASKO-logo-300x300.png 300w, https:\/\/atagbenelux.com\/wp-content\/uploads\/2025\/06\/ASKO-logo-150x150.png 150w, https:\/\/atagbenelux.com\/wp-content\/uploads\/2025\/06\/ASKO-logo-768x768.png 768w\" sizes=\"auto, (max-width: 800px) 100vw, 800px\" \/><\/figure>\n\n\n\n<h5 class=\"wp-block-heading has-heading-color has-text-color\" style=\"margin-top:var(--wp--preset--spacing--small);padding-right:var(--wp--preset--spacing--small);padding-left:var(--wp--preset--spacing--small)\">ASKO Global<\/h5>\n\n\n\n<p style=\"margin-bottom:var(--wp--preset--spacing--small);padding-right:var(--wp--preset--spacing--small);padding-left:var(--wp--preset--spacing--small)\">Inspired by Scandinavia. Bienvenue chez ASKO. <\/p>\n\n\n\n<div class=\"wp-block-buttons is-layout-flex wp-block-buttons-is-layout-flex\" style=\"margin-bottom:var(--wp--preset--spacing--small);padding-right:var(--wp--preset--spacing--small);padding-left:var(--wp--preset--spacing--small)\">\n<div class=\"wp-block-button\"><a class=\"wp-block-button__link wp-element-button\" href=\"https:\/\/global.asko.com\/\" target=\"_blank\" rel=\"noopener noreferrer nofollow\">Voir plus<\/a><\/div>\n<\/div>\n<\/div>\n<\/div>\n\n\n\n<div class=\"wp-block-column is-layout-flow wp-container-core-column-is-layout-c39a6912 wp-block-column-is-layout-flow\">\n<div class=\"wp-block-group has-border-color has-outline-border-color is-layout-flow wp-block-group-is-layout-flow\" style=\"border-width:1px;border-radius:6px;min-height:100%;padding-top:0;padding-right:0;padding-bottom:0;padding-left:0\">\n<figure class=\"wp-block-image size-full has-custom-border swt-duotone-primary is-style-default wp-duotone-unset-3\"><img loading=\"lazy\" decoding=\"async\" width=\"800\" height=\"600\" src=\"https:\/\/atagbenelux.com\/wp-content\/uploads\/2025\/06\/ASKO-Support-mock-up.png\" alt=\"ASKO Support mock-up\" class=\"wp-image-10225\" style=\"border-top-left-radius:5px;border-top-right-radius:5px;border-bottom-left-radius:0px;border-bottom-right-radius:0px;aspect-ratio:4\/3;object-fit:cover\" srcset=\"https:\/\/atagbenelux.com\/wp-content\/uploads\/2025\/06\/ASKO-Support-mock-up.png 800w, https:\/\/atagbenelux.com\/wp-content\/uploads\/2025\/06\/ASKO-Support-mock-up-300x225.png 300w, https:\/\/atagbenelux.com\/wp-content\/uploads\/2025\/06\/ASKO-Support-mock-up-768x576.png 768w\" sizes=\"auto, (max-width: 800px) 100vw, 800px\" \/><\/figure>\n\n\n\n<h5 class=\"wp-block-heading has-heading-color has-text-color\" style=\"margin-top:var(--wp--preset--spacing--small);padding-right:var(--wp--preset--spacing--small);padding-left:var(--wp--preset--spacing--small)\">Support ASKO<\/h5>\n\n\n\n<p style=\"margin-bottom:var(--wp--preset--spacing--small);padding-right:var(--wp--preset--spacing--small);padding-left:var(--wp--preset--spacing--small)\">Besoin d\u2019aide ? Trouvez de l\u2019assistance pour chaque appareil ASKO. <\/p>\n\n\n\n<div class=\"wp-block-buttons is-layout-flex wp-block-buttons-is-layout-flex\" style=\"margin-bottom:var(--wp--preset--spacing--small);padding-right:var(--wp--preset--spacing--small);padding-left:var(--wp--preset--spacing--small)\">\n<div class=\"wp-block-button\"><a class=\"wp-block-button__link wp-element-button\" href=\"https:\/\/support.asko.be\/fr\/support\/home\" target=\"_blank\" rel=\"noopener noreferrer nofollow\">Voir plus<\/a><\/div>\n<\/div>\n<\/div>\n<\/div>\n<\/div>\n<\/div>\n<\/div>\n","protected":false},"excerpt":{"rendered":"<p>Inspired by Scandinavia. Bienvenue chez ASKO. Depuis plus de 70 ans, ASKO associe le design scandinave traditionnel \u00e0 une technologie de pointe et \u00e0 l&rsquo;innovation pour cr\u00e9er des produits haut de gamme qui rendent la vie non seulement plus agr\u00e9able, mais aussi meilleurs pour la sant\u00e9 des personnes et pour la plan\u00e8te.ASKO propose une large [&hellip;]<\/p>\n","protected":false},"author":1,"featured_media":10106,"parent":0,"menu_order":0,"comment_status":"closed","ping_status":"closed","template":"","meta":{"_swt_meta_header_display":false,"_swt_meta_footer_display":false,"_swt_meta_site_title_display":true,"_swt_meta_sticky_header":false,"_swt_meta_transparent_header":false,"footnotes":""},"class_list":["post-10999","page","type-page","status-publish","has-post-thumbnail","hentry"],"yoast_head":"<!-- This site is optimized with the Yoast SEO plugin v27.5 - https:\/\/yoast.com\/product\/yoast-seo-wordpress\/ -->\n<title>ASKO - ATAG Benelux<\/title>\n<meta name=\"description\" content=\"Depuis plus de 70 ans, ASKO propose une large gamme de lave-linge et s\u00e8che-linge haut de gamme et innovants, au design scandinave.\" \/>\n<meta name=\"robots\" content=\"index, follow, max-snippet:-1, max-image-preview:large, max-video-preview:-1\" \/>\n<link rel=\"canonical\" href=\"https:\/\/atagbenelux.com\/fr-be\/asko\/\" \/>\n<meta property=\"og:locale\" content=\"fr_FR\" \/>\n<meta property=\"og:type\" content=\"article\" \/>\n<meta property=\"og:title\" content=\"ASKO - ATAG Benelux\" \/>\n<meta property=\"og:description\" content=\"Depuis plus de 70 ans, ASKO propose une large gamme de lave-linge et s\u00e8che-linge haut de gamme et innovants, au design scandinave.\" \/>\n<meta property=\"og:url\" content=\"https:\/\/atagbenelux.com\/fr-be\/asko\/\" \/>\n<meta property=\"og:site_name\" content=\"ATAG Benelux\" \/>\n<meta property=\"article:publisher\" content=\"https:\/\/www.facebook.com\/atagnl\/\" \/>\n<meta property=\"article:modified_time\" content=\"2025-07-02T11:21:27+00:00\" \/>\n<meta property=\"og:image\" content=\"https:\/\/atagbenelux.com\/wp-content\/uploads\/2025\/06\/ASKO-logo.png\" \/>\n\t<meta property=\"og:image:width\" content=\"800\" \/>\n\t<meta property=\"og:image:height\" content=\"800\" \/>\n\t<meta property=\"og:image:type\" content=\"image\/png\" \/>\n<meta name=\"twitter:card\" content=\"summary_large_image\" \/>\n<meta name=\"twitter:label1\" content=\"Dur\u00e9e de lecture est.\" \/>\n\t<meta name=\"twitter:data1\" content=\"1 minute\" \/>\n<script type=\"application\/ld+json\" class=\"yoast-schema-graph\">{\"@context\":\"https:\\\/\\\/schema.org\",\"@graph\":[{\"@type\":\"WebPage\",\"@id\":\"https:\\\/\\\/atagbenelux.com\\\/fr-be\\\/asko\\\/\",\"url\":\"https:\\\/\\\/atagbenelux.com\\\/fr-be\\\/asko\\\/\",\"name\":\"ASKO - ATAG Benelux\",\"isPartOf\":{\"@id\":\"https:\\\/\\\/atagbenelux.com\\\/fr-be\\\/#website\"},\"primaryImageOfPage\":{\"@id\":\"https:\\\/\\\/atagbenelux.com\\\/fr-be\\\/asko\\\/#primaryimage\"},\"image\":{\"@id\":\"https:\\\/\\\/atagbenelux.com\\\/fr-be\\\/asko\\\/#primaryimage\"},\"thumbnailUrl\":\"https:\\\/\\\/atagbenelux.com\\\/wp-content\\\/uploads\\\/2025\\\/06\\\/ASKO-logo.png\",\"datePublished\":\"2025-06-16T19:22:00+00:00\",\"dateModified\":\"2025-07-02T11:21:27+00:00\",\"description\":\"Depuis plus de 70 ans, ASKO propose une large gamme de lave-linge et s\u00e8che-linge haut de gamme et innovants, au design scandinave.\",\"breadcrumb\":{\"@id\":\"https:\\\/\\\/atagbenelux.com\\\/fr-be\\\/asko\\\/#breadcrumb\"},\"inLanguage\":\"fr-BE\",\"potentialAction\":[{\"@type\":\"ReadAction\",\"target\":[\"https:\\\/\\\/atagbenelux.com\\\/fr-be\\\/asko\\\/\"]}]},{\"@type\":\"ImageObject\",\"inLanguage\":\"fr-BE\",\"@id\":\"https:\\\/\\\/atagbenelux.com\\\/fr-be\\\/asko\\\/#primaryimage\",\"url\":\"https:\\\/\\\/atagbenelux.com\\\/wp-content\\\/uploads\\\/2025\\\/06\\\/ASKO-logo.png\",\"contentUrl\":\"https:\\\/\\\/atagbenelux.com\\\/wp-content\\\/uploads\\\/2025\\\/06\\\/ASKO-logo.png\",\"width\":800,\"height\":800,\"caption\":\"ASKO logo\"},{\"@type\":\"BreadcrumbList\",\"@id\":\"https:\\\/\\\/atagbenelux.com\\\/fr-be\\\/asko\\\/#breadcrumb\",\"itemListElement\":[{\"@type\":\"ListItem\",\"position\":1,\"name\":\"Home\",\"item\":\"https:\\\/\\\/atagbenelux.com\\\/fr-be\\\/\"},{\"@type\":\"ListItem\",\"position\":2,\"name\":\"ASKO\"}]},{\"@type\":\"WebSite\",\"@id\":\"https:\\\/\\\/atagbenelux.com\\\/fr-be\\\/#website\",\"url\":\"https:\\\/\\\/atagbenelux.com\\\/fr-be\\\/\",\"name\":\"ATAG Benelux\",\"description\":\"Uw partner in keukenapparatuur en consumentenelektronica\",\"publisher\":{\"@id\":\"https:\\\/\\\/atagbenelux.com\\\/fr-be\\\/#organization\"},\"potentialAction\":[{\"@type\":\"SearchAction\",\"target\":{\"@type\":\"EntryPoint\",\"urlTemplate\":\"https:\\\/\\\/atagbenelux.com\\\/fr-be\\\/?s={search_term_string}\"},\"query-input\":{\"@type\":\"PropertyValueSpecification\",\"valueRequired\":true,\"valueName\":\"search_term_string\"}}],\"inLanguage\":\"fr-BE\"},{\"@type\":\"Organization\",\"@id\":\"https:\\\/\\\/atagbenelux.com\\\/fr-be\\\/#organization\",\"name\":\"ATAG Benelux\",\"url\":\"https:\\\/\\\/atagbenelux.com\\\/fr-be\\\/\",\"logo\":{\"@type\":\"ImageObject\",\"inLanguage\":\"fr-BE\",\"@id\":\"https:\\\/\\\/atagbenelux.com\\\/fr-be\\\/#\\\/schema\\\/logo\\\/image\\\/\",\"url\":\"https:\\\/\\\/atagbenelux.com\\\/wp-content\\\/uploads\\\/2025\\\/05\\\/ATAG-LOGO-BENELUX-RGB.png\",\"contentUrl\":\"https:\\\/\\\/atagbenelux.com\\\/wp-content\\\/uploads\\\/2025\\\/05\\\/ATAG-LOGO-BENELUX-RGB.png\",\"width\":2008,\"height\":768,\"caption\":\"ATAG Benelux\"},\"image\":{\"@id\":\"https:\\\/\\\/atagbenelux.com\\\/fr-be\\\/#\\\/schema\\\/logo\\\/image\\\/\"},\"sameAs\":[\"https:\\\/\\\/www.facebook.com\\\/atagnl\\\/\",\"https:\\\/\\\/www.linkedin.com\\\/company\\\/atagbenelux\",\"https:\\\/\\\/www.instagram.com\\\/atag.nl\\\/\",\"https:\\\/\\\/www.youtube.com\\\/user\\\/ATAGTV\",\"https:\\\/\\\/nl.pinterest.com\\\/atagnl\\\/\"]}]}<\/script>\n<!-- \/ Yoast SEO plugin. -->","yoast_head_json":{"title":"ASKO - ATAG Benelux","description":"Depuis plus de 70 ans, ASKO propose une large gamme de lave-linge et s\u00e8che-linge haut de gamme et innovants, au design scandinave.","robots":{"index":"index","follow":"follow","max-snippet":"max-snippet:-1","max-image-preview":"max-image-preview:large","max-video-preview":"max-video-preview:-1"},"canonical":"https:\/\/atagbenelux.com\/fr-be\/asko\/","og_locale":"fr_FR","og_type":"article","og_title":"ASKO - ATAG Benelux","og_description":"Depuis plus de 70 ans, ASKO propose une large gamme de lave-linge et s\u00e8che-linge haut de gamme et innovants, au design scandinave.","og_url":"https:\/\/atagbenelux.com\/fr-be\/asko\/","og_site_name":"ATAG Benelux","article_publisher":"https:\/\/www.facebook.com\/atagnl\/","article_modified_time":"2025-07-02T11:21:27+00:00","og_image":[{"width":800,"height":800,"url":"https:\/\/atagbenelux.com\/wp-content\/uploads\/2025\/06\/ASKO-logo.png","type":"image\/png"}],"twitter_card":"summary_large_image","twitter_misc":{"Dur\u00e9e de lecture est.":"1 minute"},"schema":{"@context":"https:\/\/schema.org","@graph":[{"@type":"WebPage","@id":"https:\/\/atagbenelux.com\/fr-be\/asko\/","url":"https:\/\/atagbenelux.com\/fr-be\/asko\/","name":"ASKO - ATAG Benelux","isPartOf":{"@id":"https:\/\/atagbenelux.com\/fr-be\/#website"},"primaryImageOfPage":{"@id":"https:\/\/atagbenelux.com\/fr-be\/asko\/#primaryimage"},"image":{"@id":"https:\/\/atagbenelux.com\/fr-be\/asko\/#primaryimage"},"thumbnailUrl":"https:\/\/atagbenelux.com\/wp-content\/uploads\/2025\/06\/ASKO-logo.png","datePublished":"2025-06-16T19:22:00+00:00","dateModified":"2025-07-02T11:21:27+00:00","description":"Depuis plus de 70 ans, ASKO propose une large gamme de lave-linge et s\u00e8che-linge haut de gamme et innovants, au design scandinave.","breadcrumb":{"@id":"https:\/\/atagbenelux.com\/fr-be\/asko\/#breadcrumb"},"inLanguage":"fr-BE","potentialAction":[{"@type":"ReadAction","target":["https:\/\/atagbenelux.com\/fr-be\/asko\/"]}]},{"@type":"ImageObject","inLanguage":"fr-BE","@id":"https:\/\/atagbenelux.com\/fr-be\/asko\/#primaryimage","url":"https:\/\/atagbenelux.com\/wp-content\/uploads\/2025\/06\/ASKO-logo.png","contentUrl":"https:\/\/atagbenelux.com\/wp-content\/uploads\/2025\/06\/ASKO-logo.png","width":800,"height":800,"caption":"ASKO logo"},{"@type":"BreadcrumbList","@id":"https:\/\/atagbenelux.com\/fr-be\/asko\/#breadcrumb","itemListElement":[{"@type":"ListItem","position":1,"name":"Home","item":"https:\/\/atagbenelux.com\/fr-be\/"},{"@type":"ListItem","position":2,"name":"ASKO"}]},{"@type":"WebSite","@id":"https:\/\/atagbenelux.com\/fr-be\/#website","url":"https:\/\/atagbenelux.com\/fr-be\/","name":"ATAG Benelux","description":"Uw partner in keukenapparatuur en consumentenelektronica","publisher":{"@id":"https:\/\/atagbenelux.com\/fr-be\/#organization"},"potentialAction":[{"@type":"SearchAction","target":{"@type":"EntryPoint","urlTemplate":"https:\/\/atagbenelux.com\/fr-be\/?s={search_term_string}"},"query-input":{"@type":"PropertyValueSpecification","valueRequired":true,"valueName":"search_term_string"}}],"inLanguage":"fr-BE"},{"@type":"Organization","@id":"https:\/\/atagbenelux.com\/fr-be\/#organization","name":"ATAG Benelux","url":"https:\/\/atagbenelux.com\/fr-be\/","logo":{"@type":"ImageObject","inLanguage":"fr-BE","@id":"https:\/\/atagbenelux.com\/fr-be\/#\/schema\/logo\/image\/","url":"https:\/\/atagbenelux.com\/wp-content\/uploads\/2025\/05\/ATAG-LOGO-BENELUX-RGB.png","contentUrl":"https:\/\/atagbenelux.com\/wp-content\/uploads\/2025\/05\/ATAG-LOGO-BENELUX-RGB.png","width":2008,"height":768,"caption":"ATAG Benelux"},"image":{"@id":"https:\/\/atagbenelux.com\/fr-be\/#\/schema\/logo\/image\/"},"sameAs":["https:\/\/www.facebook.com\/atagnl\/","https:\/\/www.linkedin.com\/company\/atagbenelux","https:\/\/www.instagram.com\/atag.nl\/","https:\/\/www.youtube.com\/user\/ATAGTV","https:\/\/nl.pinterest.com\/atagnl\/"]}]}},"_links":{"self":[{"href":"https:\/\/atagbenelux.com\/fr-be\/wp-json\/wp\/v2\/pages\/10999","targetHints":{"allow":["GET"]}}],"collection":[{"href":"https:\/\/atagbenelux.com\/fr-be\/wp-json\/wp\/v2\/pages"}],"about":[{"href":"https:\/\/atagbenelux.com\/fr-be\/wp-json\/wp\/v2\/types\/page"}],"author":[{"embeddable":true,"href":"https:\/\/atagbenelux.com\/fr-be\/wp-json\/wp\/v2\/users\/1"}],"replies":[{"embeddable":true,"href":"https:\/\/atagbenelux.com\/fr-be\/wp-json\/wp\/v2\/comments?post=10999"}],"version-history":[{"count":3,"href":"https:\/\/atagbenelux.com\/fr-be\/wp-json\/wp\/v2\/pages\/10999\/revisions"}],"predecessor-version":[{"id":11838,"href":"https:\/\/atagbenelux.com\/fr-be\/wp-json\/wp\/v2\/pages\/10999\/revisions\/11838"}],"wp:featuredmedia":[{"embeddable":true,"href":"https:\/\/atagbenelux.com\/fr-be\/wp-json\/wp\/v2\/media\/10106"}],"wp:attachment":[{"href":"https:\/\/atagbenelux.com\/fr-be\/wp-json\/wp\/v2\/media?parent=10999"}],"curies":[{"name":"wp","href":"https:\/\/api.w.org\/{rel}","templated":true}]}}