{"id":10991,"date":"2019-08-14T13:51:00","date_gmt":"2019-08-14T11:51:00","guid":{"rendered":"https:\/\/atagbenelux.com\/disponibilite\/"},"modified":"2025-07-01T11:53:18","modified_gmt":"2025-07-01T09:53:18","slug":"disponibilite","status":"publish","type":"page","link":"https:\/\/atagbenelux.com\/fr-be\/disponibilite\/","title":{"rendered":"Disponibilit\u00e9"},"content":{"rendered":"\n<h2 class=\"wp-block-heading\">Mises \u00e0 jour de l\u2019assortiment par marque<\/h2>\n\n\n\n<p>Nous vous souhaitons de vous tenir inform\u00e9s de nos nouveaux produits, ainsi des produits existent et des produits qui sortent de gamme avec ou sans alternative possible.<\/p>\n\n\n\n<p><strong>ATAG<\/strong><br><a href=\"https:\/\/www.atagbenelux.com\/wp-content\/uploads\/2024\/12\/ATAG-Beschikbaarheidslijst-2024-12-FR.pdf\" target=\"_blank\" rel=\"noreferrer noopener\">Voir l&rsquo;aper\u00e7u actuel<\/a><\/p>\n\n\n\n<p><strong>ASKO<\/strong><br><a href=\"https:\/\/www.atagbenelux.com\/wp-content\/uploads\/2023\/05\/ASKO-Beschikbaarheidslijst-2023-05-FR.pdf\" target=\"_blank\" rel=\"noreferrer noopener\">Voir l&rsquo;aper\u00e7u actuel<\/a><\/p>\n\n\n\n<p><strong>ETNA<\/strong><br><a href=\"https:\/\/www.atagbenelux.com\/wp-content\/uploads\/2024\/12\/ETNA-Beschikbaarheidslijst-2024-12-FR.pdf\" target=\"_blank\" rel=\"noreferrer noopener\">Voir l&rsquo;aper\u00e7u actuel<\/a><\/p>\n\n\n\n<p><strong>PELGRIM<\/strong><br><a href=\"https:\/\/www.atagbenelux.com\/wp-content\/uploads\/2024\/12\/Pelgrim-Beschikbaarheidslijst-2024-12-FR.pdf\" target=\"_blank\" rel=\"noreferrer noopener\">Voir l&rsquo;aper\u00e7u actuel<\/a><\/p>\n\n\n\n<p><strong>HISENSE<\/strong><br><a href=\"https:\/\/www.atagbenelux.com\/wp-content\/uploads\/2024\/06\/Hisense-Beschikbaarheidslijst-2024-03-FR.pdf\" target=\"_blank\" rel=\"noreferrer noopener\">Voir l&rsquo;aper\u00e7u actuel<\/a><\/p>\n\n\n\n<p><\/p>\n","protected":false},"excerpt":{"rendered":"<p>Mises \u00e0 jour de l\u2019assortiment par marque Nous vous souhaitons de vous tenir inform\u00e9s de nos nouveaux produits, ainsi des produits existent et des produits qui sortent de gamme avec ou sans alternative possible. ATAGVoir l&rsquo;aper\u00e7u actuel ASKOVoir l&rsquo;aper\u00e7u actuel ETNAVoir l&rsquo;aper\u00e7u actuel PELGRIMVoir l&rsquo;aper\u00e7u actuel HISENSEVoir l&rsquo;aper\u00e7u actuel<\/p>\n","protected":false},"author":2,"featured_media":317,"parent":0,"menu_order":0,"comment_status":"closed","ping_status":"closed","template":"","meta":{"_swt_meta_header_display":false,"_swt_meta_footer_display":false,"_swt_meta_site_title_display":false,"_swt_meta_sticky_header":false,"_swt_meta_transparent_header":false,"footnotes":""},"class_list":["post-10991","page","type-page","status-publish","has-post-thumbnail","hentry"],"yoast_head":"<!-- This site is optimized with the Yoast SEO plugin v27.3 - https:\/\/yoast.com\/product\/yoast-seo-wordpress\/ -->\n<title>Disponibilit\u00e9 - ATAG Benelux<\/title>\n<meta name=\"robots\" content=\"index, follow, max-snippet:-1, max-image-preview:large, max-video-preview:-1\" \/>\n<link rel=\"canonical\" href=\"https:\/\/atagbenelux.com\/fr-be\/disponibilite\/\" \/>\n<meta property=\"og:locale\" content=\"fr_FR\" \/>\n<meta property=\"og:type\" content=\"article\" \/>\n<meta property=\"og:title\" content=\"Disponibilit\u00e9 - ATAG Benelux\" \/>\n<meta property=\"og:description\" content=\"Mises \u00e0 jour de l\u2019assortiment par marque Nous vous souhaitons de vous tenir inform\u00e9s de nos nouveaux produits, ainsi des produits existent et des produits qui sortent de gamme avec ou sans alternative possible. ATAGVoir l&rsquo;aper\u00e7u actuel ASKOVoir l&rsquo;aper\u00e7u actuel ETNAVoir l&rsquo;aper\u00e7u actuel PELGRIMVoir l&rsquo;aper\u00e7u actuel HISENSEVoir l&rsquo;aper\u00e7u actuel\" \/>\n<meta property=\"og:url\" content=\"https:\/\/atagbenelux.com\/fr-be\/disponibilite\/\" \/>\n<meta property=\"og:site_name\" content=\"ATAG Benelux\" \/>\n<meta property=\"article:publisher\" content=\"https:\/\/www.facebook.com\/atagnl\/\" \/>\n<meta property=\"article:modified_time\" content=\"2025-07-01T09:53:18+00:00\" \/>\n<meta property=\"og:image\" content=\"https:\/\/atagbenelux.com\/wp-content\/uploads\/2025\/05\/ATAG-Benelux-Default.png\" \/>\n\t<meta property=\"og:image:width\" content=\"1080\" \/>\n\t<meta property=\"og:image:height\" content=\"1080\" \/>\n\t<meta property=\"og:image:type\" content=\"image\/png\" \/>\n<meta name=\"twitter:card\" content=\"summary_large_image\" \/>\n<meta name=\"twitter:label1\" content=\"Dur\u00e9e de lecture est.\" \/>\n\t<meta name=\"twitter:data1\" content=\"1 minute\" \/>\n<script type=\"application\/ld+json\" class=\"yoast-schema-graph\">{\"@context\":\"https:\\\/\\\/schema.org\",\"@graph\":[{\"@type\":\"WebPage\",\"@id\":\"https:\\\/\\\/atagbenelux.com\\\/fr-be\\\/disponibilite\\\/\",\"url\":\"https:\\\/\\\/atagbenelux.com\\\/fr-be\\\/disponibilite\\\/\",\"name\":\"Disponibilit\u00e9 - ATAG Benelux\",\"isPartOf\":{\"@id\":\"https:\\\/\\\/atagbenelux.com\\\/fr-be\\\/#website\"},\"primaryImageOfPage\":{\"@id\":\"https:\\\/\\\/atagbenelux.com\\\/fr-be\\\/disponibilite\\\/#primaryimage\"},\"image\":{\"@id\":\"https:\\\/\\\/atagbenelux.com\\\/fr-be\\\/disponibilite\\\/#primaryimage\"},\"thumbnailUrl\":\"https:\\\/\\\/atagbenelux.com\\\/wp-content\\\/uploads\\\/2025\\\/05\\\/ATAG-Benelux-Default.png\",\"datePublished\":\"2019-08-14T11:51:00+00:00\",\"dateModified\":\"2025-07-01T09:53:18+00:00\",\"breadcrumb\":{\"@id\":\"https:\\\/\\\/atagbenelux.com\\\/fr-be\\\/disponibilite\\\/#breadcrumb\"},\"inLanguage\":\"fr-BE\",\"potentialAction\":[{\"@type\":\"ReadAction\",\"target\":[\"https:\\\/\\\/atagbenelux.com\\\/fr-be\\\/disponibilite\\\/\"]}]},{\"@type\":\"ImageObject\",\"inLanguage\":\"fr-BE\",\"@id\":\"https:\\\/\\\/atagbenelux.com\\\/fr-be\\\/disponibilite\\\/#primaryimage\",\"url\":\"https:\\\/\\\/atagbenelux.com\\\/wp-content\\\/uploads\\\/2025\\\/05\\\/ATAG-Benelux-Default.png\",\"contentUrl\":\"https:\\\/\\\/atagbenelux.com\\\/wp-content\\\/uploads\\\/2025\\\/05\\\/ATAG-Benelux-Default.png\",\"width\":1080,\"height\":1080},{\"@type\":\"BreadcrumbList\",\"@id\":\"https:\\\/\\\/atagbenelux.com\\\/fr-be\\\/disponibilite\\\/#breadcrumb\",\"itemListElement\":[{\"@type\":\"ListItem\",\"position\":1,\"name\":\"Home\",\"item\":\"https:\\\/\\\/atagbenelux.com\\\/fr-be\\\/\"},{\"@type\":\"ListItem\",\"position\":2,\"name\":\"Disponibilit\u00e9\"}]},{\"@type\":\"WebSite\",\"@id\":\"https:\\\/\\\/atagbenelux.com\\\/fr-be\\\/#website\",\"url\":\"https:\\\/\\\/atagbenelux.com\\\/fr-be\\\/\",\"name\":\"ATAG Benelux\",\"description\":\"Uw partner in keukenapparatuur en consumentenelektronica\",\"publisher\":{\"@id\":\"https:\\\/\\\/atagbenelux.com\\\/fr-be\\\/#organization\"},\"potentialAction\":[{\"@type\":\"SearchAction\",\"target\":{\"@type\":\"EntryPoint\",\"urlTemplate\":\"https:\\\/\\\/atagbenelux.com\\\/fr-be\\\/?s={search_term_string}\"},\"query-input\":{\"@type\":\"PropertyValueSpecification\",\"valueRequired\":true,\"valueName\":\"search_term_string\"}}],\"inLanguage\":\"fr-BE\"},{\"@type\":\"Organization\",\"@id\":\"https:\\\/\\\/atagbenelux.com\\\/fr-be\\\/#organization\",\"name\":\"ATAG Benelux\",\"url\":\"https:\\\/\\\/atagbenelux.com\\\/fr-be\\\/\",\"logo\":{\"@type\":\"ImageObject\",\"inLanguage\":\"fr-BE\",\"@id\":\"https:\\\/\\\/atagbenelux.com\\\/fr-be\\\/#\\\/schema\\\/logo\\\/image\\\/\",\"url\":\"https:\\\/\\\/atagbenelux.com\\\/wp-content\\\/uploads\\\/2025\\\/05\\\/ATAG-LOGO-BENELUX-RGB.png\",\"contentUrl\":\"https:\\\/\\\/atagbenelux.com\\\/wp-content\\\/uploads\\\/2025\\\/05\\\/ATAG-LOGO-BENELUX-RGB.png\",\"width\":2008,\"height\":768,\"caption\":\"ATAG Benelux\"},\"image\":{\"@id\":\"https:\\\/\\\/atagbenelux.com\\\/fr-be\\\/#\\\/schema\\\/logo\\\/image\\\/\"},\"sameAs\":[\"https:\\\/\\\/www.facebook.com\\\/atagnl\\\/\",\"https:\\\/\\\/www.linkedin.com\\\/company\\\/atagbenelux\",\"https:\\\/\\\/www.instagram.com\\\/atag.nl\\\/\",\"https:\\\/\\\/www.youtube.com\\\/user\\\/ATAGTV\",\"https:\\\/\\\/nl.pinterest.com\\\/atagnl\\\/\"]}]}<\/script>\n<!-- \/ Yoast SEO plugin. -->","yoast_head_json":{"title":"Disponibilit\u00e9 - ATAG Benelux","robots":{"index":"index","follow":"follow","max-snippet":"max-snippet:-1","max-image-preview":"max-image-preview:large","max-video-preview":"max-video-preview:-1"},"canonical":"https:\/\/atagbenelux.com\/fr-be\/disponibilite\/","og_locale":"fr_FR","og_type":"article","og_title":"Disponibilit\u00e9 - ATAG Benelux","og_description":"Mises \u00e0 jour de l\u2019assortiment par marque Nous vous souhaitons de vous tenir inform\u00e9s de nos nouveaux produits, ainsi des produits existent et des produits qui sortent de gamme avec ou sans alternative possible. ATAGVoir l&rsquo;aper\u00e7u actuel ASKOVoir l&rsquo;aper\u00e7u actuel ETNAVoir l&rsquo;aper\u00e7u actuel PELGRIMVoir l&rsquo;aper\u00e7u actuel HISENSEVoir l&rsquo;aper\u00e7u actuel","og_url":"https:\/\/atagbenelux.com\/fr-be\/disponibilite\/","og_site_name":"ATAG Benelux","article_publisher":"https:\/\/www.facebook.com\/atagnl\/","article_modified_time":"2025-07-01T09:53:18+00:00","og_image":[{"width":1080,"height":1080,"url":"https:\/\/atagbenelux.com\/wp-content\/uploads\/2025\/05\/ATAG-Benelux-Default.png","type":"image\/png"}],"twitter_card":"summary_large_image","twitter_misc":{"Dur\u00e9e de lecture est.":"1 minute"},"schema":{"@context":"https:\/\/schema.org","@graph":[{"@type":"WebPage","@id":"https:\/\/atagbenelux.com\/fr-be\/disponibilite\/","url":"https:\/\/atagbenelux.com\/fr-be\/disponibilite\/","name":"Disponibilit\u00e9 - ATAG Benelux","isPartOf":{"@id":"https:\/\/atagbenelux.com\/fr-be\/#website"},"primaryImageOfPage":{"@id":"https:\/\/atagbenelux.com\/fr-be\/disponibilite\/#primaryimage"},"image":{"@id":"https:\/\/atagbenelux.com\/fr-be\/disponibilite\/#primaryimage"},"thumbnailUrl":"https:\/\/atagbenelux.com\/wp-content\/uploads\/2025\/05\/ATAG-Benelux-Default.png","datePublished":"2019-08-14T11:51:00+00:00","dateModified":"2025-07-01T09:53:18+00:00","breadcrumb":{"@id":"https:\/\/atagbenelux.com\/fr-be\/disponibilite\/#breadcrumb"},"inLanguage":"fr-BE","potentialAction":[{"@type":"ReadAction","target":["https:\/\/atagbenelux.com\/fr-be\/disponibilite\/"]}]},{"@type":"ImageObject","inLanguage":"fr-BE","@id":"https:\/\/atagbenelux.com\/fr-be\/disponibilite\/#primaryimage","url":"https:\/\/atagbenelux.com\/wp-content\/uploads\/2025\/05\/ATAG-Benelux-Default.png","contentUrl":"https:\/\/atagbenelux.com\/wp-content\/uploads\/2025\/05\/ATAG-Benelux-Default.png","width":1080,"height":1080},{"@type":"BreadcrumbList","@id":"https:\/\/atagbenelux.com\/fr-be\/disponibilite\/#breadcrumb","itemListElement":[{"@type":"ListItem","position":1,"name":"Home","item":"https:\/\/atagbenelux.com\/fr-be\/"},{"@type":"ListItem","position":2,"name":"Disponibilit\u00e9"}]},{"@type":"WebSite","@id":"https:\/\/atagbenelux.com\/fr-be\/#website","url":"https:\/\/atagbenelux.com\/fr-be\/","name":"ATAG Benelux","description":"Uw partner in keukenapparatuur en consumentenelektronica","publisher":{"@id":"https:\/\/atagbenelux.com\/fr-be\/#organization"},"potentialAction":[{"@type":"SearchAction","target":{"@type":"EntryPoint","urlTemplate":"https:\/\/atagbenelux.com\/fr-be\/?s={search_term_string}"},"query-input":{"@type":"PropertyValueSpecification","valueRequired":true,"valueName":"search_term_string"}}],"inLanguage":"fr-BE"},{"@type":"Organization","@id":"https:\/\/atagbenelux.com\/fr-be\/#organization","name":"ATAG Benelux","url":"https:\/\/atagbenelux.com\/fr-be\/","logo":{"@type":"ImageObject","inLanguage":"fr-BE","@id":"https:\/\/atagbenelux.com\/fr-be\/#\/schema\/logo\/image\/","url":"https:\/\/atagbenelux.com\/wp-content\/uploads\/2025\/05\/ATAG-LOGO-BENELUX-RGB.png","contentUrl":"https:\/\/atagbenelux.com\/wp-content\/uploads\/2025\/05\/ATAG-LOGO-BENELUX-RGB.png","width":2008,"height":768,"caption":"ATAG Benelux"},"image":{"@id":"https:\/\/atagbenelux.com\/fr-be\/#\/schema\/logo\/image\/"},"sameAs":["https:\/\/www.facebook.com\/atagnl\/","https:\/\/www.linkedin.com\/company\/atagbenelux","https:\/\/www.instagram.com\/atag.nl\/","https:\/\/www.youtube.com\/user\/ATAGTV","https:\/\/nl.pinterest.com\/atagnl\/"]}]}},"_links":{"self":[{"href":"https:\/\/atagbenelux.com\/fr-be\/wp-json\/wp\/v2\/pages\/10991","targetHints":{"allow":["GET"]}}],"collection":[{"href":"https:\/\/atagbenelux.com\/fr-be\/wp-json\/wp\/v2\/pages"}],"about":[{"href":"https:\/\/atagbenelux.com\/fr-be\/wp-json\/wp\/v2\/types\/page"}],"author":[{"embeddable":true,"href":"https:\/\/atagbenelux.com\/fr-be\/wp-json\/wp\/v2\/users\/2"}],"replies":[{"embeddable":true,"href":"https:\/\/atagbenelux.com\/fr-be\/wp-json\/wp\/v2\/comments?post=10991"}],"version-history":[{"count":2,"href":"https:\/\/atagbenelux.com\/fr-be\/wp-json\/wp\/v2\/pages\/10991\/revisions"}],"predecessor-version":[{"id":11006,"href":"https:\/\/atagbenelux.com\/fr-be\/wp-json\/wp\/v2\/pages\/10991\/revisions\/11006"}],"wp:featuredmedia":[{"embeddable":true,"href":"https:\/\/atagbenelux.com\/fr-be\/wp-json\/wp\/v2\/media\/317"}],"wp:attachment":[{"href":"https:\/\/atagbenelux.com\/fr-be\/wp-json\/wp\/v2\/media?parent=10991"}],"curies":[{"name":"wp","href":"https:\/\/api.w.org\/{rel}","templated":true}]}}