{"id":10987,"date":"2025-06-16T21:55:00","date_gmt":"2025-06-16T19:55:00","guid":{"rendered":"https:\/\/atagbenelux.com\/marques\/"},"modified":"2025-07-03T09:53:20","modified_gmt":"2025-07-03T07:53:20","slug":"marques","status":"publish","type":"page","link":"https:\/\/atagbenelux.com\/fr-be\/marques\/","title":{"rendered":"Marques"},"content":{"rendered":"\n<div class=\"wp-block-group alignfull has-background is-layout-flow wp-block-group-is-layout-flow\" style=\"background:var(--wp--preset--gradient--primary);margin-top:0;margin-bottom:0;padding-top:var(--wp--preset--spacing--small);padding-right:var(--wp--preset--spacing--small);padding-bottom:var(--wp--preset--spacing--small);padding-left:var(--wp--preset--spacing--small)\"><\/div>\n\n\n\n<div class=\"wp-block-group alignfull has-global-padding is-layout-constrained wp-container-core-group-is-layout-28d8bd72 wp-block-group-is-layout-constrained\" style=\"padding-top:var(--wp--preset--spacing--medium);padding-right:var(--wp--preset--spacing--x-small);padding-bottom:var(--wp--preset--spacing--medium);padding-left:var(--wp--preset--spacing--x-small)\">\n<div class=\"wp-block-group alignwide is-layout-flow wp-block-group-is-layout-flow\" style=\"padding-bottom:var(--wp--preset--spacing--x-small)\">\n<h1 class=\"wp-block-heading has-text-align-center\">Nos marques<\/h1>\n\n\n\n<p class=\"has-text-align-center\">Notre gamme de produits se compose de cinq marques fortes &#8211; ATAG, Pelgrim, ETNA, Hisense et ASKO &#8211; avec lesquelles nous offrons un large choix en termes de gamme de prix, de design et de sp\u00e9cifications.<\/p>\n<\/div>\n\n\n\n<div class=\"wp-block-group alignwide is-layout-flow wp-container-core-group-is-layout-4430f8d7 wp-block-group-is-layout-flow\">\n<div class=\"wp-block-columns alignwide is-layout-flex wp-container-core-columns-is-layout-b8c87c2b wp-block-columns-is-layout-flex\">\n<div class=\"wp-block-column is-layout-flow wp-container-core-column-is-layout-c39a6912 wp-block-column-is-layout-flow\">\n<div class=\"wp-block-group has-border-color has-outline-border-color is-layout-flow wp-block-group-is-layout-flow\" style=\"border-width:1px;border-radius:6px;min-height:100%;padding-top:0;padding-right:0;padding-bottom:0;padding-left:0\">\n<figure class=\"wp-block-image size-full has-custom-border swt-duotone-primary is-style-default\"><a href=\"https:\/\/atagbenelux.com\/fr-be\/atag\/\"><img loading=\"lazy\" decoding=\"async\" width=\"800\" height=\"800\" src=\"https:\/\/atagbenelux.com\/wp-content\/uploads\/2025\/06\/ATAG-logo.png\" alt=\"\" class=\"wp-image-10108\" style=\"border-top-left-radius:5px;border-top-right-radius:5px;border-bottom-left-radius:0px;border-bottom-right-radius:0px;aspect-ratio:4\/3;object-fit:cover\" srcset=\"https:\/\/atagbenelux.com\/wp-content\/uploads\/2025\/06\/ATAG-logo.png 800w, https:\/\/atagbenelux.com\/wp-content\/uploads\/2025\/06\/ATAG-logo-300x300.png 300w, https:\/\/atagbenelux.com\/wp-content\/uploads\/2025\/06\/ATAG-logo-150x150.png 150w, https:\/\/atagbenelux.com\/wp-content\/uploads\/2025\/06\/ATAG-logo-768x768.png 768w\" sizes=\"auto, (max-width: 800px) 100vw, 800px\" \/><\/a><\/figure>\n\n\n\n<h2 class=\"wp-block-heading has-heading-color has-text-color has-large-font-size\" style=\"margin-top:var(--wp--preset--spacing--small);padding-right:var(--wp--preset--spacing--small);padding-left:var(--wp--preset--spacing--small)\">ATAG<\/h2>\n\n\n\n<p style=\"margin-bottom:var(--wp--preset--spacing--small);padding-right:var(--wp--preset--spacing--small);padding-left:var(--wp--preset--spacing--small)\">D\u00e9couvrez le chef qui sommeille en vous avec les appareils de cuisine ATAG.  <\/p>\n\n\n\n<div class=\"wp-block-buttons is-layout-flex wp-block-buttons-is-layout-flex\" style=\"margin-bottom:var(--wp--preset--spacing--small);padding-right:var(--wp--preset--spacing--small);padding-left:var(--wp--preset--spacing--small)\">\n<div class=\"wp-block-button\"><a class=\"wp-block-button__link wp-element-button\" href=\"https:\/\/atagbenelux.com\/fr-be\/atag\/\">En savoir plus<\/a><\/div>\n<\/div>\n<\/div>\n<\/div>\n\n\n\n<div class=\"wp-block-column is-layout-flow wp-container-core-column-is-layout-c39a6912 wp-block-column-is-layout-flow\">\n<div class=\"wp-block-group has-border-color has-outline-border-color is-layout-flow wp-block-group-is-layout-flow\" style=\"border-width:1px;border-radius:6px;min-height:100%;padding-top:0;padding-right:0;padding-bottom:0;padding-left:0\">\n<figure class=\"wp-block-image size-full has-custom-border swt-duotone-primary is-style-default wp-duotone-unset-1\"><a href=\"https:\/\/atagbenelux.com\/fr-be\/pelgrim\/\"><img loading=\"lazy\" decoding=\"async\" width=\"800\" height=\"800\" src=\"https:\/\/atagbenelux.com\/wp-content\/uploads\/2025\/06\/Pelgrim-logo.png\" alt=\"\" class=\"wp-image-10117\" style=\"border-top-left-radius:5px;border-top-right-radius:5px;border-bottom-left-radius:0px;border-bottom-right-radius:0px;aspect-ratio:4\/3;object-fit:cover\" srcset=\"https:\/\/atagbenelux.com\/wp-content\/uploads\/2025\/06\/Pelgrim-logo.png 800w, https:\/\/atagbenelux.com\/wp-content\/uploads\/2025\/06\/Pelgrim-logo-300x300.png 300w, https:\/\/atagbenelux.com\/wp-content\/uploads\/2025\/06\/Pelgrim-logo-150x150.png 150w, https:\/\/atagbenelux.com\/wp-content\/uploads\/2025\/06\/Pelgrim-logo-768x768.png 768w\" sizes=\"auto, (max-width: 800px) 100vw, 800px\" \/><\/a><\/figure>\n\n\n\n<h2 class=\"wp-block-heading has-heading-color has-text-color has-large-font-size\" style=\"margin-top:var(--wp--preset--spacing--small);padding-right:var(--wp--preset--spacing--small);padding-left:var(--wp--preset--spacing--small)\">Pelgrim<\/h2>\n\n\n\n<p style=\"margin-bottom:var(--wp--preset--spacing--small);padding-right:var(--wp--preset--spacing--small);padding-left:var(--wp--preset--spacing--small)\">La cuisine est votre maison, et Pelgrim est chez lui dans toutes les cuisines.<\/p>\n\n\n\n<div class=\"wp-block-buttons is-layout-flex wp-block-buttons-is-layout-flex\" style=\"margin-bottom:var(--wp--preset--spacing--small);padding-right:var(--wp--preset--spacing--small);padding-left:var(--wp--preset--spacing--small)\">\n<div class=\"wp-block-button\"><a class=\"wp-block-button__link wp-element-button\" href=\"https:\/\/atagbenelux.com\/fr-be\/pelgrim\/\">En savoir plus<\/a><\/div>\n<\/div>\n<\/div>\n<\/div>\n\n\n\n<div class=\"wp-block-column is-layout-flow wp-container-core-column-is-layout-c39a6912 wp-block-column-is-layout-flow\">\n<div class=\"wp-block-group has-border-color has-outline-border-color is-layout-flow wp-block-group-is-layout-flow\" style=\"border-width:1px;border-radius:6px;min-height:100%;padding-top:0;padding-right:0;padding-bottom:0;padding-left:0\">\n<figure class=\"wp-block-image size-full has-custom-border swt-duotone-primary is-style-default wp-duotone-unset-2\"><a href=\"https:\/\/atagbenelux.com\/fr-be\/etna\/\"><img loading=\"lazy\" decoding=\"async\" width=\"800\" height=\"800\" src=\"https:\/\/atagbenelux.com\/wp-content\/uploads\/2025\/06\/ETNA-logo.png\" alt=\"\" class=\"wp-image-10111\" style=\"border-top-left-radius:5px;border-top-right-radius:5px;border-bottom-left-radius:0px;border-bottom-right-radius:0px;aspect-ratio:4\/3;object-fit:cover\" srcset=\"https:\/\/atagbenelux.com\/wp-content\/uploads\/2025\/06\/ETNA-logo.png 800w, https:\/\/atagbenelux.com\/wp-content\/uploads\/2025\/06\/ETNA-logo-300x300.png 300w, https:\/\/atagbenelux.com\/wp-content\/uploads\/2025\/06\/ETNA-logo-150x150.png 150w, https:\/\/atagbenelux.com\/wp-content\/uploads\/2025\/06\/ETNA-logo-768x768.png 768w\" sizes=\"auto, (max-width: 800px) 100vw, 800px\" \/><\/a><\/figure>\n\n\n\n<h2 class=\"wp-block-heading has-heading-color has-text-color has-large-font-size\" style=\"margin-top:var(--wp--preset--spacing--small);padding-right:var(--wp--preset--spacing--small);padding-left:var(--wp--preset--spacing--small)\">ETNA<\/h2>\n\n\n\n<p style=\"margin-bottom:var(--wp--preset--spacing--small);padding-right:var(--wp--preset--spacing--small);padding-left:var(--wp--preset--spacing--small)\">ETNA rend la cuisine de r\u00eave accessible \u00e0 tous.<\/p>\n\n\n\n<div class=\"wp-block-buttons is-layout-flex wp-block-buttons-is-layout-flex\" style=\"margin-bottom:var(--wp--preset--spacing--small);padding-right:var(--wp--preset--spacing--small);padding-left:var(--wp--preset--spacing--small)\">\n<div class=\"wp-block-button\"><a class=\"wp-block-button__link wp-element-button\" href=\"https:\/\/atagbenelux.com\/fr-be\/etna\/\">En savoir plus<\/a><\/div>\n<\/div>\n<\/div>\n<\/div>\n<\/div>\n\n\n\n<div class=\"wp-block-columns alignwide is-layout-flex wp-container-core-columns-is-layout-b8c87c2b wp-block-columns-is-layout-flex\">\n<div class=\"wp-block-column is-layout-flow wp-container-core-column-is-layout-c39a6912 wp-block-column-is-layout-flow\">\n<div class=\"wp-block-group has-border-color has-outline-border-color is-layout-flow wp-block-group-is-layout-flow\" style=\"border-width:1px;border-radius:6px;min-height:100%;padding-top:0;padding-right:0;padding-bottom:0;padding-left:0\">\n<figure class=\"wp-block-image size-full has-custom-border swt-duotone-primary is-style-default wp-duotone-unset-3\"><a href=\"https:\/\/atagbenelux.com\/fr-be\/hisense\/\"><img loading=\"lazy\" decoding=\"async\" width=\"800\" height=\"800\" src=\"https:\/\/atagbenelux.com\/wp-content\/uploads\/2025\/06\/Hisense-logo.png\" alt=\"\" class=\"wp-image-10114\" style=\"border-top-left-radius:5px;border-top-right-radius:5px;border-bottom-left-radius:0px;border-bottom-right-radius:0px;aspect-ratio:4\/3;object-fit:cover\" srcset=\"https:\/\/atagbenelux.com\/wp-content\/uploads\/2025\/06\/Hisense-logo.png 800w, https:\/\/atagbenelux.com\/wp-content\/uploads\/2025\/06\/Hisense-logo-300x300.png 300w, https:\/\/atagbenelux.com\/wp-content\/uploads\/2025\/06\/Hisense-logo-150x150.png 150w, https:\/\/atagbenelux.com\/wp-content\/uploads\/2025\/06\/Hisense-logo-768x768.png 768w\" sizes=\"auto, (max-width: 800px) 100vw, 800px\" \/><\/a><\/figure>\n\n\n\n<h2 class=\"wp-block-heading has-heading-color has-text-color has-large-font-size\" style=\"margin-top:var(--wp--preset--spacing--small);padding-right:var(--wp--preset--spacing--small);padding-left:var(--wp--preset--spacing--small)\">Hisense<\/h2>\n\n\n\n<p style=\"margin-bottom:var(--wp--preset--spacing--small);padding-right:var(--wp--preset--spacing--small);padding-left:var(--wp--preset--spacing--small)\">Hisense met la technologie intelligente \u00e0 la port\u00e9e de tous les foyers.<\/p>\n\n\n\n<div class=\"wp-block-buttons is-layout-flex wp-block-buttons-is-layout-flex\" style=\"margin-bottom:var(--wp--preset--spacing--small);padding-right:var(--wp--preset--spacing--small);padding-left:var(--wp--preset--spacing--small)\">\n<div class=\"wp-block-button\"><a class=\"wp-block-button__link wp-element-button\" href=\"https:\/\/atagbenelux.com\/fr-be\/hisense\/\">En savoir plus<\/a><\/div>\n<\/div>\n<\/div>\n<\/div>\n\n\n\n<div class=\"wp-block-column is-layout-flow wp-container-core-column-is-layout-c39a6912 wp-block-column-is-layout-flow\">\n<div class=\"wp-block-group has-border-color has-outline-border-color is-layout-flow wp-block-group-is-layout-flow\" style=\"border-width:1px;border-radius:6px;min-height:100%;padding-top:0;padding-right:0;padding-bottom:0;padding-left:0\">\n<figure class=\"wp-block-image size-full has-custom-border swt-duotone-primary is-style-default wp-duotone-unset-4\"><a href=\"https:\/\/atagbenelux.com\/fr-be\/asko\/\"><img loading=\"lazy\" decoding=\"async\" width=\"800\" height=\"800\" src=\"https:\/\/atagbenelux.com\/wp-content\/uploads\/2025\/06\/ASKO-logo.png\" alt=\"\" class=\"wp-image-10105\" style=\"border-top-left-radius:5px;border-top-right-radius:5px;border-bottom-left-radius:0px;border-bottom-right-radius:0px;aspect-ratio:4\/3;object-fit:cover\" srcset=\"https:\/\/atagbenelux.com\/wp-content\/uploads\/2025\/06\/ASKO-logo.png 800w, https:\/\/atagbenelux.com\/wp-content\/uploads\/2025\/06\/ASKO-logo-300x300.png 300w, https:\/\/atagbenelux.com\/wp-content\/uploads\/2025\/06\/ASKO-logo-150x150.png 150w, https:\/\/atagbenelux.com\/wp-content\/uploads\/2025\/06\/ASKO-logo-768x768.png 768w\" sizes=\"auto, (max-width: 800px) 100vw, 800px\" \/><\/a><\/figure>\n\n\n\n<h2 class=\"wp-block-heading has-heading-color has-text-color has-large-font-size\" style=\"margin-top:var(--wp--preset--spacing--small);padding-right:var(--wp--preset--spacing--small);padding-left:var(--wp--preset--spacing--small)\">ASKO<\/h2>\n\n\n\n<p style=\"margin-bottom:var(--wp--preset--spacing--small);padding-right:var(--wp--preset--spacing--small);padding-left:var(--wp--preset--spacing--small)\">Lave-linge et s\u00e8che-linge de haute qualit\u00e9. Inspir\u00e9s par la Scandinavie. <\/p>\n\n\n\n<div class=\"wp-block-buttons is-layout-flex wp-block-buttons-is-layout-flex\" style=\"margin-bottom:var(--wp--preset--spacing--small);padding-right:var(--wp--preset--spacing--small);padding-left:var(--wp--preset--spacing--small)\">\n<div class=\"wp-block-button\"><a class=\"wp-block-button__link wp-element-button\" href=\"https:\/\/atagbenelux.com\/fr-be\/asko\/\">En savoir plus<\/a><\/div>\n<\/div>\n<\/div>\n<\/div>\n\n\n\n<div class=\"wp-block-column is-layout-flow wp-container-core-column-is-layout-c39a6912 wp-block-column-is-layout-flow\"><\/div>\n<\/div>\n<\/div>\n<\/div>\n","protected":false},"excerpt":{"rendered":"<p>Nos marques Notre gamme de produits se compose de cinq marques fortes &#8211; ATAG, Pelgrim, ETNA, Hisense et ASKO &#8211; avec lesquelles nous offrons un large choix en termes de gamme de prix, de design et de sp\u00e9cifications. ATAG D\u00e9couvrez le chef qui sommeille en vous avec les appareils de cuisine ATAG. Pelgrim La cuisine [&hellip;]<\/p>\n","protected":false},"author":1,"featured_media":317,"parent":0,"menu_order":0,"comment_status":"closed","ping_status":"closed","template":"","meta":{"_swt_meta_header_display":false,"_swt_meta_footer_display":false,"_swt_meta_site_title_display":true,"_swt_meta_sticky_header":false,"_swt_meta_transparent_header":false,"footnotes":""},"class_list":["post-10987","page","type-page","status-publish","has-post-thumbnail","hentry"],"yoast_head":"<!-- This site is optimized with the Yoast SEO plugin v27.5 - https:\/\/yoast.com\/product\/yoast-seo-wordpress\/ -->\n<title>Marques - ATAG Benelux<\/title>\n<meta name=\"description\" content=\"Notre gamme de produits se compose de cinq marques fortes - ATAG, Pelgrim, ETNA, Hisense et ASKO - avec une solution pour chaque besoin.\" \/>\n<meta name=\"robots\" content=\"index, follow, max-snippet:-1, max-image-preview:large, max-video-preview:-1\" \/>\n<link rel=\"canonical\" href=\"https:\/\/atagbenelux.com\/fr-be\/marques\/\" \/>\n<meta property=\"og:locale\" content=\"fr_FR\" \/>\n<meta property=\"og:type\" content=\"article\" \/>\n<meta property=\"og:title\" content=\"Marques - ATAG Benelux\" \/>\n<meta property=\"og:description\" content=\"Notre gamme de produits se compose de cinq marques fortes - ATAG, Pelgrim, ETNA, Hisense et ASKO - avec une solution pour chaque besoin.\" \/>\n<meta property=\"og:url\" content=\"https:\/\/atagbenelux.com\/fr-be\/marques\/\" \/>\n<meta property=\"og:site_name\" content=\"ATAG Benelux\" \/>\n<meta property=\"article:publisher\" content=\"https:\/\/www.facebook.com\/atagnl\/\" \/>\n<meta property=\"article:modified_time\" content=\"2025-07-03T07:53:20+00:00\" \/>\n<meta property=\"og:image\" content=\"https:\/\/atagbenelux.com\/wp-content\/uploads\/2025\/05\/ATAG-Benelux-Default.png\" \/>\n\t<meta property=\"og:image:width\" content=\"1080\" \/>\n\t<meta property=\"og:image:height\" content=\"1080\" \/>\n\t<meta property=\"og:image:type\" content=\"image\/png\" \/>\n<meta name=\"twitter:card\" content=\"summary_large_image\" \/>\n<meta name=\"twitter:label1\" content=\"Dur\u00e9e de lecture est.\" \/>\n\t<meta name=\"twitter:data1\" content=\"2 minutes\" \/>\n<script type=\"application\/ld+json\" class=\"yoast-schema-graph\">{\"@context\":\"https:\\\/\\\/schema.org\",\"@graph\":[{\"@type\":\"WebPage\",\"@id\":\"https:\\\/\\\/atagbenelux.com\\\/fr-be\\\/marques\\\/\",\"url\":\"https:\\\/\\\/atagbenelux.com\\\/fr-be\\\/marques\\\/\",\"name\":\"Marques - ATAG Benelux\",\"isPartOf\":{\"@id\":\"https:\\\/\\\/atagbenelux.com\\\/fr-be\\\/#website\"},\"primaryImageOfPage\":{\"@id\":\"https:\\\/\\\/atagbenelux.com\\\/fr-be\\\/marques\\\/#primaryimage\"},\"image\":{\"@id\":\"https:\\\/\\\/atagbenelux.com\\\/fr-be\\\/marques\\\/#primaryimage\"},\"thumbnailUrl\":\"https:\\\/\\\/atagbenelux.com\\\/wp-content\\\/uploads\\\/2025\\\/05\\\/ATAG-Benelux-Default.png\",\"datePublished\":\"2025-06-16T19:55:00+00:00\",\"dateModified\":\"2025-07-03T07:53:20+00:00\",\"description\":\"Notre gamme de produits se compose de cinq marques fortes - ATAG, Pelgrim, ETNA, Hisense et ASKO - avec une solution pour chaque besoin.\",\"breadcrumb\":{\"@id\":\"https:\\\/\\\/atagbenelux.com\\\/fr-be\\\/marques\\\/#breadcrumb\"},\"inLanguage\":\"fr-BE\",\"potentialAction\":[{\"@type\":\"ReadAction\",\"target\":[\"https:\\\/\\\/atagbenelux.com\\\/fr-be\\\/marques\\\/\"]}]},{\"@type\":\"ImageObject\",\"inLanguage\":\"fr-BE\",\"@id\":\"https:\\\/\\\/atagbenelux.com\\\/fr-be\\\/marques\\\/#primaryimage\",\"url\":\"https:\\\/\\\/atagbenelux.com\\\/wp-content\\\/uploads\\\/2025\\\/05\\\/ATAG-Benelux-Default.png\",\"contentUrl\":\"https:\\\/\\\/atagbenelux.com\\\/wp-content\\\/uploads\\\/2025\\\/05\\\/ATAG-Benelux-Default.png\",\"width\":1080,\"height\":1080},{\"@type\":\"BreadcrumbList\",\"@id\":\"https:\\\/\\\/atagbenelux.com\\\/fr-be\\\/marques\\\/#breadcrumb\",\"itemListElement\":[{\"@type\":\"ListItem\",\"position\":1,\"name\":\"Home\",\"item\":\"https:\\\/\\\/atagbenelux.com\\\/fr-be\\\/\"},{\"@type\":\"ListItem\",\"position\":2,\"name\":\"Marques\"}]},{\"@type\":\"WebSite\",\"@id\":\"https:\\\/\\\/atagbenelux.com\\\/fr-be\\\/#website\",\"url\":\"https:\\\/\\\/atagbenelux.com\\\/fr-be\\\/\",\"name\":\"ATAG Benelux\",\"description\":\"Uw partner in keukenapparatuur en consumentenelektronica\",\"publisher\":{\"@id\":\"https:\\\/\\\/atagbenelux.com\\\/fr-be\\\/#organization\"},\"potentialAction\":[{\"@type\":\"SearchAction\",\"target\":{\"@type\":\"EntryPoint\",\"urlTemplate\":\"https:\\\/\\\/atagbenelux.com\\\/fr-be\\\/?s={search_term_string}\"},\"query-input\":{\"@type\":\"PropertyValueSpecification\",\"valueRequired\":true,\"valueName\":\"search_term_string\"}}],\"inLanguage\":\"fr-BE\"},{\"@type\":\"Organization\",\"@id\":\"https:\\\/\\\/atagbenelux.com\\\/fr-be\\\/#organization\",\"name\":\"ATAG Benelux\",\"url\":\"https:\\\/\\\/atagbenelux.com\\\/fr-be\\\/\",\"logo\":{\"@type\":\"ImageObject\",\"inLanguage\":\"fr-BE\",\"@id\":\"https:\\\/\\\/atagbenelux.com\\\/fr-be\\\/#\\\/schema\\\/logo\\\/image\\\/\",\"url\":\"https:\\\/\\\/atagbenelux.com\\\/wp-content\\\/uploads\\\/2025\\\/05\\\/ATAG-LOGO-BENELUX-RGB.png\",\"contentUrl\":\"https:\\\/\\\/atagbenelux.com\\\/wp-content\\\/uploads\\\/2025\\\/05\\\/ATAG-LOGO-BENELUX-RGB.png\",\"width\":2008,\"height\":768,\"caption\":\"ATAG Benelux\"},\"image\":{\"@id\":\"https:\\\/\\\/atagbenelux.com\\\/fr-be\\\/#\\\/schema\\\/logo\\\/image\\\/\"},\"sameAs\":[\"https:\\\/\\\/www.facebook.com\\\/atagnl\\\/\",\"https:\\\/\\\/www.linkedin.com\\\/company\\\/atagbenelux\",\"https:\\\/\\\/www.instagram.com\\\/atag.nl\\\/\",\"https:\\\/\\\/www.youtube.com\\\/user\\\/ATAGTV\",\"https:\\\/\\\/nl.pinterest.com\\\/atagnl\\\/\"]}]}<\/script>\n<!-- \/ Yoast SEO plugin. -->","yoast_head_json":{"title":"Marques - ATAG Benelux","description":"Notre gamme de produits se compose de cinq marques fortes - ATAG, Pelgrim, ETNA, Hisense et ASKO - avec une solution pour chaque besoin.","robots":{"index":"index","follow":"follow","max-snippet":"max-snippet:-1","max-image-preview":"max-image-preview:large","max-video-preview":"max-video-preview:-1"},"canonical":"https:\/\/atagbenelux.com\/fr-be\/marques\/","og_locale":"fr_FR","og_type":"article","og_title":"Marques - ATAG Benelux","og_description":"Notre gamme de produits se compose de cinq marques fortes - ATAG, Pelgrim, ETNA, Hisense et ASKO - avec une solution pour chaque besoin.","og_url":"https:\/\/atagbenelux.com\/fr-be\/marques\/","og_site_name":"ATAG Benelux","article_publisher":"https:\/\/www.facebook.com\/atagnl\/","article_modified_time":"2025-07-03T07:53:20+00:00","og_image":[{"width":1080,"height":1080,"url":"https:\/\/atagbenelux.com\/wp-content\/uploads\/2025\/05\/ATAG-Benelux-Default.png","type":"image\/png"}],"twitter_card":"summary_large_image","twitter_misc":{"Dur\u00e9e de lecture est.":"2 minutes"},"schema":{"@context":"https:\/\/schema.org","@graph":[{"@type":"WebPage","@id":"https:\/\/atagbenelux.com\/fr-be\/marques\/","url":"https:\/\/atagbenelux.com\/fr-be\/marques\/","name":"Marques - ATAG Benelux","isPartOf":{"@id":"https:\/\/atagbenelux.com\/fr-be\/#website"},"primaryImageOfPage":{"@id":"https:\/\/atagbenelux.com\/fr-be\/marques\/#primaryimage"},"image":{"@id":"https:\/\/atagbenelux.com\/fr-be\/marques\/#primaryimage"},"thumbnailUrl":"https:\/\/atagbenelux.com\/wp-content\/uploads\/2025\/05\/ATAG-Benelux-Default.png","datePublished":"2025-06-16T19:55:00+00:00","dateModified":"2025-07-03T07:53:20+00:00","description":"Notre gamme de produits se compose de cinq marques fortes - ATAG, Pelgrim, ETNA, Hisense et ASKO - avec une solution pour chaque besoin.","breadcrumb":{"@id":"https:\/\/atagbenelux.com\/fr-be\/marques\/#breadcrumb"},"inLanguage":"fr-BE","potentialAction":[{"@type":"ReadAction","target":["https:\/\/atagbenelux.com\/fr-be\/marques\/"]}]},{"@type":"ImageObject","inLanguage":"fr-BE","@id":"https:\/\/atagbenelux.com\/fr-be\/marques\/#primaryimage","url":"https:\/\/atagbenelux.com\/wp-content\/uploads\/2025\/05\/ATAG-Benelux-Default.png","contentUrl":"https:\/\/atagbenelux.com\/wp-content\/uploads\/2025\/05\/ATAG-Benelux-Default.png","width":1080,"height":1080},{"@type":"BreadcrumbList","@id":"https:\/\/atagbenelux.com\/fr-be\/marques\/#breadcrumb","itemListElement":[{"@type":"ListItem","position":1,"name":"Home","item":"https:\/\/atagbenelux.com\/fr-be\/"},{"@type":"ListItem","position":2,"name":"Marques"}]},{"@type":"WebSite","@id":"https:\/\/atagbenelux.com\/fr-be\/#website","url":"https:\/\/atagbenelux.com\/fr-be\/","name":"ATAG Benelux","description":"Uw partner in keukenapparatuur en consumentenelektronica","publisher":{"@id":"https:\/\/atagbenelux.com\/fr-be\/#organization"},"potentialAction":[{"@type":"SearchAction","target":{"@type":"EntryPoint","urlTemplate":"https:\/\/atagbenelux.com\/fr-be\/?s={search_term_string}"},"query-input":{"@type":"PropertyValueSpecification","valueRequired":true,"valueName":"search_term_string"}}],"inLanguage":"fr-BE"},{"@type":"Organization","@id":"https:\/\/atagbenelux.com\/fr-be\/#organization","name":"ATAG Benelux","url":"https:\/\/atagbenelux.com\/fr-be\/","logo":{"@type":"ImageObject","inLanguage":"fr-BE","@id":"https:\/\/atagbenelux.com\/fr-be\/#\/schema\/logo\/image\/","url":"https:\/\/atagbenelux.com\/wp-content\/uploads\/2025\/05\/ATAG-LOGO-BENELUX-RGB.png","contentUrl":"https:\/\/atagbenelux.com\/wp-content\/uploads\/2025\/05\/ATAG-LOGO-BENELUX-RGB.png","width":2008,"height":768,"caption":"ATAG Benelux"},"image":{"@id":"https:\/\/atagbenelux.com\/fr-be\/#\/schema\/logo\/image\/"},"sameAs":["https:\/\/www.facebook.com\/atagnl\/","https:\/\/www.linkedin.com\/company\/atagbenelux","https:\/\/www.instagram.com\/atag.nl\/","https:\/\/www.youtube.com\/user\/ATAGTV","https:\/\/nl.pinterest.com\/atagnl\/"]}]}},"_links":{"self":[{"href":"https:\/\/atagbenelux.com\/fr-be\/wp-json\/wp\/v2\/pages\/10987","targetHints":{"allow":["GET"]}}],"collection":[{"href":"https:\/\/atagbenelux.com\/fr-be\/wp-json\/wp\/v2\/pages"}],"about":[{"href":"https:\/\/atagbenelux.com\/fr-be\/wp-json\/wp\/v2\/types\/page"}],"author":[{"embeddable":true,"href":"https:\/\/atagbenelux.com\/fr-be\/wp-json\/wp\/v2\/users\/1"}],"replies":[{"embeddable":true,"href":"https:\/\/atagbenelux.com\/fr-be\/wp-json\/wp\/v2\/comments?post=10987"}],"version-history":[{"count":6,"href":"https:\/\/atagbenelux.com\/fr-be\/wp-json\/wp\/v2\/pages\/10987\/revisions"}],"predecessor-version":[{"id":12200,"href":"https:\/\/atagbenelux.com\/fr-be\/wp-json\/wp\/v2\/pages\/10987\/revisions\/12200"}],"wp:featuredmedia":[{"embeddable":true,"href":"https:\/\/atagbenelux.com\/fr-be\/wp-json\/wp\/v2\/media\/317"}],"wp:attachment":[{"href":"https:\/\/atagbenelux.com\/fr-be\/wp-json\/wp\/v2\/media?parent=10987"}],"curies":[{"name":"wp","href":"https:\/\/api.w.org\/{rel}","templated":true}]}}