{"id":10906,"date":"2025-06-30T20:05:00","date_gmt":"2025-06-30T18:05:00","guid":{"rendered":"https:\/\/atagbenelux.com\/disclaimer\/"},"modified":"2025-07-03T20:54:08","modified_gmt":"2025-07-03T18:54:08","slug":"clause-de-non-responsabilite","status":"publish","type":"page","link":"https:\/\/atagbenelux.com\/fr-be\/clause-de-non-responsabilite\/","title":{"rendered":"Clause de non-responsabilit\u00e9"},"content":{"rendered":"\n<p>ATAG Netherlands BV (<a href=\"https:\/\/etna.be\/fr\/\" target=\"_blank\" rel=\"noopener noreferrer nofollow\">ETNA<\/a>, <a href=\"https:\/\/www.pelgrim.be\/fr\/\" target=\"_blank\" rel=\"noopener noreferrer nofollow\">Pelgrim<\/a>, <a href=\"https:\/\/www.atag.be\/\" target=\"_blank\" rel=\"noopener noreferrer nofollow\">ATAG<\/a>, <a href=\"https:\/\/be.hisense.com\" target=\"_blank\" rel=\"noopener noreferrer nofollow\">Hisense<\/a> et <a href=\"https:\/\/be.asko.com\/\" target=\"_blank\" rel=\"noopener noreferrer nofollow\">ASKO<\/a>) accorde la plus grande attention \u00e0 la fiabilit\u00e9 et la rapidit\u00e9 de l\u2019information qui est offert par le biais de ses sites Internet et \/ ou des bulletins \u00e9lectroniques, mais l\u2019exactitude et l\u2019exhaustivit\u00e9 ne peuvent \u00eatre garantie. ATAG Pays-Bas n\u2019est pas responsable pour tout dommage r\u00e9sultant d\u2019erreurs ou omissions dans les informations fournies, ni des dommages r\u00e9sultant de probl\u00e8mes caus\u00e9s par ou li\u00e9s \u00e0 la diffusion d\u2019informations sur Internet. Des liens vers des sites qui ne sont pas entretenus par ATAG BV sont utilis\u00e9s \u00e0 titre purement indicatif pour le visiteur. Bien que ATAG Pays-Bas est tr\u00e8s s\u00e9lectif en ce qui concerne les sites vers lesquels il r\u00e9f\u00e8re, il ne peut pas se porter garant pour le contenue et \/ ou le fonctionnement de celui-ci, ni la qualit\u00e9 des produits et \/ ou services qui sont offerts.&nbsp;ATAG ne garantit pas que les messages ou autres messages \u00e9lectroniques sont envoy\u00e9s et trait\u00e9s dans les temps. ATAG n\u2019assume aucune responsabilit\u00e9 pour les cons\u00e9quences d\u00fb au fait que ces messages sont re\u00e7us tardivement ou pas re\u00e7us.<\/p>\n\n\n\n<p>Toutes les informations, textes, graphiques, photographies, illustrations et la conception et \/ ou sur les sites Internet, sont prot\u00e9g\u00e9s par le droit applicable. Cela implique que, sous r\u00e9serve des exceptions l\u00e9gales, il est express\u00e9ment interdit de reproduire (y compris le \u00abframing\u00bb), de distribuer ou diffuser \u00e0 des tiers, sans avoir re\u00e7u l\u2019autorisation \u00e9crite de ATAG Pays-Bas. Pour apporter un lien \u2018hyperlink\u2019 \u00e0 ce site Web, l\u2019accord \u00e9crit d\u2019ATAG Pays-Bas est n\u00e9cessaire.<\/p>\n\n\n\n<p><a href=\"https:\/\/atagbenelux.com\/fr-be\/conditions-generales\/\">Consultez les conditions g\u00e9n\u00e9rales de vente et de livraison<\/a><\/p>\n\n\n\n<p><a href=\"https:\/\/atagbenelux.com\/fr-be\/conditions-service-garantie\/\">Consultez les\u00a0conditions g\u00e9n\u00e9rales de service apr\u00e8s-vente et de garantie<\/a><\/p>\n\n\n\n<p><a href=\"https:\/\/www.atagbenelux.com\/wp-content\/uploads\/2022\/04\/clause-de-non-responsabilite-portail-des-revendeurs.pdf\" target=\"_blank\" rel=\"noreferrer noopener\">Consultez clause de non-responsabilit\u00e9 portal des revendeurs<\/a><\/p>\n\n\n\n<div style=\"height:14px\" aria-hidden=\"true\" class=\"wp-block-spacer\"><\/div>\n\n\n\n<div class=\"wp-block-buttons is-layout-flex wp-block-buttons-is-layout-flex\">\n<div class=\"wp-block-button\"><a class=\"wp-block-button__link wp-element-button\" href=\"https:\/\/atagbenelux.com\/fr-be\/declaration-de-confidentialite\/\">D\u00e9claration de confidentialit\u00e9<\/a><\/div>\n\n\n\n<div class=\"wp-block-button\"><a class=\"wp-block-button__link wp-element-button\" href=\"https:\/\/atagbenelux.com\/fr-be\/politique-de-cookies\/\">Politique de cookies<\/a><\/div>\n<\/div>\n","protected":false},"excerpt":{"rendered":"<p>ATAG Netherlands BV (ETNA, Pelgrim, ATAG, Hisense et ASKO) accorde la plus grande attention \u00e0 la fiabilit\u00e9 et la rapidit\u00e9 de l\u2019information qui est offert par le biais de ses sites Internet et \/ ou des bulletins \u00e9lectroniques, mais l\u2019exactitude et l\u2019exhaustivit\u00e9 ne peuvent \u00eatre garantie. ATAG Pays-Bas n\u2019est pas responsable pour tout dommage r\u00e9sultant [&hellip;]<\/p>\n","protected":false},"author":1,"featured_media":317,"parent":0,"menu_order":0,"comment_status":"closed","ping_status":"closed","template":"","meta":{"_swt_meta_header_display":false,"_swt_meta_footer_display":false,"_swt_meta_site_title_display":false,"_swt_meta_sticky_header":false,"_swt_meta_transparent_header":false,"footnotes":""},"class_list":["post-10906","page","type-page","status-publish","has-post-thumbnail","hentry"],"yoast_head":"<!-- This site is optimized with the Yoast SEO plugin v27.5 - https:\/\/yoast.com\/product\/yoast-seo-wordpress\/ -->\n<title>Clause de non-responsabilit\u00e9 - ATAG Benelux<\/title>\n<meta name=\"robots\" content=\"index, follow, max-snippet:-1, max-image-preview:large, max-video-preview:-1\" \/>\n<link rel=\"canonical\" href=\"https:\/\/atagbenelux.com\/fr-be\/clause-de-non-responsabilite\/\" \/>\n<meta property=\"og:locale\" content=\"fr_FR\" \/>\n<meta property=\"og:type\" content=\"article\" \/>\n<meta property=\"og:title\" content=\"Clause de non-responsabilit\u00e9 - ATAG Benelux\" \/>\n<meta property=\"og:description\" content=\"ATAG Netherlands BV (ETNA, Pelgrim, ATAG, Hisense et ASKO) accorde la plus grande attention \u00e0 la fiabilit\u00e9 et la rapidit\u00e9 de l\u2019information qui est offert par le biais de ses sites Internet et \/ ou des bulletins \u00e9lectroniques, mais l\u2019exactitude et l\u2019exhaustivit\u00e9 ne peuvent \u00eatre garantie. ATAG Pays-Bas n\u2019est pas responsable pour tout dommage r\u00e9sultant [&hellip;]\" \/>\n<meta property=\"og:url\" content=\"https:\/\/atagbenelux.com\/fr-be\/clause-de-non-responsabilite\/\" \/>\n<meta property=\"og:site_name\" content=\"ATAG Benelux\" \/>\n<meta property=\"article:publisher\" content=\"https:\/\/www.facebook.com\/atagnl\/\" \/>\n<meta property=\"article:modified_time\" content=\"2025-07-03T18:54:08+00:00\" \/>\n<meta property=\"og:image\" content=\"https:\/\/atagbenelux.com\/wp-content\/uploads\/2025\/05\/ATAG-Benelux-Default.png\" \/>\n\t<meta property=\"og:image:width\" content=\"1080\" \/>\n\t<meta property=\"og:image:height\" content=\"1080\" \/>\n\t<meta property=\"og:image:type\" content=\"image\/png\" \/>\n<meta name=\"twitter:card\" content=\"summary_large_image\" \/>\n<meta name=\"twitter:label1\" content=\"Dur\u00e9e de lecture est.\" \/>\n\t<meta name=\"twitter:data1\" content=\"2 minutes\" \/>\n<script type=\"application\/ld+json\" class=\"yoast-schema-graph\">{\"@context\":\"https:\\\/\\\/schema.org\",\"@graph\":[{\"@type\":\"WebPage\",\"@id\":\"https:\\\/\\\/atagbenelux.com\\\/fr-be\\\/clause-de-non-responsabilite\\\/\",\"url\":\"https:\\\/\\\/atagbenelux.com\\\/fr-be\\\/clause-de-non-responsabilite\\\/\",\"name\":\"Clause de non-responsabilit\u00e9 - ATAG Benelux\",\"isPartOf\":{\"@id\":\"https:\\\/\\\/atagbenelux.com\\\/fr-be\\\/#website\"},\"primaryImageOfPage\":{\"@id\":\"https:\\\/\\\/atagbenelux.com\\\/fr-be\\\/clause-de-non-responsabilite\\\/#primaryimage\"},\"image\":{\"@id\":\"https:\\\/\\\/atagbenelux.com\\\/fr-be\\\/clause-de-non-responsabilite\\\/#primaryimage\"},\"thumbnailUrl\":\"https:\\\/\\\/atagbenelux.com\\\/wp-content\\\/uploads\\\/2025\\\/05\\\/ATAG-Benelux-Default.png\",\"datePublished\":\"2025-06-30T18:05:00+00:00\",\"dateModified\":\"2025-07-03T18:54:08+00:00\",\"breadcrumb\":{\"@id\":\"https:\\\/\\\/atagbenelux.com\\\/fr-be\\\/clause-de-non-responsabilite\\\/#breadcrumb\"},\"inLanguage\":\"fr-BE\",\"potentialAction\":[{\"@type\":\"ReadAction\",\"target\":[\"https:\\\/\\\/atagbenelux.com\\\/fr-be\\\/clause-de-non-responsabilite\\\/\"]}]},{\"@type\":\"ImageObject\",\"inLanguage\":\"fr-BE\",\"@id\":\"https:\\\/\\\/atagbenelux.com\\\/fr-be\\\/clause-de-non-responsabilite\\\/#primaryimage\",\"url\":\"https:\\\/\\\/atagbenelux.com\\\/wp-content\\\/uploads\\\/2025\\\/05\\\/ATAG-Benelux-Default.png\",\"contentUrl\":\"https:\\\/\\\/atagbenelux.com\\\/wp-content\\\/uploads\\\/2025\\\/05\\\/ATAG-Benelux-Default.png\",\"width\":1080,\"height\":1080},{\"@type\":\"BreadcrumbList\",\"@id\":\"https:\\\/\\\/atagbenelux.com\\\/fr-be\\\/clause-de-non-responsabilite\\\/#breadcrumb\",\"itemListElement\":[{\"@type\":\"ListItem\",\"position\":1,\"name\":\"Home\",\"item\":\"https:\\\/\\\/atagbenelux.com\\\/fr-be\\\/\"},{\"@type\":\"ListItem\",\"position\":2,\"name\":\"Clause de non-responsabilit\u00e9\"}]},{\"@type\":\"WebSite\",\"@id\":\"https:\\\/\\\/atagbenelux.com\\\/fr-be\\\/#website\",\"url\":\"https:\\\/\\\/atagbenelux.com\\\/fr-be\\\/\",\"name\":\"ATAG Benelux\",\"description\":\"Uw partner in keukenapparatuur en consumentenelektronica\",\"publisher\":{\"@id\":\"https:\\\/\\\/atagbenelux.com\\\/fr-be\\\/#organization\"},\"potentialAction\":[{\"@type\":\"SearchAction\",\"target\":{\"@type\":\"EntryPoint\",\"urlTemplate\":\"https:\\\/\\\/atagbenelux.com\\\/fr-be\\\/?s={search_term_string}\"},\"query-input\":{\"@type\":\"PropertyValueSpecification\",\"valueRequired\":true,\"valueName\":\"search_term_string\"}}],\"inLanguage\":\"fr-BE\"},{\"@type\":\"Organization\",\"@id\":\"https:\\\/\\\/atagbenelux.com\\\/fr-be\\\/#organization\",\"name\":\"ATAG Benelux\",\"url\":\"https:\\\/\\\/atagbenelux.com\\\/fr-be\\\/\",\"logo\":{\"@type\":\"ImageObject\",\"inLanguage\":\"fr-BE\",\"@id\":\"https:\\\/\\\/atagbenelux.com\\\/fr-be\\\/#\\\/schema\\\/logo\\\/image\\\/\",\"url\":\"https:\\\/\\\/atagbenelux.com\\\/wp-content\\\/uploads\\\/2025\\\/05\\\/ATAG-LOGO-BENELUX-RGB.png\",\"contentUrl\":\"https:\\\/\\\/atagbenelux.com\\\/wp-content\\\/uploads\\\/2025\\\/05\\\/ATAG-LOGO-BENELUX-RGB.png\",\"width\":2008,\"height\":768,\"caption\":\"ATAG Benelux\"},\"image\":{\"@id\":\"https:\\\/\\\/atagbenelux.com\\\/fr-be\\\/#\\\/schema\\\/logo\\\/image\\\/\"},\"sameAs\":[\"https:\\\/\\\/www.facebook.com\\\/atagnl\\\/\",\"https:\\\/\\\/www.linkedin.com\\\/company\\\/atagbenelux\",\"https:\\\/\\\/www.instagram.com\\\/atag.nl\\\/\",\"https:\\\/\\\/www.youtube.com\\\/user\\\/ATAGTV\",\"https:\\\/\\\/nl.pinterest.com\\\/atagnl\\\/\"]}]}<\/script>\n<!-- \/ Yoast SEO plugin. -->","yoast_head_json":{"title":"Clause de non-responsabilit\u00e9 - ATAG Benelux","robots":{"index":"index","follow":"follow","max-snippet":"max-snippet:-1","max-image-preview":"max-image-preview:large","max-video-preview":"max-video-preview:-1"},"canonical":"https:\/\/atagbenelux.com\/fr-be\/clause-de-non-responsabilite\/","og_locale":"fr_FR","og_type":"article","og_title":"Clause de non-responsabilit\u00e9 - ATAG Benelux","og_description":"ATAG Netherlands BV (ETNA, Pelgrim, ATAG, Hisense et ASKO) accorde la plus grande attention \u00e0 la fiabilit\u00e9 et la rapidit\u00e9 de l\u2019information qui est offert par le biais de ses sites Internet et \/ ou des bulletins \u00e9lectroniques, mais l\u2019exactitude et l\u2019exhaustivit\u00e9 ne peuvent \u00eatre garantie. ATAG Pays-Bas n\u2019est pas responsable pour tout dommage r\u00e9sultant [&hellip;]","og_url":"https:\/\/atagbenelux.com\/fr-be\/clause-de-non-responsabilite\/","og_site_name":"ATAG Benelux","article_publisher":"https:\/\/www.facebook.com\/atagnl\/","article_modified_time":"2025-07-03T18:54:08+00:00","og_image":[{"width":1080,"height":1080,"url":"https:\/\/atagbenelux.com\/wp-content\/uploads\/2025\/05\/ATAG-Benelux-Default.png","type":"image\/png"}],"twitter_card":"summary_large_image","twitter_misc":{"Dur\u00e9e de lecture est.":"2 minutes"},"schema":{"@context":"https:\/\/schema.org","@graph":[{"@type":"WebPage","@id":"https:\/\/atagbenelux.com\/fr-be\/clause-de-non-responsabilite\/","url":"https:\/\/atagbenelux.com\/fr-be\/clause-de-non-responsabilite\/","name":"Clause de non-responsabilit\u00e9 - ATAG Benelux","isPartOf":{"@id":"https:\/\/atagbenelux.com\/fr-be\/#website"},"primaryImageOfPage":{"@id":"https:\/\/atagbenelux.com\/fr-be\/clause-de-non-responsabilite\/#primaryimage"},"image":{"@id":"https:\/\/atagbenelux.com\/fr-be\/clause-de-non-responsabilite\/#primaryimage"},"thumbnailUrl":"https:\/\/atagbenelux.com\/wp-content\/uploads\/2025\/05\/ATAG-Benelux-Default.png","datePublished":"2025-06-30T18:05:00+00:00","dateModified":"2025-07-03T18:54:08+00:00","breadcrumb":{"@id":"https:\/\/atagbenelux.com\/fr-be\/clause-de-non-responsabilite\/#breadcrumb"},"inLanguage":"fr-BE","potentialAction":[{"@type":"ReadAction","target":["https:\/\/atagbenelux.com\/fr-be\/clause-de-non-responsabilite\/"]}]},{"@type":"ImageObject","inLanguage":"fr-BE","@id":"https:\/\/atagbenelux.com\/fr-be\/clause-de-non-responsabilite\/#primaryimage","url":"https:\/\/atagbenelux.com\/wp-content\/uploads\/2025\/05\/ATAG-Benelux-Default.png","contentUrl":"https:\/\/atagbenelux.com\/wp-content\/uploads\/2025\/05\/ATAG-Benelux-Default.png","width":1080,"height":1080},{"@type":"BreadcrumbList","@id":"https:\/\/atagbenelux.com\/fr-be\/clause-de-non-responsabilite\/#breadcrumb","itemListElement":[{"@type":"ListItem","position":1,"name":"Home","item":"https:\/\/atagbenelux.com\/fr-be\/"},{"@type":"ListItem","position":2,"name":"Clause de non-responsabilit\u00e9"}]},{"@type":"WebSite","@id":"https:\/\/atagbenelux.com\/fr-be\/#website","url":"https:\/\/atagbenelux.com\/fr-be\/","name":"ATAG Benelux","description":"Uw partner in keukenapparatuur en consumentenelektronica","publisher":{"@id":"https:\/\/atagbenelux.com\/fr-be\/#organization"},"potentialAction":[{"@type":"SearchAction","target":{"@type":"EntryPoint","urlTemplate":"https:\/\/atagbenelux.com\/fr-be\/?s={search_term_string}"},"query-input":{"@type":"PropertyValueSpecification","valueRequired":true,"valueName":"search_term_string"}}],"inLanguage":"fr-BE"},{"@type":"Organization","@id":"https:\/\/atagbenelux.com\/fr-be\/#organization","name":"ATAG Benelux","url":"https:\/\/atagbenelux.com\/fr-be\/","logo":{"@type":"ImageObject","inLanguage":"fr-BE","@id":"https:\/\/atagbenelux.com\/fr-be\/#\/schema\/logo\/image\/","url":"https:\/\/atagbenelux.com\/wp-content\/uploads\/2025\/05\/ATAG-LOGO-BENELUX-RGB.png","contentUrl":"https:\/\/atagbenelux.com\/wp-content\/uploads\/2025\/05\/ATAG-LOGO-BENELUX-RGB.png","width":2008,"height":768,"caption":"ATAG Benelux"},"image":{"@id":"https:\/\/atagbenelux.com\/fr-be\/#\/schema\/logo\/image\/"},"sameAs":["https:\/\/www.facebook.com\/atagnl\/","https:\/\/www.linkedin.com\/company\/atagbenelux","https:\/\/www.instagram.com\/atag.nl\/","https:\/\/www.youtube.com\/user\/ATAGTV","https:\/\/nl.pinterest.com\/atagnl\/"]}]}},"_links":{"self":[{"href":"https:\/\/atagbenelux.com\/fr-be\/wp-json\/wp\/v2\/pages\/10906","targetHints":{"allow":["GET"]}}],"collection":[{"href":"https:\/\/atagbenelux.com\/fr-be\/wp-json\/wp\/v2\/pages"}],"about":[{"href":"https:\/\/atagbenelux.com\/fr-be\/wp-json\/wp\/v2\/types\/page"}],"author":[{"embeddable":true,"href":"https:\/\/atagbenelux.com\/fr-be\/wp-json\/wp\/v2\/users\/1"}],"replies":[{"embeddable":true,"href":"https:\/\/atagbenelux.com\/fr-be\/wp-json\/wp\/v2\/comments?post=10906"}],"version-history":[{"count":4,"href":"https:\/\/atagbenelux.com\/fr-be\/wp-json\/wp\/v2\/pages\/10906\/revisions"}],"predecessor-version":[{"id":12422,"href":"https:\/\/atagbenelux.com\/fr-be\/wp-json\/wp\/v2\/pages\/10906\/revisions\/12422"}],"wp:featuredmedia":[{"embeddable":true,"href":"https:\/\/atagbenelux.com\/fr-be\/wp-json\/wp\/v2\/media\/317"}],"wp:attachment":[{"href":"https:\/\/atagbenelux.com\/fr-be\/wp-json\/wp\/v2\/media?parent=10906"}],"curies":[{"name":"wp","href":"https:\/\/api.w.org\/{rel}","templated":true}]}}