{"id":10883,"date":"2025-06-30T19:51:00","date_gmt":"2025-06-30T17:51:00","guid":{"rendered":"https:\/\/atagbenelux.com\/cookiebeleid\/"},"modified":"2026-04-14T13:58:00","modified_gmt":"2026-04-14T11:58:00","slug":"politique-de-cookies","status":"publish","type":"page","link":"https:\/\/atagbenelux.com\/fr-be\/politique-de-cookies\/","title":{"rendered":"Politique de cookies"},"content":{"rendered":"\n<p><a href=\"https:\/\/www.atagbenelux.com\/wp-content\/uploads\/2024\/06\/Cookie-policy-BE-ENGELS-01-06-2024.pdf\" target=\"_blank\" rel=\"noopener noreferrer nofollow\">Cookie Policy BE (Anglais)<\/a><\/p>\n\n\n\n<p><a href=\"https:\/\/www.atagbenelux.com\/vl\/cookies\/\" target=\"_blank\" rel=\"noopener noreferrer nofollow\">In het Nederlands (BE)<\/a><\/p>\n\n\n\n<h2 class=\"wp-block-heading\">Que sont les cookies et \u00e0 quoi servent-ils ?<\/h2>\n\n\n\n<p>Les cookies sont de petits fichiers texte qui sont enregistr\u00e9s sur votre ordinateur, votre tablette ou votre smartphone lorsque vous visitez un site web. Ces fichiers sont renvoy\u00e9s \u00e0 nos serveurs lors de votre prochaine visite. Les cookies contribuent au bon fonctionnement de nos sites web, m\u00e9morisent vos pr\u00e9f\u00e9rences et nous permettent de mieux comprendre l\u2019utilisation de nos sites web. Les cookies ne peuvent pas endommager votre ordinateur ni vos fichiers.<\/p>\n\n\n\n<h2 class=\"wp-block-heading\">Qui est responsable ?<\/h2>\n\n\n\n<p>Ces sites web sont g\u00e9r\u00e9s par :<\/p>\n\n\n\n<p><strong>ATAG Benelux B.V.<\/strong><br>Responsable du traitement des donn\u00e9es \u00e0 caract\u00e8re personnel tel que d\u00e9crit dans la pr\u00e9sente politique en mati\u00e8re de cookies.<br>Vous trouverez plus d\u2019informations sur la mani\u00e8re dont nous traitons les donn\u00e9es \u00e0 caract\u00e8re personnel dans notre politique de confidentialit\u00e9.<\/p>\n\n\n\n<h2 class=\"wp-block-heading\">Types de cookies<\/h2>\n\n\n\n<p>Les cookies peuvent remplir diff\u00e9rentes fonctions. ATAG Benelux B.V. utilise les cat\u00e9gories de cookies et technologies similaires \u00e9num\u00e9r\u00e9es ci-dessous.<\/p>\n\n\n\n<h3 class=\"wp-block-heading\">Cookies essentiels<\/h3>\n\n\n\n<p>Les cookies essentiels sont indispensables au bon fonctionnement et \u00e0 la s\u00e9curit\u00e9 de nos sites web. Sans ces cookies, certaines parties du site web ne fonctionnent pas ou ne fonctionnent pas correctement.<\/p>\n\n\n\n<p>Ces cookies sont notamment utilis\u00e9s pour :<\/p>\n\n\n\n<ul class=\"wp-block-list\">\n<li>l\u2019enregistrement de vos pr\u00e9f\u00e9rences en mati\u00e8re de cookies<\/li>\n\n\n\n<li>s\u00e9curit\u00e9 technique<\/li>\n\n\n\n<li>le chargement du contenu des sites web via des r\u00e9seaux de diffusion de contenu<\/li>\n<\/ul>\n\n\n\n<p>\u27a1\ufe0f Aucun consentement n\u2019est requis pour les cookies essentiels.<\/p>\n\n\n\n<h3 class=\"wp-block-heading\">Cookies fonctionnels<\/h3>\n\n\n\n<p>Les cookies fonctionnels garantissent le bon fonctionnement et la convivialit\u00e9 de nos sites web. Ils nous permettent notamment :<\/p>\n\n\n\n<ul class=\"wp-block-list\">\n<li>proposer des formulaires, des fonctionnalit\u00e9s de chat et des services d\u2019assistance<\/li>\n\n\n\n<li>traiter les paiements<\/li>\n\n\n\n<li>Afficher les avis<\/li>\n\n\n\n<li>afficher des vid\u00e9os et des cartes<\/li>\n\n\n\n<li>effectuer la d\u00e9tection des erreurs et la surveillance technique<\/li>\n<\/ul>\n\n\n\n<p>Sans ces cookies, le site web risque de ne pas fonctionner correctement.<\/p>\n\n\n\n<h3 class=\"wp-block-heading\">Cookies analytiques<\/h3>\n\n\n\n<p>Les cookies analytiques sont utilis\u00e9s pour mieux comprendre l\u2019utilisation de nos sites web. Ces informations nous permettent d\u2019am\u00e9liorer les performances, le contenu et la convivialit\u00e9 de nos sites web.<\/p>\n\n\n\n<p>Exemples de donn\u00e9es que nous analysons :<\/p>\n\n\n\n<ul class=\"wp-block-list\">\n<li>pages consult\u00e9es<\/li>\n\n\n\n<li>dur\u00e9e d\u2019utilisation<\/li>\n\n\n\n<li>interactions sur le site web<\/li>\n<\/ul>\n\n\n\n<p>Dans la mesure du possible, ces donn\u00e9es sont rendues anonymes.<\/p>\n\n\n\n<h3 class=\"wp-block-heading\">Cookies de marketing et de publicit\u00e9<\/h3>\n\n\n\n<p>Les cookies marketing sont utilis\u00e9s pour mieux adapter les publicit\u00e9s, le contenu et les communications \u00e0 vos centres d\u2019int\u00e9r\u00eat. Ces cookies nous permettent, ainsi qu\u2019\u00e0 des tiers, de suivre votre comportement de navigation sur nos sites web et en dehors de ceux-ci.<\/p>\n\n\n\n<p>Ces cookies sont utilis\u00e9s pour :<\/p>\n\n\n\n<ul class=\"wp-block-list\">\n<li>publicit\u00e9s personnalis\u00e9es<\/li>\n\n\n\n<li>remarketing et reciblage<\/li>\n\n\n\n<li>l\u2019\u00e9valuation des campagnes marketing<\/li>\n\n\n\n<li>optimiser notre communication<\/li>\n<\/ul>\n\n\n\n<p>\u27a1\ufe0f Les cookies marketing ne sont install\u00e9s que si vous y avez consenti.<\/p>\n\n\n\n<h2 class=\"wp-block-heading\">Cookies de tiers<\/h2>\n\n\n\n<p>Les cookies peuvent \u00eatre plac\u00e9s par diff\u00e9rentes entit\u00e9s :<\/p>\n\n\n\n<ul class=\"wp-block-list\">\n<li><strong>Cookies propri\u00e9taires<\/strong><br>Cookies plac\u00e9s directement par ATAG Benelux B.V.<\/li>\n\n\n\n<li><strong>Cookies tiers<\/strong><br>Cookies plac\u00e9s par des tiers, tels que des services d\u2019analyse, de publicit\u00e9 ou de r\u00e9seaux sociaux qui fournissent des fonctionnalit\u00e9s sur nos sites web.<\/li>\n<\/ul>\n\n\n\n<p>Des accords appropri\u00e9s ont \u00e9t\u00e9 conclus avec ces parties concernant le traitement des donn\u00e9es.<\/p>\n\n\n\n<h2 class=\"wp-block-heading\">Transfert vers des pays hors de l\u2019UE<\/h2>\n\n\n\n<p>Certains des services utilis\u00e9s traitent des donn\u00e9es en dehors de l\u2019Espace \u00e9conomique europ\u00e9en, notamment aux \u00c9tats-Unis. Dans ces cas, nous mettons en place des mesures de protection appropri\u00e9es, telles que des clauses contractuelles types, conform\u00e9ment au RGPD.<\/p>\n\n\n\n<h2 class=\"wp-block-heading\">D\u00e9lais de conservation<\/h2>\n\n\n\n<p>Les cookies et les technologies similaires sont :<\/p>\n\n\n\n<ul class=\"wp-block-list\">\n<li>supprim\u00e9s \u00e0 la fin d\u2019une session, ou<\/li>\n\n\n\n<li>conserv\u00e9es pendant une certaine p\u00e9riode (par exemple, de quelques mois \u00e0 environ 24 mois au maximum), ou<\/li>\n\n\n\n<li>conserv\u00e9es aussi longtemps que cela est n\u00e9cessaire aux fins pour lesquelles elles ont \u00e9t\u00e9 collect\u00e9es ou pour respecter les obligations l\u00e9gales.<\/li>\n<\/ul>\n\n\n\n<p>Les dur\u00e9es de conservation exactes varient selon les cookies et les services.<\/p>\n\n\n\n<h2 class=\"wp-block-heading\">G\u00e9rer vos pr\u00e9f\u00e9rences<\/h2>\n\n\n\n<p>Lors de votre premi\u00e8re visite sur nos sites web, nous vous demandons votre consentement pour l\u2019utilisation de cookies qui ne sont pas strictement n\u00e9cessaires.<\/p>\n\n\n\n<p>Vous pouvez&nbsp;<strong>modifier ou retirer<\/strong>&nbsp;votre consentement&nbsp;<strong>\u00e0 tout moment<\/strong>&nbsp;via les param\u00e8tres des cookies. Vous les trouverez dans le pied de page du site web.<br>Ces param\u00e8tres vous permettent \u00e9galement de consulter un aper\u00e7u actualis\u00e9 et d\u00e9taill\u00e9 de tous les cookies utilis\u00e9s, y compris leurs finalit\u00e9s, leurs dur\u00e9es de conservation, les responsables du traitement et les transferts vers des pays tiers.<\/p>\n\n\n\n<h2 class=\"wp-block-heading\">Domaines d\u2019application<\/h2>\n\n\n\n<p>La pr\u00e9sente politique en mati\u00e8re de cookies s\u2019applique \u00e0 tous les sites web et domaines g\u00e9r\u00e9s par ATAG Benelux B.V.<br>Votre consentement s\u2019applique aux domaines suivants :<\/p>\n\n\n\n<ul class=\"wp-block-list\">\n<li>evenements-culinaires.atag.be<\/li>\n\n\n\n<li>culinaire-events.atag.be<\/li>\n\n\n\n<li>www.atag.nl<\/li>\n\n\n\n<li>www.atag.be<\/li>\n\n\n\n<li>support.atag.nl<\/li>\n\n\n\n<li>support.atag.be<\/li>\n\n\n\n<li>support.etna.nl<\/li>\n\n\n\n<li>support.etna.be<\/li>\n\n\n\n<li>support.pelgrim.nl<\/li>\n\n\n\n<li>support.pelgrim.be<\/li>\n\n\n\n<li>support.hisense.nl<\/li>\n\n\n\n<li>support.hisense.be<\/li>\n\n\n\n<li>support.asko.nl<\/li>\n\n\n\n<li>support.asko.be<\/li>\n\n\n\n<li>atagbenelux.com<\/li>\n\n\n\n<li>formulaire de signalement de panne.atagbenelux.com<\/li>\n\n\n\n<li>www.etna.nl<\/li>\n\n\n\n<li>www.etna.be<\/li>\n\n\n\n<li>pelgrim.nl<\/li>\n\n\n\n<li>pelgrim.be<\/li>\n<\/ul>\n\n\n\n<h2 class=\"wp-block-heading\"><\/h2>\n\n\n\n<h2 class=\"wp-block-heading\">Questions<\/h2>\n\n\n\n<p>Vous avez des questions concernant cette politique en mati\u00e8re de cookies ou votre consentement ? N\u2019h\u00e9sitez pas \u00e0 nous contacter en utilisant les coordonn\u00e9es indiqu\u00e9es dans la politique de confidentialit\u00e9.<\/p>\n\n\n\n<div\n  class=\"uc-embed\"\n  uc-embed-type=\"category\">\n<\/div>\n\n\n\n<div style=\"height:14px\" aria-hidden=\"true\" class=\"wp-block-spacer\"><\/div>\n\n\n\n<div class=\"wp-block-buttons is-layout-flex wp-block-buttons-is-layout-flex\">\n<div class=\"wp-block-button\"><a class=\"wp-block-button__link wp-element-button\" href=\"https:\/\/atagbenelux.com\/fr-be\/clause-de-non-responsabilite\/\">Clause de non-responsabilit\u00e9<\/a><\/div>\n\n\n\n<div class=\"wp-block-button\"><a class=\"wp-block-button__link wp-element-button\" href=\"https:\/\/atagbenelux.com\/fr-be\/declaration-de-confidentialite\/\">D\u00e9claration de confidentialit\u00e9<\/a><\/div>\n<\/div>\n\n\n\n<p><\/p>\n","protected":false},"excerpt":{"rendered":"<p>Cookie Policy BE (Anglais) In het Nederlands (BE) Que sont les cookies et \u00e0 quoi servent-ils ? Les cookies sont de petits fichiers texte qui sont enregistr\u00e9s sur votre ordinateur, votre tablette ou votre smartphone lorsque vous visitez un site web. Ces fichiers sont renvoy\u00e9s \u00e0 nos serveurs lors de votre prochaine visite. Les cookies [&hellip;]<\/p>\n","protected":false},"author":1,"featured_media":317,"parent":0,"menu_order":0,"comment_status":"closed","ping_status":"closed","template":"","meta":{"_swt_meta_header_display":false,"_swt_meta_footer_display":false,"_swt_meta_site_title_display":false,"_swt_meta_sticky_header":false,"_swt_meta_transparent_header":false,"footnotes":""},"class_list":["post-10883","page","type-page","status-publish","has-post-thumbnail","hentry"],"yoast_head":"<!-- This site is optimized with the Yoast SEO plugin v27.5 - https:\/\/yoast.com\/product\/yoast-seo-wordpress\/ -->\n<title>Politique de cookies - ATAG Benelux<\/title>\n<meta name=\"robots\" content=\"index, follow, max-snippet:-1, max-image-preview:large, max-video-preview:-1\" \/>\n<link rel=\"canonical\" href=\"https:\/\/atagbenelux.com\/fr-be\/politique-de-cookies\/\" \/>\n<meta property=\"og:locale\" content=\"fr_FR\" \/>\n<meta property=\"og:type\" content=\"article\" \/>\n<meta property=\"og:title\" content=\"Politique de cookies - ATAG Benelux\" \/>\n<meta property=\"og:description\" content=\"Cookie Policy BE (Anglais) In het Nederlands (BE) Que sont les cookies et \u00e0 quoi servent-ils ? Les cookies sont de petits fichiers texte qui sont enregistr\u00e9s sur votre ordinateur, votre tablette ou votre smartphone lorsque vous visitez un site web. Ces fichiers sont renvoy\u00e9s \u00e0 nos serveurs lors de votre prochaine visite. Les cookies [&hellip;]\" \/>\n<meta property=\"og:url\" content=\"https:\/\/atagbenelux.com\/fr-be\/politique-de-cookies\/\" \/>\n<meta property=\"og:site_name\" content=\"ATAG Benelux\" \/>\n<meta property=\"article:publisher\" content=\"https:\/\/www.facebook.com\/atagnl\/\" \/>\n<meta property=\"article:modified_time\" content=\"2026-04-14T11:58:00+00:00\" \/>\n<meta property=\"og:image\" content=\"https:\/\/atagbenelux.com\/wp-content\/uploads\/2025\/05\/ATAG-Benelux-Default.png\" \/>\n\t<meta property=\"og:image:width\" content=\"1080\" \/>\n\t<meta property=\"og:image:height\" content=\"1080\" \/>\n\t<meta property=\"og:image:type\" content=\"image\/png\" \/>\n<meta name=\"twitter:card\" content=\"summary_large_image\" \/>\n<meta name=\"twitter:label1\" content=\"Dur\u00e9e de lecture est.\" \/>\n\t<meta name=\"twitter:data1\" content=\"5 minutes\" \/>\n<script type=\"application\/ld+json\" class=\"yoast-schema-graph\">{\"@context\":\"https:\\\/\\\/schema.org\",\"@graph\":[{\"@type\":\"WebPage\",\"@id\":\"https:\\\/\\\/atagbenelux.com\\\/fr-be\\\/politique-de-cookies\\\/\",\"url\":\"https:\\\/\\\/atagbenelux.com\\\/fr-be\\\/politique-de-cookies\\\/\",\"name\":\"Politique de cookies - ATAG Benelux\",\"isPartOf\":{\"@id\":\"https:\\\/\\\/atagbenelux.com\\\/fr-be\\\/#website\"},\"primaryImageOfPage\":{\"@id\":\"https:\\\/\\\/atagbenelux.com\\\/fr-be\\\/politique-de-cookies\\\/#primaryimage\"},\"image\":{\"@id\":\"https:\\\/\\\/atagbenelux.com\\\/fr-be\\\/politique-de-cookies\\\/#primaryimage\"},\"thumbnailUrl\":\"https:\\\/\\\/atagbenelux.com\\\/wp-content\\\/uploads\\\/2025\\\/05\\\/ATAG-Benelux-Default.png\",\"datePublished\":\"2025-06-30T17:51:00+00:00\",\"dateModified\":\"2026-04-14T11:58:00+00:00\",\"breadcrumb\":{\"@id\":\"https:\\\/\\\/atagbenelux.com\\\/fr-be\\\/politique-de-cookies\\\/#breadcrumb\"},\"inLanguage\":\"fr-BE\",\"potentialAction\":[{\"@type\":\"ReadAction\",\"target\":[\"https:\\\/\\\/atagbenelux.com\\\/fr-be\\\/politique-de-cookies\\\/\"]}]},{\"@type\":\"ImageObject\",\"inLanguage\":\"fr-BE\",\"@id\":\"https:\\\/\\\/atagbenelux.com\\\/fr-be\\\/politique-de-cookies\\\/#primaryimage\",\"url\":\"https:\\\/\\\/atagbenelux.com\\\/wp-content\\\/uploads\\\/2025\\\/05\\\/ATAG-Benelux-Default.png\",\"contentUrl\":\"https:\\\/\\\/atagbenelux.com\\\/wp-content\\\/uploads\\\/2025\\\/05\\\/ATAG-Benelux-Default.png\",\"width\":1080,\"height\":1080},{\"@type\":\"BreadcrumbList\",\"@id\":\"https:\\\/\\\/atagbenelux.com\\\/fr-be\\\/politique-de-cookies\\\/#breadcrumb\",\"itemListElement\":[{\"@type\":\"ListItem\",\"position\":1,\"name\":\"Home\",\"item\":\"https:\\\/\\\/atagbenelux.com\\\/fr-be\\\/\"},{\"@type\":\"ListItem\",\"position\":2,\"name\":\"Politique de cookies\"}]},{\"@type\":\"WebSite\",\"@id\":\"https:\\\/\\\/atagbenelux.com\\\/fr-be\\\/#website\",\"url\":\"https:\\\/\\\/atagbenelux.com\\\/fr-be\\\/\",\"name\":\"ATAG Benelux\",\"description\":\"Uw partner in keukenapparatuur en consumentenelektronica\",\"publisher\":{\"@id\":\"https:\\\/\\\/atagbenelux.com\\\/fr-be\\\/#organization\"},\"potentialAction\":[{\"@type\":\"SearchAction\",\"target\":{\"@type\":\"EntryPoint\",\"urlTemplate\":\"https:\\\/\\\/atagbenelux.com\\\/fr-be\\\/?s={search_term_string}\"},\"query-input\":{\"@type\":\"PropertyValueSpecification\",\"valueRequired\":true,\"valueName\":\"search_term_string\"}}],\"inLanguage\":\"fr-BE\"},{\"@type\":\"Organization\",\"@id\":\"https:\\\/\\\/atagbenelux.com\\\/fr-be\\\/#organization\",\"name\":\"ATAG Benelux\",\"url\":\"https:\\\/\\\/atagbenelux.com\\\/fr-be\\\/\",\"logo\":{\"@type\":\"ImageObject\",\"inLanguage\":\"fr-BE\",\"@id\":\"https:\\\/\\\/atagbenelux.com\\\/fr-be\\\/#\\\/schema\\\/logo\\\/image\\\/\",\"url\":\"https:\\\/\\\/atagbenelux.com\\\/wp-content\\\/uploads\\\/2025\\\/05\\\/ATAG-LOGO-BENELUX-RGB.png\",\"contentUrl\":\"https:\\\/\\\/atagbenelux.com\\\/wp-content\\\/uploads\\\/2025\\\/05\\\/ATAG-LOGO-BENELUX-RGB.png\",\"width\":2008,\"height\":768,\"caption\":\"ATAG Benelux\"},\"image\":{\"@id\":\"https:\\\/\\\/atagbenelux.com\\\/fr-be\\\/#\\\/schema\\\/logo\\\/image\\\/\"},\"sameAs\":[\"https:\\\/\\\/www.facebook.com\\\/atagnl\\\/\",\"https:\\\/\\\/www.linkedin.com\\\/company\\\/atagbenelux\",\"https:\\\/\\\/www.instagram.com\\\/atag.nl\\\/\",\"https:\\\/\\\/www.youtube.com\\\/user\\\/ATAGTV\",\"https:\\\/\\\/nl.pinterest.com\\\/atagnl\\\/\"]}]}<\/script>\n<!-- \/ Yoast SEO plugin. -->","yoast_head_json":{"title":"Politique de cookies - ATAG Benelux","robots":{"index":"index","follow":"follow","max-snippet":"max-snippet:-1","max-image-preview":"max-image-preview:large","max-video-preview":"max-video-preview:-1"},"canonical":"https:\/\/atagbenelux.com\/fr-be\/politique-de-cookies\/","og_locale":"fr_FR","og_type":"article","og_title":"Politique de cookies - ATAG Benelux","og_description":"Cookie Policy BE (Anglais) In het Nederlands (BE) Que sont les cookies et \u00e0 quoi servent-ils ? Les cookies sont de petits fichiers texte qui sont enregistr\u00e9s sur votre ordinateur, votre tablette ou votre smartphone lorsque vous visitez un site web. Ces fichiers sont renvoy\u00e9s \u00e0 nos serveurs lors de votre prochaine visite. Les cookies [&hellip;]","og_url":"https:\/\/atagbenelux.com\/fr-be\/politique-de-cookies\/","og_site_name":"ATAG Benelux","article_publisher":"https:\/\/www.facebook.com\/atagnl\/","article_modified_time":"2026-04-14T11:58:00+00:00","og_image":[{"width":1080,"height":1080,"url":"https:\/\/atagbenelux.com\/wp-content\/uploads\/2025\/05\/ATAG-Benelux-Default.png","type":"image\/png"}],"twitter_card":"summary_large_image","twitter_misc":{"Dur\u00e9e de lecture est.":"5 minutes"},"schema":{"@context":"https:\/\/schema.org","@graph":[{"@type":"WebPage","@id":"https:\/\/atagbenelux.com\/fr-be\/politique-de-cookies\/","url":"https:\/\/atagbenelux.com\/fr-be\/politique-de-cookies\/","name":"Politique de cookies - ATAG Benelux","isPartOf":{"@id":"https:\/\/atagbenelux.com\/fr-be\/#website"},"primaryImageOfPage":{"@id":"https:\/\/atagbenelux.com\/fr-be\/politique-de-cookies\/#primaryimage"},"image":{"@id":"https:\/\/atagbenelux.com\/fr-be\/politique-de-cookies\/#primaryimage"},"thumbnailUrl":"https:\/\/atagbenelux.com\/wp-content\/uploads\/2025\/05\/ATAG-Benelux-Default.png","datePublished":"2025-06-30T17:51:00+00:00","dateModified":"2026-04-14T11:58:00+00:00","breadcrumb":{"@id":"https:\/\/atagbenelux.com\/fr-be\/politique-de-cookies\/#breadcrumb"},"inLanguage":"fr-BE","potentialAction":[{"@type":"ReadAction","target":["https:\/\/atagbenelux.com\/fr-be\/politique-de-cookies\/"]}]},{"@type":"ImageObject","inLanguage":"fr-BE","@id":"https:\/\/atagbenelux.com\/fr-be\/politique-de-cookies\/#primaryimage","url":"https:\/\/atagbenelux.com\/wp-content\/uploads\/2025\/05\/ATAG-Benelux-Default.png","contentUrl":"https:\/\/atagbenelux.com\/wp-content\/uploads\/2025\/05\/ATAG-Benelux-Default.png","width":1080,"height":1080},{"@type":"BreadcrumbList","@id":"https:\/\/atagbenelux.com\/fr-be\/politique-de-cookies\/#breadcrumb","itemListElement":[{"@type":"ListItem","position":1,"name":"Home","item":"https:\/\/atagbenelux.com\/fr-be\/"},{"@type":"ListItem","position":2,"name":"Politique de cookies"}]},{"@type":"WebSite","@id":"https:\/\/atagbenelux.com\/fr-be\/#website","url":"https:\/\/atagbenelux.com\/fr-be\/","name":"ATAG Benelux","description":"Uw partner in keukenapparatuur en consumentenelektronica","publisher":{"@id":"https:\/\/atagbenelux.com\/fr-be\/#organization"},"potentialAction":[{"@type":"SearchAction","target":{"@type":"EntryPoint","urlTemplate":"https:\/\/atagbenelux.com\/fr-be\/?s={search_term_string}"},"query-input":{"@type":"PropertyValueSpecification","valueRequired":true,"valueName":"search_term_string"}}],"inLanguage":"fr-BE"},{"@type":"Organization","@id":"https:\/\/atagbenelux.com\/fr-be\/#organization","name":"ATAG Benelux","url":"https:\/\/atagbenelux.com\/fr-be\/","logo":{"@type":"ImageObject","inLanguage":"fr-BE","@id":"https:\/\/atagbenelux.com\/fr-be\/#\/schema\/logo\/image\/","url":"https:\/\/atagbenelux.com\/wp-content\/uploads\/2025\/05\/ATAG-LOGO-BENELUX-RGB.png","contentUrl":"https:\/\/atagbenelux.com\/wp-content\/uploads\/2025\/05\/ATAG-LOGO-BENELUX-RGB.png","width":2008,"height":768,"caption":"ATAG Benelux"},"image":{"@id":"https:\/\/atagbenelux.com\/fr-be\/#\/schema\/logo\/image\/"},"sameAs":["https:\/\/www.facebook.com\/atagnl\/","https:\/\/www.linkedin.com\/company\/atagbenelux","https:\/\/www.instagram.com\/atag.nl\/","https:\/\/www.youtube.com\/user\/ATAGTV","https:\/\/nl.pinterest.com\/atagnl\/"]}]}},"_links":{"self":[{"href":"https:\/\/atagbenelux.com\/fr-be\/wp-json\/wp\/v2\/pages\/10883","targetHints":{"allow":["GET"]}}],"collection":[{"href":"https:\/\/atagbenelux.com\/fr-be\/wp-json\/wp\/v2\/pages"}],"about":[{"href":"https:\/\/atagbenelux.com\/fr-be\/wp-json\/wp\/v2\/types\/page"}],"author":[{"embeddable":true,"href":"https:\/\/atagbenelux.com\/fr-be\/wp-json\/wp\/v2\/users\/1"}],"replies":[{"embeddable":true,"href":"https:\/\/atagbenelux.com\/fr-be\/wp-json\/wp\/v2\/comments?post=10883"}],"version-history":[{"count":5,"href":"https:\/\/atagbenelux.com\/fr-be\/wp-json\/wp\/v2\/pages\/10883\/revisions"}],"predecessor-version":[{"id":13516,"href":"https:\/\/atagbenelux.com\/fr-be\/wp-json\/wp\/v2\/pages\/10883\/revisions\/13516"}],"wp:featuredmedia":[{"embeddable":true,"href":"https:\/\/atagbenelux.com\/fr-be\/wp-json\/wp\/v2\/media\/317"}],"wp:attachment":[{"href":"https:\/\/atagbenelux.com\/fr-be\/wp-json\/wp\/v2\/media?parent=10883"}],"curies":[{"name":"wp","href":"https:\/\/api.w.org\/{rel}","templated":true}]}}